{"id":1032,"date":"2024-09-29T14:08:53","date_gmt":"2024-09-29T14:08:53","guid":{"rendered":"https:\/\/devrirobotik.com\/?page_id=1032"},"modified":"2025-04-30T12:43:11","modified_gmt":"2025-04-30T12:43:11","slug":"videolar","status":"publish","type":"page","link":"https:\/\/devrirobotik.com\/index.php\/videolar\/","title":{"rendered":"Videolar"},"content":{"rendered":"\t\t<div data-elementor-type=\"wp-page\" data-elementor-id=\"1032\" class=\"elementor elementor-1032\">\n\t\t\t\t<div class=\"elementor-element elementor-element-814447b e-flex e-con-boxed e-con e-parent\" data-id=\"814447b\" data-element_type=\"container\" data-settings=\"{&quot;background_background&quot;:&quot;classic&quot;}\">\n\t\t\t\t\t<div class=\"e-con-inner\">\n\t\t\t\t<div class=\"elementor-element elementor-element-23c36e1 elementor-widget elementor-widget-heading\" data-id=\"23c36e1\" data-element_type=\"widget\" data-widget_type=\"heading.default\">\n\t\t\t\t<div class=\"elementor-widget-container\">\n\t\t\t<h2 class=\"elementor-heading-title elementor-size-default\"><h3 style=\"font-family: 'Roboto', sans-serif;font-size: 42px;margin-top: -50px\"><strong style=\"color: #c4922e\">C-Ground<\/strong> Manuelleri<\/h3><\/h2>\t\t<\/div>\n\t\t\t\t<\/div>\n\t\t\t\t\t<\/div>\n\t\t\t\t<\/div>\n\t\t<div class=\"elementor-element elementor-element-94b9c96 e-flex e-con-boxed e-con e-parent\" data-id=\"94b9c96\" data-element_type=\"container\">\n\t\t\t\t\t<div class=\"e-con-inner\">\n\t\t<div class=\"elementor-element elementor-element-a143d16 e-con-full e-flex e-con e-child\" data-id=\"a143d16\" data-element_type=\"container\">\n\t\t\t\t<div class=\"elementor-element elementor-element-4565b73 elementor-widget elementor-widget-heading\" data-id=\"4565b73\" data-element_type=\"widget\" data-widget_type=\"heading.default\">\n\t\t\t\t<div class=\"elementor-widget-container\">\n\t\t\t<h2 class=\"elementor-heading-title elementor-size-default\"><h2 style=\"font-weight: bold;text-align: center;font-family: Arial, sans-serif;margin-bottom: 30px\">\n    <span style=\"color: #c4922e\">Cihaz<\/span> \n    <span style=\"color: #000\">Kullan\u0131m Manueli Videosu<\/span>\n<\/h2>\n<\/h2>\t\t<\/div>\n\t\t\t\t<\/div>\n\t\t\t\t<div class=\"elementor-element elementor-element-0cd11e3 elementor-widget__width-initial elementor-widget elementor-widget-html\" data-id=\"0cd11e3\" data-element_type=\"widget\" data-widget_type=\"html.default\">\n\t\t\t\t<div class=\"elementor-widget-container\">\n\t\t\t<script>\r\ndocument.addEventListener(\"DOMContentLoaded\", function () {\r\n    const iframeElement = document.querySelector(\"iframe#youtube-video-1\");\r\n    let previousLang = document.documentElement.getAttribute(\"lang\");\r\n\r\n    function updateIframeLanguage() {\r\n        const htmlLang = document.documentElement.getAttribute(\"lang\");\r\n\r\n        if (htmlLang && iframeElement && htmlLang !== previousLang) {\r\n            let newSrc;\r\n            if (htmlLang === 'auto') {\r\n                newSrc = 'https:\/\/www.youtube.com\/embed\/WzvIY8Gb8eE?autoplay=1&rel=0';\r\n            } else if (htmlLang === 'en') {\r\n                newSrc = 'https:\/\/www.youtube.com\/embed\/qTOaHibahcs?autoplay=1&rel=0';\r\n                \r\n            } else if (htmlLang === 'az') {\r\n                newSrc = 'https:\/\/www.youtube.com\/embed\/qs3NRq4TYBU?autoplay=1&rel=0';\r\n            } else {\r\n                newSrc = 'https:\/\/www.youtube.com\/embed\/qTOaHibahcs?autoplay=1&rel=0'; \/\/ Varsay\u0131lan \u0130ngilizce\r\n            }\r\n            iframeElement.setAttribute(\"src\", newSrc);\r\n            previousLang = htmlLang;\r\n        }\r\n    }\r\n\r\n    setInterval(updateIframeLanguage, 1000);\r\n    updateIframeLanguage();\r\n});\r\n<\/script>\r\n\r\n<iframe id=\"youtube-video-1\" src=\"https:\/\/www.youtube.com\/embed\/WzvIY8Gb8eE?autoplay=1&rel=0\" style=\"width: 100%; height: 70vh; border: none;\"><\/iframe>\r\n\t\t<\/div>\n\t\t\t\t<\/div>\n\t\t\t\t<\/div>\n\t\t\t\t\t<\/div>\n\t\t\t\t<\/div>\n\t\t<div class=\"elementor-element elementor-element-7b1c6c1 e-flex e-con-boxed e-con e-parent\" data-id=\"7b1c6c1\" data-element_type=\"container\">\n\t\t\t\t\t<div class=\"e-con-inner\">\n\t\t<div class=\"elementor-element elementor-element-61c6f37 e-con-full e-flex e-con e-child\" data-id=\"61c6f37\" data-element_type=\"container\">\n\t\t\t\t<div class=\"elementor-element elementor-element-b418fab elementor-widget elementor-widget-heading\" data-id=\"b418fab\" data-element_type=\"widget\" data-widget_type=\"heading.default\">\n\t\t\t\t<div class=\"elementor-widget-container\">\n\t\t\t<h2 class=\"elementor-heading-title elementor-size-default\"><h2 style=\"font-weight: bold;text-align: center;font-family: Arial, sans-serif;margin: 40px 0 30px 0\">\n    <span style=\"color: #c4922e\">Baz Aray\u00fcz<\/span> \n    <span style=\"color: #000\">Kullan\u0131m Manueli Videosu<\/span>\n<\/h2>\n<\/h2>\t\t<\/div>\n\t\t\t\t<\/div>\n\t\t\t\t<div class=\"elementor-element elementor-element-7da6096 elementor-widget__width-initial elementor-widget elementor-widget-html\" data-id=\"7da6096\" data-element_type=\"widget\" data-widget_type=\"html.default\">\n\t\t\t\t<div class=\"elementor-widget-container\">\n\t\t\t<script>\r\ndocument.addEventListener(\"DOMContentLoaded\", function () {\r\n    const iframeElement = document.querySelector(\"iframe#youtube-video-2\");\r\n    let previousLang = document.documentElement.getAttribute(\"lang\");\r\n\r\n    function updateIframeLanguage() {\r\n        const htmlLang = document.documentElement.getAttribute(\"lang\");\r\n\r\n        if (htmlLang && iframeElement && htmlLang !== previousLang) {\r\n            let newSrc;\r\n            if (htmlLang === 'auto') {\r\n                newSrc = 'https:\/\/www.youtube.com\/embed\/NJ_SYUEZCKQ?autoplay=1&rel=0';\r\n            } else if (htmlLang === 'en') {\r\n                newSrc = 'https:\/\/www.youtube.com\/embed\/ObMcTTq12dg?autoplay=1&rel=0';\r\n            } else if (htmlLang === 'az') {\r\n                newSrc = 'https:\/\/www.youtube.com\/embed\/kfMmDyWRP_8?autoplay=1&rel=0';\r\n            } else {\r\n                newSrc = 'https:\/\/www.youtube.com\/embed\/ObMcTTq12dg?autoplay=1&rel=0'; \/\/ Varsay\u0131lan \u0130ngilizce\r\n            }\r\n            iframeElement.setAttribute(\"src\", newSrc);\r\n            previousLang = htmlLang;\r\n        }\r\n    }\r\n\r\n    setInterval(updateIframeLanguage, 1000);\r\n    updateIframeLanguage();\r\n});\r\n<\/script>\r\n\r\n<iframe id=\"youtube-video-2\" src=\"https:\/\/www.youtube.com\/embed\/NJ_SYUEZCKQ?autoplay=1&rel=0\" style=\"width: 100%; height: 70vh; border: none;\"><\/iframe>\r\n\t\t<\/div>\n\t\t\t\t<\/div>\n\t\t<div class=\"elementor-element elementor-element-98bc1ea e-con-full e-flex e-con e-child\" data-id=\"98bc1ea\" data-element_type=\"container\">\n\t\t\t\t<div class=\"elementor-element elementor-element-af7881f elementor-widget elementor-widget-heading\" data-id=\"af7881f\" data-element_type=\"widget\" data-widget_type=\"heading.default\">\n\t\t\t\t<div class=\"elementor-widget-container\">\n\t\t\t<h2 class=\"elementor-heading-title elementor-size-default\"><h2 style=\"font-weight: bold;text-align: center;font-family: Arial, sans-serif;margin: 40px 0 30px 0\">\n    <span style=\"color: #c4922e\">Profesyonel Aray\u00fcz<\/span> \n    <span style=\"color: #000\">Kullan\u0131m Manueli Videosu<\/span>\n<\/h2>\n<\/h2>\t\t<\/div>\n\t\t\t\t<\/div>\n\t\t\t\t<div class=\"elementor-element elementor-element-9939139 elementor-widget__width-initial elementor-widget elementor-widget-html\" data-id=\"9939139\" data-element_type=\"widget\" data-widget_type=\"html.default\">\n\t\t\t\t<div class=\"elementor-widget-container\">\n\t\t\t<script>\r\ndocument.addEventListener(\"DOMContentLoaded\", function () {\r\n    const iframeElement = document.querySelector(\"iframe#youtube-video-3\");\r\n    let previousLang = document.documentElement.getAttribute(\"lang\");\r\n\r\n    function updateIframeLanguage() {\r\n        const htmlLang = document.documentElement.getAttribute(\"lang\");\r\n\r\n        if (htmlLang && iframeElement && htmlLang !== previousLang) {\r\n            let newSrc;\r\n            if (htmlLang === 'auto') {\r\n                newSrc = 'https:\/\/www.youtube.com\/embed\/jpJGvWxTEuc?autoplay=1&rel=0';\r\n            } else if (htmlLang === 'en') {\r\n                newSrc = 'https:\/\/www.youtube.com\/embed\/9HuZJUIv1Ow?autoplay=1&rel=0';\r\n            } else if (htmlLang === 'az') {\r\n                newSrc = 'https:\/\/www.youtube.com\/embed\/fPlfaeUCdgU?autoplay=1&rel=0';\r\n            } else {\r\n                newSrc = 'https:\/\/www.youtube.com\/embed\/9HuZJUIv1Ow?autoplay=1&rel=0'; \/\/ Varsay\u0131lan \u0130ngilizce\r\n            }\r\n            iframeElement.setAttribute(\"src\", newSrc);\r\n            previousLang = htmlLang;\r\n        }\r\n    }\r\n\r\n    setInterval(updateIframeLanguage, 1000);\r\n    updateIframeLanguage();\r\n});\r\n<\/script>\r\n\r\n<iframe id=\"youtube-video-3\" src=\"https:\/\/www.youtube.com\/embed\/jpJGvWxTEuc?autoplay=1&rel=0\" style=\"width: 100%; height: 70vh; border: none;\"><\/iframe>\r\n\t\t<\/div>\n\t\t\t\t<\/div>\n\t\t\t\t<\/div>\n\t\t\t\t<\/div>\n\t\t\t\t\t<\/div>\n\t\t\t\t<\/div>\n\t\t\t\t<\/div>\n\t\t","protected":false},"excerpt":{"rendered":"<p>C-Ground Manuelleri Cihaz Kullan\u0131m Manueli Videosu Baz Aray\u00fcz Kullan\u0131m Manueli Videosu Profesyonel Aray\u00fcz Kullan\u0131m Manueli Videosu<\/p>\n","protected":false},"author":1,"featured_media":0,"parent":0,"menu_order":0,"comment_status":"closed","ping_status":"closed","template":"","meta":{"_kad_post_transparent":"","_kad_post_title":"hide","_kad_post_layout":"fullwidth","_kad_post_sidebar_id":"","_kad_post_content_style":"unboxed","_kad_post_vertical_padding":"hide","_kad_post_feature":"hide","_kad_post_feature_position":"","_kad_post_header":false,"_kad_post_footer":false,"footnotes":""},"class_list":["post-1032","page","type-page","status-publish","hentry"],"yoast_head":"<!-- This site is optimized with the Yoast SEO plugin v24.5 - https:\/\/yoast.com\/wordpress\/plugins\/seo\/ -->\n<title>Videolar - Devri Robotik| \u00dcr\u00fcn Tan\u0131t\u0131mlar\u0131 ve Kullan\u0131m K\u0131lavuzlar\u0131<\/title>\n<meta name=\"description\" content=\"Devri Robotik video ar\u015fivine ho\u015f geldiniz. Bu sayfada C-Ground ba\u015fta olmak \u00fczere yeralt\u0131 g\u00f6r\u00fcnt\u00fcleme sistemlerimize ait tan\u0131t\u0131m videolar\u0131n\u0131, kullan\u0131m k\u0131lavuzlar\u0131n\u0131 ve saha testlerini izleyebilirsiniz. Devri Robotik videolar\u0131 ile \u00fcr\u00fcnlerimizi daha yak\u0131ndan ke\u015ffedin.\" \/>\n<meta name=\"robots\" content=\"index, follow, max-snippet:-1, max-image-preview:large, max-video-preview:-1\" \/>\n<link rel=\"canonical\" href=\"https:\/\/devrirobotik.com\/index.php\/videolar\/\" \/>\n<meta property=\"og:locale\" content=\"tr_TR\" \/>\n<meta property=\"og:type\" content=\"article\" \/>\n<meta property=\"og:title\" content=\"Videolar - Devri Robotik| \u00dcr\u00fcn Tan\u0131t\u0131mlar\u0131 ve Kullan\u0131m K\u0131lavuzlar\u0131\" \/>\n<meta property=\"og:description\" content=\"Devri Robotik video ar\u015fivine ho\u015f geldiniz. Bu sayfada C-Ground ba\u015fta olmak \u00fczere yeralt\u0131 g\u00f6r\u00fcnt\u00fcleme sistemlerimize ait tan\u0131t\u0131m videolar\u0131n\u0131, kullan\u0131m k\u0131lavuzlar\u0131n\u0131 ve saha testlerini izleyebilirsiniz. Devri Robotik videolar\u0131 ile \u00fcr\u00fcnlerimizi daha yak\u0131ndan ke\u015ffedin.\" \/>\n<meta property=\"og:url\" content=\"https:\/\/devrirobotik.com\/index.php\/videolar\/\" \/>\n<meta property=\"og:site_name\" content=\"Devri Robotik\" \/>\n<meta property=\"article:publisher\" content=\"https:\/\/www.facebook.com\/devrirobotik\/\" \/>\n<meta property=\"article:modified_time\" content=\"2025-04-30T12:43:11+00:00\" \/>\n<meta name=\"twitter:card\" content=\"summary_large_image\" \/>\n<meta name=\"twitter:site\" content=\"@DevriRobotik\" \/>\n<meta name=\"twitter:label1\" content=\"Tahmini okuma s\u00fcresi\" \/>\n\t<meta name=\"twitter:data1\" content=\"1 dakika\" \/>\n<script type=\"application\/ld+json\" class=\"yoast-schema-graph\">{\"@context\":\"https:\/\/schema.org\",\"@graph\":[{\"@type\":\"WebPage\",\"@id\":\"https:\/\/devrirobotik.com\/index.php\/videolar\/\",\"url\":\"https:\/\/devrirobotik.com\/index.php\/videolar\/\",\"name\":\"Videolar - Devri Robotik| \u00dcr\u00fcn Tan\u0131t\u0131mlar\u0131 ve Kullan\u0131m K\u0131lavuzlar\u0131\",\"isPartOf\":{\"@id\":\"https:\/\/devrirobotik.com\/#website\"},\"datePublished\":\"2024-09-29T14:08:53+00:00\",\"dateModified\":\"2025-04-30T12:43:11+00:00\",\"description\":\"Devri Robotik video ar\u015fivine ho\u015f geldiniz. Bu sayfada C-Ground ba\u015fta olmak \u00fczere yeralt\u0131 g\u00f6r\u00fcnt\u00fcleme sistemlerimize ait tan\u0131t\u0131m videolar\u0131n\u0131, kullan\u0131m k\u0131lavuzlar\u0131n\u0131 ve saha testlerini izleyebilirsiniz. Devri Robotik videolar\u0131 ile \u00fcr\u00fcnlerimizi daha yak\u0131ndan ke\u015ffedin.\",\"breadcrumb\":{\"@id\":\"https:\/\/devrirobotik.com\/index.php\/videolar\/#breadcrumb\"},\"inLanguage\":\"tr\",\"potentialAction\":[{\"@type\":\"ReadAction\",\"target\":[\"https:\/\/devrirobotik.com\/index.php\/videolar\/\"]}]},{\"@type\":\"BreadcrumbList\",\"@id\":\"https:\/\/devrirobotik.com\/index.php\/videolar\/#breadcrumb\",\"itemListElement\":[{\"@type\":\"ListItem\",\"position\":1,\"name\":\"Anasayfa\",\"item\":\"https:\/\/devrirobotik.com\/\"},{\"@type\":\"ListItem\",\"position\":2,\"name\":\"Videolar\"}]},{\"@type\":\"WebSite\",\"@id\":\"https:\/\/devrirobotik.com\/#website\",\"url\":\"https:\/\/devrirobotik.com\/\",\"name\":\"Devri Robotik\",\"description\":\"\",\"publisher\":{\"@id\":\"https:\/\/devrirobotik.com\/#organization\"},\"potentialAction\":[{\"@type\":\"SearchAction\",\"target\":{\"@type\":\"EntryPoint\",\"urlTemplate\":\"https:\/\/devrirobotik.com\/?s={search_term_string}\"},\"query-input\":{\"@type\":\"PropertyValueSpecification\",\"valueRequired\":true,\"valueName\":\"search_term_string\"}}],\"inLanguage\":\"tr\"},{\"@type\":\"Organization\",\"@id\":\"https:\/\/devrirobotik.com\/#organization\",\"name\":\"Devri Robotik\",\"url\":\"https:\/\/devrirobotik.com\/\",\"logo\":{\"@type\":\"ImageObject\",\"inLanguage\":\"tr\",\"@id\":\"https:\/\/devrirobotik.com\/#\/schema\/logo\/image\/\",\"url\":\"https:\/\/devrirobotik.com\/wp-content\/uploads\/2025\/03\/Adsiz-tasarim-2.png\",\"contentUrl\":\"https:\/\/devrirobotik.com\/wp-content\/uploads\/2025\/03\/Adsiz-tasarim-2.png\",\"width\":500,\"height\":500,\"caption\":\"Devri Robotik\"},\"image\":{\"@id\":\"https:\/\/devrirobotik.com\/#\/schema\/logo\/image\/\"},\"sameAs\":[\"https:\/\/www.facebook.com\/devrirobotik\/\",\"https:\/\/x.com\/DevriRobotik\",\"https:\/\/www.instagram.com\/devrirobotik\/\",\"https:\/\/www.youtube.com\/@devr-irobotik\",\"https:\/\/www.linkedin.com\/company\/devr-i-robotik\/\"]}]}<\/script>\n<!-- \/ Yoast SEO plugin. -->","yoast_head_json":{"title":"Videolar - Devri Robotik| \u00dcr\u00fcn Tan\u0131t\u0131mlar\u0131 ve Kullan\u0131m K\u0131lavuzlar\u0131","description":"Devri Robotik video ar\u015fivine ho\u015f geldiniz. Bu sayfada C-Ground ba\u015fta olmak \u00fczere yeralt\u0131 g\u00f6r\u00fcnt\u00fcleme sistemlerimize ait tan\u0131t\u0131m videolar\u0131n\u0131, kullan\u0131m k\u0131lavuzlar\u0131n\u0131 ve saha testlerini izleyebilirsiniz. Devri Robotik videolar\u0131 ile \u00fcr\u00fcnlerimizi daha yak\u0131ndan ke\u015ffedin.","robots":{"index":"index","follow":"follow","max-snippet":"max-snippet:-1","max-image-preview":"max-image-preview:large","max-video-preview":"max-video-preview:-1"},"canonical":"https:\/\/devrirobotik.com\/index.php\/videolar\/","og_locale":"tr_TR","og_type":"article","og_title":"Videolar - Devri Robotik| \u00dcr\u00fcn Tan\u0131t\u0131mlar\u0131 ve Kullan\u0131m K\u0131lavuzlar\u0131","og_description":"Devri Robotik video ar\u015fivine ho\u015f geldiniz. Bu sayfada C-Ground ba\u015fta olmak \u00fczere yeralt\u0131 g\u00f6r\u00fcnt\u00fcleme sistemlerimize ait tan\u0131t\u0131m videolar\u0131n\u0131, kullan\u0131m k\u0131lavuzlar\u0131n\u0131 ve saha testlerini izleyebilirsiniz. Devri Robotik videolar\u0131 ile \u00fcr\u00fcnlerimizi daha yak\u0131ndan ke\u015ffedin.","og_url":"https:\/\/devrirobotik.com\/index.php\/videolar\/","og_site_name":"Devri Robotik","article_publisher":"https:\/\/www.facebook.com\/devrirobotik\/","article_modified_time":"2025-04-30T12:43:11+00:00","twitter_card":"summary_large_image","twitter_site":"@DevriRobotik","twitter_misc":{"Tahmini okuma s\u00fcresi":"1 dakika"},"schema":{"@context":"https:\/\/schema.org","@graph":[{"@type":"WebPage","@id":"https:\/\/devrirobotik.com\/index.php\/videolar\/","url":"https:\/\/devrirobotik.com\/index.php\/videolar\/","name":"Videolar - Devri Robotik| \u00dcr\u00fcn Tan\u0131t\u0131mlar\u0131 ve Kullan\u0131m K\u0131lavuzlar\u0131","isPartOf":{"@id":"https:\/\/devrirobotik.com\/#website"},"datePublished":"2024-09-29T14:08:53+00:00","dateModified":"2025-04-30T12:43:11+00:00","description":"Devri Robotik video ar\u015fivine ho\u015f geldiniz. Bu sayfada C-Ground ba\u015fta olmak \u00fczere yeralt\u0131 g\u00f6r\u00fcnt\u00fcleme sistemlerimize ait tan\u0131t\u0131m videolar\u0131n\u0131, kullan\u0131m k\u0131lavuzlar\u0131n\u0131 ve saha testlerini izleyebilirsiniz. Devri Robotik videolar\u0131 ile \u00fcr\u00fcnlerimizi daha yak\u0131ndan ke\u015ffedin.","breadcrumb":{"@id":"https:\/\/devrirobotik.com\/index.php\/videolar\/#breadcrumb"},"inLanguage":"tr","potentialAction":[{"@type":"ReadAction","target":["https:\/\/devrirobotik.com\/index.php\/videolar\/"]}]},{"@type":"BreadcrumbList","@id":"https:\/\/devrirobotik.com\/index.php\/videolar\/#breadcrumb","itemListElement":[{"@type":"ListItem","position":1,"name":"Anasayfa","item":"https:\/\/devrirobotik.com\/"},{"@type":"ListItem","position":2,"name":"Videolar"}]},{"@type":"WebSite","@id":"https:\/\/devrirobotik.com\/#website","url":"https:\/\/devrirobotik.com\/","name":"Devri Robotik","description":"","publisher":{"@id":"https:\/\/devrirobotik.com\/#organization"},"potentialAction":[{"@type":"SearchAction","target":{"@type":"EntryPoint","urlTemplate":"https:\/\/devrirobotik.com\/?s={search_term_string}"},"query-input":{"@type":"PropertyValueSpecification","valueRequired":true,"valueName":"search_term_string"}}],"inLanguage":"tr"},{"@type":"Organization","@id":"https:\/\/devrirobotik.com\/#organization","name":"Devri Robotik","url":"https:\/\/devrirobotik.com\/","logo":{"@type":"ImageObject","inLanguage":"tr","@id":"https:\/\/devrirobotik.com\/#\/schema\/logo\/image\/","url":"https:\/\/devrirobotik.com\/wp-content\/uploads\/2025\/03\/Adsiz-tasarim-2.png","contentUrl":"https:\/\/devrirobotik.com\/wp-content\/uploads\/2025\/03\/Adsiz-tasarim-2.png","width":500,"height":500,"caption":"Devri Robotik"},"image":{"@id":"https:\/\/devrirobotik.com\/#\/schema\/logo\/image\/"},"sameAs":["https:\/\/www.facebook.com\/devrirobotik\/","https:\/\/x.com\/DevriRobotik","https:\/\/www.instagram.com\/devrirobotik\/","https:\/\/www.youtube.com\/@devr-irobotik","https:\/\/www.linkedin.com\/company\/devr-i-robotik\/"]}]}},"_links":{"self":[{"href":"https:\/\/devrirobotik.com\/index.php\/wp-json\/wp\/v2\/pages\/1032","targetHints":{"allow":["GET"]}}],"collection":[{"href":"https:\/\/devrirobotik.com\/index.php\/wp-json\/wp\/v2\/pages"}],"about":[{"href":"https:\/\/devrirobotik.com\/index.php\/wp-json\/wp\/v2\/types\/page"}],"author":[{"embeddable":true,"href":"https:\/\/devrirobotik.com\/index.php\/wp-json\/wp\/v2\/users\/1"}],"replies":[{"embeddable":true,"href":"https:\/\/devrirobotik.com\/index.php\/wp-json\/wp\/v2\/comments?post=1032"}],"version-history":[{"count":229,"href":"https:\/\/devrirobotik.com\/index.php\/wp-json\/wp\/v2\/pages\/1032\/revisions"}],"predecessor-version":[{"id":1395,"href":"https:\/\/devrirobotik.com\/index.php\/wp-json\/wp\/v2\/pages\/1032\/revisions\/1395"}],"wp:attachment":[{"href":"https:\/\/devrirobotik.com\/index.php\/wp-json\/wp\/v2\/media?parent=1032"}],"curies":[{"name":"wp","href":"https:\/\/api.w.org\/{rel}","templated":true}]}}