{"id":1064,"date":"2024-09-29T17:52:59","date_gmt":"2024-09-29T17:52:59","guid":{"rendered":"https:\/\/devrirobotik.com\/?page_id=1064"},"modified":"2025-04-30T12:58:50","modified_gmt":"2025-04-30T12:58:50","slug":"bulut-tabanli-sunucu-sozlesmesi","status":"publish","type":"page","link":"https:\/\/devrirobotik.com\/index.php\/bulut-tabanli-sunucu-sozlesmesi\/","title":{"rendered":"Bulut Tabanl\u0131 Sunucu S\u00f6zle\u015fmesi"},"content":{"rendered":"\t\t<div data-elementor-type=\"wp-page\" data-elementor-id=\"1064\" class=\"elementor elementor-1064\">\n\t\t\t\t<div class=\"elementor-element elementor-element-814447b e-con-full e-flex e-con e-parent\" data-id=\"814447b\" data-element_type=\"container\" data-settings=\"{&quot;background_background&quot;:&quot;classic&quot;}\">\n\t\t\t\t<div class=\"elementor-element elementor-element-23c36e1 elementor-widget-mobile__width-initial elementor-widget elementor-widget-heading\" data-id=\"23c36e1\" data-element_type=\"widget\" data-widget_type=\"heading.default\">\n\t\t\t\t<div class=\"elementor-widget-container\">\n\t\t\t<h2 class=\"elementor-heading-title elementor-size-default\"><h3 style=\"font-family: 'Roboto', sans-serif;font-size: 42px;margin-top: -50px\">Bulut Tabanl\u0131 Sunucu S\u00f6zle\u015fmesi<\/h3><\/h2>\t\t<\/div>\n\t\t\t\t<\/div>\n\t\t\t\t<\/div>\n\t\t<div class=\"elementor-element elementor-element-c3e0c94 e-flex e-con-boxed e-con e-parent\" data-id=\"c3e0c94\" data-element_type=\"container\">\n\t\t\t\t\t<div class=\"e-con-inner\">\n\t\t\t\t<div class=\"elementor-element elementor-element-710cc42 elementor-widget elementor-widget-heading\" data-id=\"710cc42\" data-element_type=\"widget\" data-widget_type=\"heading.default\">\n\t\t\t\t<div class=\"elementor-widget-container\">\n\t\t\t<h2 class=\"elementor-heading-title elementor-size-default\">BULUT TABANLI\nSUNUCU (SERVER) H\u0130ZMET\u0130\nKULLANIM\nS\u00d6ZLE\u015eMES\u0130\n\n<\/h2>\t\t<\/div>\n\t\t\t\t<\/div>\n\t\t\t\t<div class=\"elementor-element elementor-element-3e2eae5 elementor-widget elementor-widget-heading\" data-id=\"3e2eae5\" data-element_type=\"widget\" data-widget_type=\"heading.default\">\n\t\t\t\t<div class=\"elementor-widget-container\">\n\t\t\t<h2 class=\"elementor-heading-title elementor-size-default\"><h2 style=\"font-weight: bold\">MADDE 1<\/h2>\n<p>Kredi sat\u0131\u015flar\u0131 Devri Robotik \u015eirketi\u2019nin belirledi\u011fi say\u0131dad\u0131r isterse hi\u00e7 satmaz. Devri Robotik \u015eirketi'nin belirledi\u011fi s\u00fcre i\u00e7in ge\u00e7erlidir.<\/p>\n\n<h2 style=\"font-weight: bold\">MADDE 2<\/h2>\n<p>Devr-i Robotik \u015eirketi Server i\u00e7in \u00f6zel yaz\u0131l\u0131m geli\u015ftirmeler uygulad\u0131 ve uygulamakta. Devr-i Robotik \u015eirketi\u2019nin belirledi\u011fi kullan\u0131m ko\u015fullar\u0131 hari\u00e7 herhangi bir kullan\u0131m Devri Robotik \u015firketi taraf\u0131ndan sald\u0131r\u0131 olarak alg\u0131lan\u0131r ve izin verilmez. Ayr\u0131ca Server'\u0131n kredileri iade edilemez ancak Server bozulduysa (Devr-i Robotik \u015eirketi\u2019nin yetkili servisten al\u0131nacak rapor do\u011frultusunda) ve Devr-i Robotik \u015eirketi yap\u0131lamayaca\u011f\u0131n\u0131 a\u00e7\u0131klad\u0131ysa Kredilerinizin 6 (alt\u0131) ay boyunca kullan\u0131lma garantisi vard\u0131r bu s\u00fcre boyunca kredilerin iadesi kabul edilir ancak 6 (alt\u0131) ay'\u0131 1 (bir) g\u00fcn bile ge\u00e7se kabul edilmez ve ayr\u0131ca bu 6 (alt\u0131) ay s\u00fcre i\u00e7in s\u00fcre kesintisi bu s\u00fcreden d\u00fc\u015f\u00fclmez yani 01.01.2024 tarihinde kredi s\u00fcresi ba\u015flad\u0131ysa 01.07.2024 tarihinde biter. (Kredi e\u011fer 2 dolar \u00fczerinden al\u0131nd\u0131ysa buna kar\u015f\u0131l\u0131k olan gelen miktar\u0131 kar\u015f\u0131l\u0131\u011f\u0131nca geri \u00f6denir, e\u011fer 0.6 dolarsa da 0.6 dolar kar\u015f\u0131l\u0131\u011f\u0131nca gelen miktar \u00f6denir di\u011fer kredi durumlar\u0131 da buna g\u00f6re ge\u00e7erlidir.)<\/p>\n\n<h2 style=\"font-weight: bold\">MADDE 3<\/h2>\n<p>\u0130lk 15 (onbe\u015f) g\u00fcn boyunca 20 (yirmi) kredi hakk\u0131 tan\u0131n\u0131r geriye kalan kredi haklar\u0131 bu s\u00fcre boyunca bloke edilir. Daha sonras\u0131nda 15 (onbe\u015f) g\u00fcn sonra a\u00e7\u0131l\u0131r.<\/p>\n\n<h2 style=\"font-weight: bold\">MADDE 4<\/h2>\n<p>Cihaz\u0131n \u00fcretti\u011fi verileri istedi\u011finiz \u015fekilde kullanabilirsiniz bundan Devri Robotik \u015eirketi sorumlu de\u011fildir. Ancak Devr-i Robotik \u015eirketi\u2019nin belirtti\u011fi sonu\u00e7lar i\u00e7in Cihaz\u0131, Server'\u0131 ve yaz\u0131l\u0131m\u0131 Devr-i Robotik \u015eirketi\u2019nin belirtti\u011fi \u015fekilde kullanman\u0131z gerekmekte bunun haricinde olan kullan\u0131mlar yasakt\u0131r Devr-i Robotik \u015eirketi sald\u0131r\u0131 olarak de\u011ferlendirir ve izin vermez. Olu\u015facak sorunlardan da Devr-i Robotik \u015eirketi sorumlu de\u011fildir.<\/p>\n\n<h2 style=\"font-weight: bold\">MADDE 5<\/h2>\n<p>Cihaz\u0131n ve yaz\u0131l\u0131m\u0131n Devr-i Robotik \u015eirketi\u2019nin belirledi\u011fi ve e\u011fitim sonucunda Devr-i Robotik \u015eirketi\u2019nin belirtti\u011fi kullan\u0131m\u0131 hari\u00e7 herhangi bir deneme, ara\u015ft\u0131rma, de\u011fi\u015ftirme veyahut akademik ama\u00e7 gibi \u00e7al\u0131\u015fmalar yap\u0131lmas\u0131 Devr-i Robotik \u015eirketi taraf\u0131ndan bir sald\u0131r\u0131 olarak alg\u0131lan\u0131r ve buna izin verilmez, yasakt\u0131r ve gerekli hukuksal i\u015flemler yap\u0131l\u0131r.<\/p>\n\n<h2 style=\"font-weight: bold\">MADDE 6<\/h2>\n<p>Mobil uygulama i\u00e7inde Devr-i Robotik \u015eirketi\u2019nin belirledi\u011fi ve e\u011fitim sonucunda Devr-i Robotik \u015eirketi\u2019nin belirtti\u011fi kullan\u0131m ko\u015fullar\u0131 hari\u00e7 herhangi bir deneme, ara\u015ft\u0131rma, de\u011fi\u015ftirme veyahut akademik ama\u00e7 gibi \u00e7al\u0131\u015fmalar Devr-i Robotik \u015eirketi taraf\u0131ndan sald\u0131r\u0131 olarak alg\u0131lan\u0131p gerekli hukuksal i\u015flemler yap\u0131l\u0131r.<\/p>\n\n<h2 style=\"font-weight: bold\">MADDE 7<\/h2>\n<p>Sever\u2019da verileriniz 90 (doksan) g\u00fcn ile saklanmas\u0131 s\u0131n\u0131rl\u0131d\u0131r. S\u00fcreyi a\u015fan veriler Server'\u0131 koruma amac\u0131 ile silinir, bu s\u00fcrenin d\u0131\u015f\u0131 Devr-i Robotik \u015eirketi\u2019nin yetki ve garantimizin d\u0131\u015f\u0131ndad\u0131r.<\/p>\n\n<h2 style=\"font-weight: bold\">MADDE 8<\/h2>\n<p>Devr-i Robotik \u015eirketi\u2019nin \u00fcr\u00fcnleri i\u00e7in gerekli olacak teknik veriler al\u0131n\u0131r. (\u00d6rnek olarak Konum-zaman-rak\u0131m gibi bilgileri gerekti\u011fi zaman al\u0131n\u0131r.)<\/p>\n\n<h2 style=\"font-weight: bold\">MADDE 9<\/h2>\n<p>Devr-i Robotik \u015eirketi\u2019nin belirtti\u011fi kullan\u0131m ko\u015fullar\u0131n\u0131n d\u0131\u015f\u0131na \u00e7\u0131k\u0131lmas\u0131 kesinlikle yasakt\u0131r, ek olarak herhangi bir \u015fekilde Devr-i Robotik \u015eirketi\u2019nin verilerinin \u00e7al\u0131nmas\u0131 veyahut \u015firket\u2019e sald\u0131r\u0131lmas\u0131 gibi konularda, ek olarak herhangi bir sald\u0131r\u0131 tespiti (siber sald\u0131r\u0131 gibi) konularda Devr-i Robotik \u015eirketi\u2019nin kendi haklar\u0131n\u0131 korumas\u0131 i\u00e7in yapt\u0131r\u0131mlarda ve uygulamalarda bulunur ayr\u0131ca tespit edilen su\u00e7lular i\u00e7in gerekli hukuksal i\u015flemlere ba\u015fvurulur.<\/p>\n\n<h2 style=\"font-weight: bold\">MADDE 10<\/h2>\n<p>Devr-i Robotik \u015eirketi verilerinizi korur ve korumak i\u00e7in yaz\u0131l\u0131mlar\u0131n\u0131 geli\u015ftirmekte ancak herhangi bir siber sald\u0131r\u0131 sonucu \u00e7al\u0131nan verilerinizden Devr-i Robotik \u015eirketi sorumlu de\u011fildir. Ek olarak Devr-i Robotik \u015eirketi kullan\u0131c\u0131lar\u0131n verilerini korumaktan sorumluysa da kullan\u0131c\u0131lar kendi verilerini korumaktan sorumludur.<\/p>\n<\/h2>\t\t<\/div>\n\t\t\t\t<\/div>\n\t\t\t\t\t<\/div>\n\t\t\t\t<\/div>\n\t\t\t\t<\/div>\n\t\t","protected":false},"excerpt":{"rendered":"<p>Bulut Tabanl\u0131 Sunucu S\u00f6zle\u015fmesi BULUT TABANLI SUNUCU (SERVER) H\u0130ZMET\u0130 KULLANIM S\u00d6ZLE\u015eMES\u0130 MADDE 1 Kredi sat\u0131\u015flar\u0131 Devri Robotik \u015eirketi\u2019nin belirledi\u011fi say\u0131dad\u0131r isterse hi\u00e7 satmaz. Devri Robotik \u015eirketi&#8217;nin belirledi\u011fi s\u00fcre i\u00e7in ge\u00e7erlidir. MADDE 2 Devr-i Robotik \u015eirketi Server i\u00e7in \u00f6zel yaz\u0131l\u0131m geli\u015ftirmeler uygulad\u0131 ve uygulamakta. Devr-i Robotik \u015eirketi\u2019nin belirledi\u011fi kullan\u0131m ko\u015fullar\u0131 hari\u00e7 herhangi bir kullan\u0131m Devri Robotik&#8230;<\/p>\n","protected":false},"author":1,"featured_media":0,"parent":0,"menu_order":0,"comment_status":"closed","ping_status":"closed","template":"","meta":{"_kad_post_transparent":"","_kad_post_title":"hide","_kad_post_layout":"fullwidth","_kad_post_sidebar_id":"","_kad_post_content_style":"unboxed","_kad_post_vertical_padding":"hide","_kad_post_feature":"hide","_kad_post_feature_position":"","_kad_post_header":false,"_kad_post_footer":false,"footnotes":""},"class_list":["post-1064","page","type-page","status-publish","hentry"],"yoast_head":"<!-- This site is optimized with the Yoast SEO plugin v24.5 - https:\/\/yoast.com\/wordpress\/plugins\/seo\/ -->\n<title>Bulut Tabanl\u0131 Sunucu S\u00f6zle\u015fmesi - Devri Robotik | Hizmet Ko\u015fullar\u0131<\/title>\n<meta name=\"description\" content=\"Devri Robotik bulut tabanl\u0131 sunucu s\u00f6zle\u015fmesi ile veri g\u00fcvenli\u011fi, kullan\u0131m ko\u015fullar\u0131 ve hizmet \u015fartlar\u0131 hakk\u0131nda detayl\u0131 bilgi edinin.\" \/>\n<meta name=\"robots\" content=\"index, follow, max-snippet:-1, max-image-preview:large, max-video-preview:-1\" \/>\n<link rel=\"canonical\" href=\"https:\/\/devrirobotik.com\/index.php\/bulut-tabanli-sunucu-sozlesmesi\/\" \/>\n<meta property=\"og:locale\" content=\"tr_TR\" \/>\n<meta property=\"og:type\" content=\"article\" \/>\n<meta property=\"og:title\" content=\"Bulut Tabanl\u0131 Sunucu S\u00f6zle\u015fmesi - Devri Robotik | Hizmet Ko\u015fullar\u0131\" \/>\n<meta property=\"og:description\" content=\"Devri Robotik bulut tabanl\u0131 sunucu s\u00f6zle\u015fmesi ile veri g\u00fcvenli\u011fi, kullan\u0131m ko\u015fullar\u0131 ve hizmet \u015fartlar\u0131 hakk\u0131nda detayl\u0131 bilgi edinin.\" \/>\n<meta property=\"og:url\" content=\"https:\/\/devrirobotik.com\/index.php\/bulut-tabanli-sunucu-sozlesmesi\/\" \/>\n<meta property=\"og:site_name\" content=\"Devri Robotik\" \/>\n<meta property=\"article:publisher\" content=\"https:\/\/www.facebook.com\/devrirobotik\/\" \/>\n<meta property=\"article:modified_time\" content=\"2025-04-30T12:58:50+00:00\" \/>\n<meta name=\"twitter:card\" content=\"summary_large_image\" \/>\n<meta name=\"twitter:site\" content=\"@DevriRobotik\" \/>\n<meta name=\"twitter:label1\" content=\"Tahmini okuma s\u00fcresi\" \/>\n\t<meta name=\"twitter:data1\" content=\"3 dakika\" \/>\n<script type=\"application\/ld+json\" class=\"yoast-schema-graph\">{\"@context\":\"https:\/\/schema.org\",\"@graph\":[{\"@type\":\"WebPage\",\"@id\":\"https:\/\/devrirobotik.com\/index.php\/bulut-tabanli-sunucu-sozlesmesi\/\",\"url\":\"https:\/\/devrirobotik.com\/index.php\/bulut-tabanli-sunucu-sozlesmesi\/\",\"name\":\"Bulut Tabanl\u0131 Sunucu S\u00f6zle\u015fmesi - Devri Robotik | Hizmet Ko\u015fullar\u0131\",\"isPartOf\":{\"@id\":\"https:\/\/devrirobotik.com\/#website\"},\"datePublished\":\"2024-09-29T17:52:59+00:00\",\"dateModified\":\"2025-04-30T12:58:50+00:00\",\"description\":\"Devri Robotik bulut tabanl\u0131 sunucu s\u00f6zle\u015fmesi ile veri g\u00fcvenli\u011fi, kullan\u0131m ko\u015fullar\u0131 ve hizmet \u015fartlar\u0131 hakk\u0131nda detayl\u0131 bilgi edinin.\",\"breadcrumb\":{\"@id\":\"https:\/\/devrirobotik.com\/index.php\/bulut-tabanli-sunucu-sozlesmesi\/#breadcrumb\"},\"inLanguage\":\"tr\",\"potentialAction\":[{\"@type\":\"ReadAction\",\"target\":[\"https:\/\/devrirobotik.com\/index.php\/bulut-tabanli-sunucu-sozlesmesi\/\"]}]},{\"@type\":\"BreadcrumbList\",\"@id\":\"https:\/\/devrirobotik.com\/index.php\/bulut-tabanli-sunucu-sozlesmesi\/#breadcrumb\",\"itemListElement\":[{\"@type\":\"ListItem\",\"position\":1,\"name\":\"Anasayfa\",\"item\":\"https:\/\/devrirobotik.com\/\"},{\"@type\":\"ListItem\",\"position\":2,\"name\":\"Bulut Tabanl\u0131 Sunucu S\u00f6zle\u015fmesi\"}]},{\"@type\":\"WebSite\",\"@id\":\"https:\/\/devrirobotik.com\/#website\",\"url\":\"https:\/\/devrirobotik.com\/\",\"name\":\"Devri Robotik\",\"description\":\"\",\"publisher\":{\"@id\":\"https:\/\/devrirobotik.com\/#organization\"},\"potentialAction\":[{\"@type\":\"SearchAction\",\"target\":{\"@type\":\"EntryPoint\",\"urlTemplate\":\"https:\/\/devrirobotik.com\/?s={search_term_string}\"},\"query-input\":{\"@type\":\"PropertyValueSpecification\",\"valueRequired\":true,\"valueName\":\"search_term_string\"}}],\"inLanguage\":\"tr\"},{\"@type\":\"Organization\",\"@id\":\"https:\/\/devrirobotik.com\/#organization\",\"name\":\"Devri Robotik\",\"url\":\"https:\/\/devrirobotik.com\/\",\"logo\":{\"@type\":\"ImageObject\",\"inLanguage\":\"tr\",\"@id\":\"https:\/\/devrirobotik.com\/#\/schema\/logo\/image\/\",\"url\":\"https:\/\/devrirobotik.com\/wp-content\/uploads\/2025\/03\/Adsiz-tasarim-2.png\",\"contentUrl\":\"https:\/\/devrirobotik.com\/wp-content\/uploads\/2025\/03\/Adsiz-tasarim-2.png\",\"width\":500,\"height\":500,\"caption\":\"Devri Robotik\"},\"image\":{\"@id\":\"https:\/\/devrirobotik.com\/#\/schema\/logo\/image\/\"},\"sameAs\":[\"https:\/\/www.facebook.com\/devrirobotik\/\",\"https:\/\/x.com\/DevriRobotik\",\"https:\/\/www.instagram.com\/devrirobotik\/\",\"https:\/\/www.youtube.com\/@devr-irobotik\",\"https:\/\/www.linkedin.com\/company\/devr-i-robotik\/\"]}]}<\/script>\n<!-- \/ Yoast SEO plugin. -->","yoast_head_json":{"title":"Bulut Tabanl\u0131 Sunucu S\u00f6zle\u015fmesi - Devri Robotik | Hizmet Ko\u015fullar\u0131","description":"Devri Robotik bulut tabanl\u0131 sunucu s\u00f6zle\u015fmesi ile veri g\u00fcvenli\u011fi, kullan\u0131m ko\u015fullar\u0131 ve hizmet \u015fartlar\u0131 hakk\u0131nda detayl\u0131 bilgi edinin.","robots":{"index":"index","follow":"follow","max-snippet":"max-snippet:-1","max-image-preview":"max-image-preview:large","max-video-preview":"max-video-preview:-1"},"canonical":"https:\/\/devrirobotik.com\/index.php\/bulut-tabanli-sunucu-sozlesmesi\/","og_locale":"tr_TR","og_type":"article","og_title":"Bulut Tabanl\u0131 Sunucu S\u00f6zle\u015fmesi - Devri Robotik | Hizmet Ko\u015fullar\u0131","og_description":"Devri Robotik bulut tabanl\u0131 sunucu s\u00f6zle\u015fmesi ile veri g\u00fcvenli\u011fi, kullan\u0131m ko\u015fullar\u0131 ve hizmet \u015fartlar\u0131 hakk\u0131nda detayl\u0131 bilgi edinin.","og_url":"https:\/\/devrirobotik.com\/index.php\/bulut-tabanli-sunucu-sozlesmesi\/","og_site_name":"Devri Robotik","article_publisher":"https:\/\/www.facebook.com\/devrirobotik\/","article_modified_time":"2025-04-30T12:58:50+00:00","twitter_card":"summary_large_image","twitter_site":"@DevriRobotik","twitter_misc":{"Tahmini okuma s\u00fcresi":"3 dakika"},"schema":{"@context":"https:\/\/schema.org","@graph":[{"@type":"WebPage","@id":"https:\/\/devrirobotik.com\/index.php\/bulut-tabanli-sunucu-sozlesmesi\/","url":"https:\/\/devrirobotik.com\/index.php\/bulut-tabanli-sunucu-sozlesmesi\/","name":"Bulut Tabanl\u0131 Sunucu S\u00f6zle\u015fmesi - Devri Robotik | Hizmet Ko\u015fullar\u0131","isPartOf":{"@id":"https:\/\/devrirobotik.com\/#website"},"datePublished":"2024-09-29T17:52:59+00:00","dateModified":"2025-04-30T12:58:50+00:00","description":"Devri Robotik bulut tabanl\u0131 sunucu s\u00f6zle\u015fmesi ile veri g\u00fcvenli\u011fi, kullan\u0131m ko\u015fullar\u0131 ve hizmet \u015fartlar\u0131 hakk\u0131nda detayl\u0131 bilgi edinin.","breadcrumb":{"@id":"https:\/\/devrirobotik.com\/index.php\/bulut-tabanli-sunucu-sozlesmesi\/#breadcrumb"},"inLanguage":"tr","potentialAction":[{"@type":"ReadAction","target":["https:\/\/devrirobotik.com\/index.php\/bulut-tabanli-sunucu-sozlesmesi\/"]}]},{"@type":"BreadcrumbList","@id":"https:\/\/devrirobotik.com\/index.php\/bulut-tabanli-sunucu-sozlesmesi\/#breadcrumb","itemListElement":[{"@type":"ListItem","position":1,"name":"Anasayfa","item":"https:\/\/devrirobotik.com\/"},{"@type":"ListItem","position":2,"name":"Bulut Tabanl\u0131 Sunucu S\u00f6zle\u015fmesi"}]},{"@type":"WebSite","@id":"https:\/\/devrirobotik.com\/#website","url":"https:\/\/devrirobotik.com\/","name":"Devri Robotik","description":"","publisher":{"@id":"https:\/\/devrirobotik.com\/#organization"},"potentialAction":[{"@type":"SearchAction","target":{"@type":"EntryPoint","urlTemplate":"https:\/\/devrirobotik.com\/?s={search_term_string}"},"query-input":{"@type":"PropertyValueSpecification","valueRequired":true,"valueName":"search_term_string"}}],"inLanguage":"tr"},{"@type":"Organization","@id":"https:\/\/devrirobotik.com\/#organization","name":"Devri Robotik","url":"https:\/\/devrirobotik.com\/","logo":{"@type":"ImageObject","inLanguage":"tr","@id":"https:\/\/devrirobotik.com\/#\/schema\/logo\/image\/","url":"https:\/\/devrirobotik.com\/wp-content\/uploads\/2025\/03\/Adsiz-tasarim-2.png","contentUrl":"https:\/\/devrirobotik.com\/wp-content\/uploads\/2025\/03\/Adsiz-tasarim-2.png","width":500,"height":500,"caption":"Devri Robotik"},"image":{"@id":"https:\/\/devrirobotik.com\/#\/schema\/logo\/image\/"},"sameAs":["https:\/\/www.facebook.com\/devrirobotik\/","https:\/\/x.com\/DevriRobotik","https:\/\/www.instagram.com\/devrirobotik\/","https:\/\/www.youtube.com\/@devr-irobotik","https:\/\/www.linkedin.com\/company\/devr-i-robotik\/"]}]}},"_links":{"self":[{"href":"https:\/\/devrirobotik.com\/index.php\/wp-json\/wp\/v2\/pages\/1064","targetHints":{"allow":["GET"]}}],"collection":[{"href":"https:\/\/devrirobotik.com\/index.php\/wp-json\/wp\/v2\/pages"}],"about":[{"href":"https:\/\/devrirobotik.com\/index.php\/wp-json\/wp\/v2\/types\/page"}],"author":[{"embeddable":true,"href":"https:\/\/devrirobotik.com\/index.php\/wp-json\/wp\/v2\/users\/1"}],"replies":[{"embeddable":true,"href":"https:\/\/devrirobotik.com\/index.php\/wp-json\/wp\/v2\/comments?post=1064"}],"version-history":[{"count":10,"href":"https:\/\/devrirobotik.com\/index.php\/wp-json\/wp\/v2\/pages\/1064\/revisions"}],"predecessor-version":[{"id":1097,"href":"https:\/\/devrirobotik.com\/index.php\/wp-json\/wp\/v2\/pages\/1064\/revisions\/1097"}],"wp:attachment":[{"href":"https:\/\/devrirobotik.com\/index.php\/wp-json\/wp\/v2\/media?parent=1064"}],"curies":[{"name":"wp","href":"https:\/\/api.w.org\/{rel}","templated":true}]}}