{"id":1071,"date":"2024-09-29T18:05:51","date_gmt":"2024-09-29T18:05:51","guid":{"rendered":"https:\/\/devrirobotik.com\/?page_id=1071"},"modified":"2025-04-30T13:04:30","modified_gmt":"2025-04-30T13:04:30","slug":"mesafeli-satis-sozlesmesi","status":"publish","type":"page","link":"https:\/\/devrirobotik.com\/index.php\/mesafeli-satis-sozlesmesi\/","title":{"rendered":"Mesafeli Sat\u0131\u015f S\u00f6zle\u015fmesi"},"content":{"rendered":"\t\t<div data-elementor-type=\"wp-page\" data-elementor-id=\"1071\" class=\"elementor elementor-1071\">\n\t\t\t\t<div class=\"elementor-element elementor-element-814447b e-con-full e-flex e-con e-parent\" data-id=\"814447b\" data-element_type=\"container\" data-settings=\"{&quot;background_background&quot;:&quot;classic&quot;}\">\n\t\t\t\t<div class=\"elementor-element elementor-element-23c36e1 elementor-widget-mobile__width-initial elementor-widget elementor-widget-heading\" data-id=\"23c36e1\" data-element_type=\"widget\" data-widget_type=\"heading.default\">\n\t\t\t\t<div class=\"elementor-widget-container\">\n\t\t\t<h2 class=\"elementor-heading-title elementor-size-default\"><h3 style=\"font-family: 'Roboto', sans-serif;font-size: 42px;margin-top: -50px\">Mesafeli Sat\u0131\u015f S\u00f6zle\u015fmesi<\/h3><\/h2>\t\t<\/div>\n\t\t\t\t<\/div>\n\t\t\t\t<\/div>\n\t\t<div class=\"elementor-element elementor-element-c3e0c94 e-flex e-con-boxed e-con e-parent\" data-id=\"c3e0c94\" data-element_type=\"container\">\n\t\t\t\t\t<div class=\"e-con-inner\">\n\t\t\t\t<div class=\"elementor-element elementor-element-710cc42 elementor-widget elementor-widget-heading\" data-id=\"710cc42\" data-element_type=\"widget\" data-widget_type=\"heading.default\">\n\t\t\t\t<div class=\"elementor-widget-container\">\n\t\t\t<h2 class=\"elementor-heading-title elementor-size-default\">\u0130\u015fbu s\u00f6zle\u015fme 13.06.2003 tarih ve 25137 say\u0131l\u0131 Resmi Gazetede yay\u0131nlanan Mesafeli\nS\u00f6zle\u015fmeler Uygulama Usul ve Esaslar\u0131 Hakk\u0131nda Y\u00f6netmelik gere\u011fi internet \u00fczerinden\nger\u00e7ekle\u015ftirilen sat\u0131\u015flar i\u00e7in s\u00f6zle\u015fme yap\u0131lmas\u0131 zorunlulu\u011funa istinaden d\u00fczenlenmi\u015f\nolup, maddeler halinde a\u015fa\u011f\u0131daki gibidir.<\/h2>\t\t<\/div>\n\t\t\t\t<\/div>\n\t\t\t\t<div class=\"elementor-element elementor-element-3e2eae5 elementor-widget elementor-widget-heading\" data-id=\"3e2eae5\" data-element_type=\"widget\" data-widget_type=\"heading.default\">\n\t\t\t\t<div class=\"elementor-widget-container\">\n\t\t\t<h2 class=\"elementor-heading-title elementor-size-default\"><h2 style=\"font-weight: bold\">MESAFEL\u0130 SATI\u015e <\/h2>\n<p>\u0130\u015fbu s\u00f6zle\u015fme 13.06.2003 tarih ve 25137 say\u0131l\u0131 Resmi Gazetede yay\u0131nlanan Mesafeli S\u00f6zle\u015fmeler Uygulama Usul ve Esaslar\u0131 Hakk\u0131nda Y\u00f6netmelik gere\u011fi internet \u00fczerinden ger\u00e7ekle\u015ftirilen sat\u0131\u015flar i\u00e7in s\u00f6zle\u015fme yap\u0131lmas\u0131 zorunlulu\u011funa istinaden d\u00fczenlenmi\u015f olup, maddeler halinde a\u015fa\u011f\u0131daki gibidir.<\/p>\n\n<h2 style=\"font-weight: bold\">MADDE 1 - KONU<\/h2>\n<p>\u0130\u015fbu s\u00f6zle\u015fmenin konusu, www.devrirobotik.com \u0130nternet sitesi \u00fczerinden SATICI'n\u0131n, ALICI'ya sat\u0131\u015f\u0131n\u0131 yapt\u0131\u011f\u0131, \u00dcr\u00fcn\u00fcn sat\u0131\u015f\u0131 ile ilgili olarak 4077 say\u0131l\u0131 T\u00fcketicilerin Korunmas\u0131 Hakk\u0131ndaki Kanun-Mesafeli S\u00f6zle\u015fmeleri Uygulama Esas ve Usulleri Hakk\u0131nda Y\u00f6netmelik h\u00fck\u00fcmleri gere\u011fince taraflar\u0131n hak ve y\u00fck\u00fcml\u00fcl\u00fcklerinin kapsamaktad\u0131r.<\/p>\n\n<h2 style=\"font-weight: bold\">MADDE 2 - TARAFLAR<\/h2>\n<h3 style=\"font-weight: bold\">2.1 SATICI<\/h3>\n<p>\u00dcnvan: DEVR-\u0130 ROBOT\u0130K LTD.\u015eT\u0130.<\/p>\n<p>Adres: Bah\u00e7elievler, 320. Sk. 3\/214, 06830 G\u00f6lba\u015f\u0131\/Ankara<\/p>\n<p>VERG\u0130 NO: -<\/p>\n<p>Telefon: 0312 266 4664<\/p>\n<p>Eposta: info@devrirobotik.com.tr<\/p>\n<h3 style=\"font-weight: bold\">2.2 ALICI<\/h3>\n<p>\u00dcr\u00fcn\u00fc sat\u0131n alan ki\u015fidir.<\/p>\n\n<h2 style=\"font-weight: bold\">MADDE 3 - S\u00d6ZLE\u015eME KONUSU \u00dcR\u00dcN, H\u0130ZMET B\u0130LG\u0130LER\u0130<\/h2>\n<p>\u0130\u015fbu s\u00f6zle\u015fme konusu hizmet, \u00dcr\u00fcn\u00fcn sat\u0131\u015f bedeli, \u00f6deme \u015fekli, sipari\u015fin sonland\u0131\u011f\u0131 andaki bilgilerden olu\u015fmaktad\u0131r ve ALICI'n\u0131n gerek g\u00f6r\u00fcl\u00fcrse (talebi halinde) elektronik posta adresine de g\u00f6nderilmektedir.<\/p>\n\n<h2 style=\"font-weight: bold\">MADDE 4 - GENEL H\u00dcK\u00dcMLER<\/h2>\n<p><strong>4.01<\/strong> ALICI, www.devrirobotik.com internet sitesinde s\u00f6zle\u015fme konusu \u00fcr\u00fcn\u00fc temel nitelikleri, t\u00fcm vergiler dahil sat\u0131\u015f fiyat\u0131, \u00f6deme \u015fekli ve SATICI'n\u0131n tam ticari unvan\u0131, a\u00e7\u0131k adresi ve ileti\u015fim bilgilerine ili\u015fkin \u00f6n bilgileri okuyup bilgi sahibi oldu\u011funu ve elektronik ortamda gerekli teyidi verdi\u011fini beyan eder. ALICI; bu s\u00f6zle\u015fmeyi elektronik ortamda teyit etmekle, mesafeli s\u00f6zle\u015fmelerin akdinden \u00f6nce, SATICI taraf\u0131ndan ALICI'ya sa\u011flanmas\u0131 gereken hizmet i\u00e7in verilen sipari\u015fteki hizmete ait temel \u00f6zellikler, \u00fcr\u00fcnlerin vergiler dahil fiyat\u0131, \u00f6deme bilgilerinin de do\u011fru ve eksiksiz olarak edindi\u011fini teyit etmi\u015f olur. S\u00f6zle\u015fme konusu \u00fcr\u00fcn\u00fcn, SATICI taraf\u0131ndan Sipari\u015f\u2019in teslim edilmesinden sonra (Bayilik, Ana Ba\u015f Bayilik...) SATICI'n\u0131n en yak\u0131n \u015fubesinden teslim al\u0131nacakt\u0131r. (SATICI baz\u0131 durumlarda ALICI ile ileti\u015fime ge\u00e7erek \u00e7e\u015fitli yollardan teslimat yapabilir yine bu durumda Devr-i Robotik \u015eirketi\u2019nin di\u011fer s\u00f6zle\u015fmelerindeki teslimat h\u00fck\u00fcmleri aynen burada da ge\u00e7erlidir.) Herhangi bir nedenle \u00fcr\u00fcn bedeli \u00f6denemez veya banka kay\u0131tlar\u0131nda iptal edilirse, SATICI'n\u0131n herhangi bir y\u00fck\u00fcml\u00fcl\u00fc\u011f\u00fc kalmayacakt\u0131r. Sat\u0131\u015f i\u015flemi ger\u00e7ekle\u015ftikten sonra ALICI'ya ait kredi kart\u0131n\u0131n ALICI'n\u0131n kusurundan kaynaklanmayan bir \u015fekilde yetkisiz ki\u015filerce haks\u0131z veya hukuka ayk\u0131r\u0131 olarak kullan\u0131lmas\u0131 durumunda, \u00dcr\u00fcn bedelinin ilgili banka veya finans kurulu\u015funca SATICI'ya \u00f6denmemesi halinde, SATICI'n\u0131n herhangi bir y\u00fck\u00fcml\u00fcl\u00fc\u011f\u00fc kalmayacakt\u0131r. (Devr-i Robotik \u015eirketi\u2019nin Sorumlulu\u011fu yoktur.)<\/p>\n<p><strong>4.02<\/strong> S\u00f6zle\u015fme konusu \u00dcr\u00fcn sat\u0131n alma, ALICI'ya Devri Robotik \u015eirketi\u2019ne geldi\u011finde \u015fahsen kendine teslim edilir. Bu nedenle al\u0131c\u0131 \u00dcr\u00fcn\u2019\u00fc teslim al\u0131rken kimlik kart\u0131n\u0131 ve bu al\u0131\u015fveri\u015fte kullanm\u0131\u015f oldu\u011fu kredi kart\u0131n\u0131 SATICI firman\u0131n g\u00f6revli personeline ibraz etmek zorundad\u0131r. S\u00f6zle\u015fme konusu \u00dcr\u00fcn Al\u0131c\u0131'dan ba\u015fka bir ki\u015fi\/kurulu\u015fa teslim edilecek ise, teslim edilecek ki\u015fi\/kurulu\u015fun teslimat\u0131 kabul etmemesinden SATICI sorumlu tutulamaz.<\/p>\n<p><strong>4.03<\/strong> \u0130nternetten \u00dcr\u00fcn al\u0131rken \u00e7e\u015fitli bilgilendirmeler g\u00f6sterilmektedir. ALICI \u00dcr\u00fcn se\u00e7erken kendi iste\u011fine uygun olarak se\u00e7mekle y\u00fck\u00fcml\u00fcd\u00fcr (\u0130stedi\u011fi \u00fcr\u00fcn\u00fc se\u00e7ebilir. Teyit ettirebilir.). Aksi durumda \u00dcr\u00fcn yanl\u0131\u015f se\u00e7ilirse ALICI sorumludur (Sipari\u015f verildikten sonra en k\u0131sa s\u00fcrede Devr-i Robotik \u015eirketine bilgi verilmesi laz\u0131m e\u011fer verilmezse olu\u015facak olan olumsuzluklardan \u015firket sorumlu de\u011fildir). Devr-i Robotik \u015firketi istedi\u011fi kargo \u015firketini de\u011fi\u015ftirilebilir. Bu durumdan DEVR-\u0130 ROBOT\u0130K sorumlu de\u011fildir.<\/p>\n<p><strong>4.04<\/strong> Devr-i Robotik \u015eirketi\u2019nin di\u011fer s\u00f6zle\u015fmelerindeki k\u0131s\u0131mlar burada da ge\u00e7erlidir. \u015eunu \u00f6zellikle belirtmek gerekir e\u011fer \u00dcr\u00fcn, kargo firmas\u0131n\u0131n hata veya hatalar\u0131ndan kaynaklanan sorunlardan Devr-i Robotik \u015eirketi sorumlu de\u011fildir.<\/p>\n<p><strong>4.10<\/strong> \u00dcr\u00fcn fiyat\u0131 \u00f6nceden haber verilmeksizin de\u011fi\u015ftirilebilir (Sat\u0131\u015f sipari\u015fi verilmeden Devr-i Robotik \u015eirketi ile ileti\u015fime ge\u00e7ip, g\u00fcncel bilgilerin al\u0131nmas\u0131 gerekir). Paket de\u011fi\u015fikliklerinden do\u011fan \u00fccret farklar\u0131, Siteye de uygun zamanda uygulan\u0131r.<\/p>\n<p><strong>4.11<\/strong> Devr-i Robotik \u015eirketi\u2019nin di\u011fer b\u00fct\u00fcn s\u00f6zle\u015fmelerindeki maddeler aynen bu s\u00f6zle\u015fmelerde de ge\u00e7erlidir.<\/p>\n<p><strong>4.12<\/strong> Devr-i Robotik \u015eirketi \u00dcr\u00fcn\u2019\u00fc \u00fcretir, test eder ve teslimat\u0131 sa\u011flar (kargo arac\u0131l\u0131\u011f\u0131 ile de yapabilir ya da ALICI ile anla\u015f\u0131p nas\u0131l bir yol ile uygun g\u00f6r\u00fcrse \u00f6yle yapabilir.). Sonras\u0131nda Devr-i Robotik \u015eirketi\u2019nin belirledi\u011fi bu s\u00fcrecin d\u0131\u015f\u0131na \u00e7\u0131k\u0131lmas\u0131 durumunda kesinlikle Devr-i Robotik \u015eirketi sorumlu de\u011fildir.<\/p>\n\n<h2 style=\"font-weight: bold\">MADDE 5 - ALICININ \u00d6DEME ZORLU\u011eUNA D\u00dc\u015eMES\u0130<\/h2>\n<p>Her t\u00fcrl\u00fc ge\u00e7ikmeden olu\u015facak zarar\u0131 ve ziyan\u0131 ALICI \u00f6demeyi kabul eder. T\u00fcrk Ticaret Yasas\u0131 Mevzuatlar\u0131 uygulan\u0131r.<\/p>\n\n<h2 style=\"font-weight: bold\">MADDE 6 - YETK\u0130L\u0130 MAHKEME<\/h2>\n<p>I\u015fbu s\u00f6zle\u015fme uygulanmas\u0131nda, Ticaret Bakanl\u0131\u011f\u0131nca ilan edilen T\u00fcketici Hakem Heyetleri ile SATICI\u2019n\u0131n Yerle\u015fim yerindeki T\u00fcketici Mahkemeleri yetkilidir. Sipari\u015fin onaylanmas\u0131 durumunda ALICI i\u015fbu s\u00f6zle\u015fmenin t\u00fcm ko\u015fullar\u0131n\u0131 kabul etmi\u015f say\u0131l\u0131r.<\/p>\n<p>SATICI: DEVR-\u0130 ROBOT\u0130K LTD.\u015eT\u0130.<\/p>\n<p>Adres: Bah\u00e7elievler, 320. Sk. A\/214, 06830 G\u00f6lba\u015f\u0131\/Ankara<\/p>\n<p>VERG\u0130 NO: -<\/p>\n<p>Telefon: 0312 266 4664<\/p>\n<p>Eposta: info@devrirobotik.com<\/p>\n<p>ALICI: \u00dcr\u00fcn\u00fc sat\u0131n alan ki\u015fi.<\/p>\n<\/h2>\t\t<\/div>\n\t\t\t\t<\/div>\n\t\t\t\t\t<\/div>\n\t\t\t\t<\/div>\n\t\t\t\t<\/div>\n\t\t","protected":false},"excerpt":{"rendered":"<p>Mesafeli Sat\u0131\u015f S\u00f6zle\u015fmesi \u0130\u015fbu s\u00f6zle\u015fme 13.06.2003 tarih ve 25137 say\u0131l\u0131 Resmi Gazetede yay\u0131nlanan Mesafeli S\u00f6zle\u015fmeler Uygulama Usul ve Esaslar\u0131 Hakk\u0131nda Y\u00f6netmelik gere\u011fi internet \u00fczerinden ger\u00e7ekle\u015ftirilen sat\u0131\u015flar i\u00e7in s\u00f6zle\u015fme yap\u0131lmas\u0131 zorunlulu\u011funa istinaden d\u00fczenlenmi\u015f olup, maddeler halinde a\u015fa\u011f\u0131daki gibidir. MESAFEL\u0130 SATI\u015e \u0130\u015fbu s\u00f6zle\u015fme 13.06.2003 tarih ve 25137 say\u0131l\u0131 Resmi Gazetede yay\u0131nlanan Mesafeli S\u00f6zle\u015fmeler Uygulama Usul ve Esaslar\u0131&#8230;<\/p>\n","protected":false},"author":1,"featured_media":0,"parent":0,"menu_order":0,"comment_status":"closed","ping_status":"closed","template":"","meta":{"_kad_post_transparent":"","_kad_post_title":"hide","_kad_post_layout":"fullwidth","_kad_post_sidebar_id":"","_kad_post_content_style":"unboxed","_kad_post_vertical_padding":"hide","_kad_post_feature":"hide","_kad_post_feature_position":"","_kad_post_header":false,"_kad_post_footer":false,"footnotes":""},"class_list":["post-1071","page","type-page","status-publish","hentry"],"yoast_head":"<!-- This site is optimized with the Yoast SEO plugin v24.5 - https:\/\/yoast.com\/wordpress\/plugins\/seo\/ -->\n<title>Mesafeli Sat\u0131\u015f S\u00f6zle\u015fmesi - Devri Robotik| Devrirobotik Al\u0131\u015fveri\u015f Ko\u015fullar\u0131<\/title>\n<meta name=\"description\" content=\"Mesafeli sat\u0131\u015f s\u00f6zle\u015fmesi ile Devrirobotik \u00fczerinden yap\u0131lan al\u0131\u015fveri\u015flerin yasal \u015fartlar\u0131n\u0131 ve al\u0131c\u0131 haklar\u0131n\u0131 \u00f6\u011frenin.\" \/>\n<meta name=\"robots\" content=\"index, follow, max-snippet:-1, max-image-preview:large, max-video-preview:-1\" \/>\n<link rel=\"canonical\" href=\"https:\/\/devrirobotik.com\/index.php\/mesafeli-satis-sozlesmesi\/\" \/>\n<meta property=\"og:locale\" content=\"tr_TR\" \/>\n<meta property=\"og:type\" content=\"article\" \/>\n<meta property=\"og:title\" content=\"Mesafeli Sat\u0131\u015f S\u00f6zle\u015fmesi - Devri Robotik| Devrirobotik Al\u0131\u015fveri\u015f Ko\u015fullar\u0131\" \/>\n<meta property=\"og:description\" content=\"Mesafeli sat\u0131\u015f s\u00f6zle\u015fmesi ile Devrirobotik \u00fczerinden yap\u0131lan al\u0131\u015fveri\u015flerin yasal \u015fartlar\u0131n\u0131 ve al\u0131c\u0131 haklar\u0131n\u0131 \u00f6\u011frenin.\" \/>\n<meta property=\"og:url\" content=\"https:\/\/devrirobotik.com\/index.php\/mesafeli-satis-sozlesmesi\/\" \/>\n<meta property=\"og:site_name\" content=\"Devri Robotik\" \/>\n<meta property=\"article:publisher\" content=\"https:\/\/www.facebook.com\/devrirobotik\/\" \/>\n<meta property=\"article:modified_time\" content=\"2025-04-30T13:04:30+00:00\" \/>\n<meta name=\"twitter:card\" content=\"summary_large_image\" \/>\n<meta name=\"twitter:site\" content=\"@DevriRobotik\" \/>\n<meta name=\"twitter:label1\" content=\"Tahmini okuma s\u00fcresi\" \/>\n\t<meta name=\"twitter:data1\" content=\"5 dakika\" \/>\n<script type=\"application\/ld+json\" class=\"yoast-schema-graph\">{\"@context\":\"https:\/\/schema.org\",\"@graph\":[{\"@type\":\"WebPage\",\"@id\":\"https:\/\/devrirobotik.com\/index.php\/mesafeli-satis-sozlesmesi\/\",\"url\":\"https:\/\/devrirobotik.com\/index.php\/mesafeli-satis-sozlesmesi\/\",\"name\":\"Mesafeli Sat\u0131\u015f S\u00f6zle\u015fmesi - Devri Robotik| Devrirobotik Al\u0131\u015fveri\u015f Ko\u015fullar\u0131\",\"isPartOf\":{\"@id\":\"https:\/\/devrirobotik.com\/#website\"},\"datePublished\":\"2024-09-29T18:05:51+00:00\",\"dateModified\":\"2025-04-30T13:04:30+00:00\",\"description\":\"Mesafeli sat\u0131\u015f s\u00f6zle\u015fmesi ile Devrirobotik \u00fczerinden yap\u0131lan al\u0131\u015fveri\u015flerin yasal \u015fartlar\u0131n\u0131 ve al\u0131c\u0131 haklar\u0131n\u0131 \u00f6\u011frenin.\",\"breadcrumb\":{\"@id\":\"https:\/\/devrirobotik.com\/index.php\/mesafeli-satis-sozlesmesi\/#breadcrumb\"},\"inLanguage\":\"tr\",\"potentialAction\":[{\"@type\":\"ReadAction\",\"target\":[\"https:\/\/devrirobotik.com\/index.php\/mesafeli-satis-sozlesmesi\/\"]}]},{\"@type\":\"BreadcrumbList\",\"@id\":\"https:\/\/devrirobotik.com\/index.php\/mesafeli-satis-sozlesmesi\/#breadcrumb\",\"itemListElement\":[{\"@type\":\"ListItem\",\"position\":1,\"name\":\"Anasayfa\",\"item\":\"https:\/\/devrirobotik.com\/\"},{\"@type\":\"ListItem\",\"position\":2,\"name\":\"Mesafeli Sat\u0131\u015f S\u00f6zle\u015fmesi\"}]},{\"@type\":\"WebSite\",\"@id\":\"https:\/\/devrirobotik.com\/#website\",\"url\":\"https:\/\/devrirobotik.com\/\",\"name\":\"Devri Robotik\",\"description\":\"\",\"publisher\":{\"@id\":\"https:\/\/devrirobotik.com\/#organization\"},\"potentialAction\":[{\"@type\":\"SearchAction\",\"target\":{\"@type\":\"EntryPoint\",\"urlTemplate\":\"https:\/\/devrirobotik.com\/?s={search_term_string}\"},\"query-input\":{\"@type\":\"PropertyValueSpecification\",\"valueRequired\":true,\"valueName\":\"search_term_string\"}}],\"inLanguage\":\"tr\"},{\"@type\":\"Organization\",\"@id\":\"https:\/\/devrirobotik.com\/#organization\",\"name\":\"Devri Robotik\",\"url\":\"https:\/\/devrirobotik.com\/\",\"logo\":{\"@type\":\"ImageObject\",\"inLanguage\":\"tr\",\"@id\":\"https:\/\/devrirobotik.com\/#\/schema\/logo\/image\/\",\"url\":\"https:\/\/devrirobotik.com\/wp-content\/uploads\/2025\/03\/Adsiz-tasarim-2.png\",\"contentUrl\":\"https:\/\/devrirobotik.com\/wp-content\/uploads\/2025\/03\/Adsiz-tasarim-2.png\",\"width\":500,\"height\":500,\"caption\":\"Devri Robotik\"},\"image\":{\"@id\":\"https:\/\/devrirobotik.com\/#\/schema\/logo\/image\/\"},\"sameAs\":[\"https:\/\/www.facebook.com\/devrirobotik\/\",\"https:\/\/x.com\/DevriRobotik\",\"https:\/\/www.instagram.com\/devrirobotik\/\",\"https:\/\/www.youtube.com\/@devr-irobotik\",\"https:\/\/www.linkedin.com\/company\/devr-i-robotik\/\"]}]}<\/script>\n<!-- \/ Yoast SEO plugin. -->","yoast_head_json":{"title":"Mesafeli Sat\u0131\u015f S\u00f6zle\u015fmesi - Devri Robotik| Devrirobotik Al\u0131\u015fveri\u015f Ko\u015fullar\u0131","description":"Mesafeli sat\u0131\u015f s\u00f6zle\u015fmesi ile Devrirobotik \u00fczerinden yap\u0131lan al\u0131\u015fveri\u015flerin yasal \u015fartlar\u0131n\u0131 ve al\u0131c\u0131 haklar\u0131n\u0131 \u00f6\u011frenin.","robots":{"index":"index","follow":"follow","max-snippet":"max-snippet:-1","max-image-preview":"max-image-preview:large","max-video-preview":"max-video-preview:-1"},"canonical":"https:\/\/devrirobotik.com\/index.php\/mesafeli-satis-sozlesmesi\/","og_locale":"tr_TR","og_type":"article","og_title":"Mesafeli Sat\u0131\u015f S\u00f6zle\u015fmesi - Devri Robotik| Devrirobotik Al\u0131\u015fveri\u015f Ko\u015fullar\u0131","og_description":"Mesafeli sat\u0131\u015f s\u00f6zle\u015fmesi ile Devrirobotik \u00fczerinden yap\u0131lan al\u0131\u015fveri\u015flerin yasal \u015fartlar\u0131n\u0131 ve al\u0131c\u0131 haklar\u0131n\u0131 \u00f6\u011frenin.","og_url":"https:\/\/devrirobotik.com\/index.php\/mesafeli-satis-sozlesmesi\/","og_site_name":"Devri Robotik","article_publisher":"https:\/\/www.facebook.com\/devrirobotik\/","article_modified_time":"2025-04-30T13:04:30+00:00","twitter_card":"summary_large_image","twitter_site":"@DevriRobotik","twitter_misc":{"Tahmini okuma s\u00fcresi":"5 dakika"},"schema":{"@context":"https:\/\/schema.org","@graph":[{"@type":"WebPage","@id":"https:\/\/devrirobotik.com\/index.php\/mesafeli-satis-sozlesmesi\/","url":"https:\/\/devrirobotik.com\/index.php\/mesafeli-satis-sozlesmesi\/","name":"Mesafeli Sat\u0131\u015f S\u00f6zle\u015fmesi - Devri Robotik| Devrirobotik Al\u0131\u015fveri\u015f Ko\u015fullar\u0131","isPartOf":{"@id":"https:\/\/devrirobotik.com\/#website"},"datePublished":"2024-09-29T18:05:51+00:00","dateModified":"2025-04-30T13:04:30+00:00","description":"Mesafeli sat\u0131\u015f s\u00f6zle\u015fmesi ile Devrirobotik \u00fczerinden yap\u0131lan al\u0131\u015fveri\u015flerin yasal \u015fartlar\u0131n\u0131 ve al\u0131c\u0131 haklar\u0131n\u0131 \u00f6\u011frenin.","breadcrumb":{"@id":"https:\/\/devrirobotik.com\/index.php\/mesafeli-satis-sozlesmesi\/#breadcrumb"},"inLanguage":"tr","potentialAction":[{"@type":"ReadAction","target":["https:\/\/devrirobotik.com\/index.php\/mesafeli-satis-sozlesmesi\/"]}]},{"@type":"BreadcrumbList","@id":"https:\/\/devrirobotik.com\/index.php\/mesafeli-satis-sozlesmesi\/#breadcrumb","itemListElement":[{"@type":"ListItem","position":1,"name":"Anasayfa","item":"https:\/\/devrirobotik.com\/"},{"@type":"ListItem","position":2,"name":"Mesafeli Sat\u0131\u015f S\u00f6zle\u015fmesi"}]},{"@type":"WebSite","@id":"https:\/\/devrirobotik.com\/#website","url":"https:\/\/devrirobotik.com\/","name":"Devri Robotik","description":"","publisher":{"@id":"https:\/\/devrirobotik.com\/#organization"},"potentialAction":[{"@type":"SearchAction","target":{"@type":"EntryPoint","urlTemplate":"https:\/\/devrirobotik.com\/?s={search_term_string}"},"query-input":{"@type":"PropertyValueSpecification","valueRequired":true,"valueName":"search_term_string"}}],"inLanguage":"tr"},{"@type":"Organization","@id":"https:\/\/devrirobotik.com\/#organization","name":"Devri Robotik","url":"https:\/\/devrirobotik.com\/","logo":{"@type":"ImageObject","inLanguage":"tr","@id":"https:\/\/devrirobotik.com\/#\/schema\/logo\/image\/","url":"https:\/\/devrirobotik.com\/wp-content\/uploads\/2025\/03\/Adsiz-tasarim-2.png","contentUrl":"https:\/\/devrirobotik.com\/wp-content\/uploads\/2025\/03\/Adsiz-tasarim-2.png","width":500,"height":500,"caption":"Devri Robotik"},"image":{"@id":"https:\/\/devrirobotik.com\/#\/schema\/logo\/image\/"},"sameAs":["https:\/\/www.facebook.com\/devrirobotik\/","https:\/\/x.com\/DevriRobotik","https:\/\/www.instagram.com\/devrirobotik\/","https:\/\/www.youtube.com\/@devr-irobotik","https:\/\/www.linkedin.com\/company\/devr-i-robotik\/"]}]}},"_links":{"self":[{"href":"https:\/\/devrirobotik.com\/index.php\/wp-json\/wp\/v2\/pages\/1071","targetHints":{"allow":["GET"]}}],"collection":[{"href":"https:\/\/devrirobotik.com\/index.php\/wp-json\/wp\/v2\/pages"}],"about":[{"href":"https:\/\/devrirobotik.com\/index.php\/wp-json\/wp\/v2\/types\/page"}],"author":[{"embeddable":true,"href":"https:\/\/devrirobotik.com\/index.php\/wp-json\/wp\/v2\/users\/1"}],"replies":[{"embeddable":true,"href":"https:\/\/devrirobotik.com\/index.php\/wp-json\/wp\/v2\/comments?post=1071"}],"version-history":[{"count":10,"href":"https:\/\/devrirobotik.com\/index.php\/wp-json\/wp\/v2\/pages\/1071\/revisions"}],"predecessor-version":[{"id":1103,"href":"https:\/\/devrirobotik.com\/index.php\/wp-json\/wp\/v2\/pages\/1071\/revisions\/1103"}],"wp:attachment":[{"href":"https:\/\/devrirobotik.com\/index.php\/wp-json\/wp\/v2\/media?parent=1071"}],"curies":[{"name":"wp","href":"https:\/\/api.w.org\/{rel}","templated":true}]}}