{"id":1081,"date":"2024-09-29T18:25:04","date_gmt":"2024-09-29T18:25:04","guid":{"rendered":"https:\/\/devrirobotik.com\/?page_id=1081"},"modified":"2025-04-30T12:56:05","modified_gmt":"2025-04-30T12:56:05","slug":"devri-robotik-teslimat-kosullari","status":"publish","type":"page","link":"https:\/\/devrirobotik.com\/index.php\/devri-robotik-teslimat-kosullari\/","title":{"rendered":"Teslimat Ko\u015fullar\u0131"},"content":{"rendered":"\t\t<div data-elementor-type=\"wp-page\" data-elementor-id=\"1081\" class=\"elementor elementor-1081\">\n\t\t\t\t<div class=\"elementor-element elementor-element-814447b e-con-full e-flex e-con e-parent\" data-id=\"814447b\" data-element_type=\"container\" data-settings=\"{&quot;background_background&quot;:&quot;classic&quot;}\">\n\t\t\t\t<div class=\"elementor-element elementor-element-23c36e1 elementor-widget-mobile__width-initial elementor-widget elementor-widget-heading\" data-id=\"23c36e1\" data-element_type=\"widget\" data-widget_type=\"heading.default\">\n\t\t\t\t<div class=\"elementor-widget-container\">\n\t\t\t<h2 class=\"elementor-heading-title elementor-size-default\"><h3 style=\"font-family: 'Roboto', sans-serif;font-size: 42px;margin-top: -50px\">Teslimat Ko\u015fullar\u0131<\/h3><\/h2>\t\t<\/div>\n\t\t\t\t<\/div>\n\t\t\t\t<\/div>\n\t\t<div class=\"elementor-element elementor-element-c3e0c94 e-flex e-con-boxed e-con e-parent\" data-id=\"c3e0c94\" data-element_type=\"container\">\n\t\t\t\t\t<div class=\"e-con-inner\">\n\t\t\t\t<div class=\"elementor-element elementor-element-710cc42 elementor-widget elementor-widget-heading\" data-id=\"710cc42\" data-element_type=\"widget\" data-widget_type=\"heading.default\">\n\t\t\t\t<div class=\"elementor-widget-container\">\n\t\t\t<h2 class=\"elementor-heading-title elementor-size-default\">Sipari\u015finizi kabul etti\u011fimiz zaman, Talep etti\u011finiz \u00fcr\u00fcn\u00fc (veya \u00fcr\u00fcnleri) a\u015fa\u011f\u0131da belirtilen\nzaman dilimi i\u00e7erisinde haz\u0131rlamay\u0131 hedeflemekteyiz (kargoya teslim).\n\n\n<\/h2>\t\t<\/div>\n\t\t\t\t<\/div>\n\t\t\t\t<div class=\"elementor-element elementor-element-3e2eae5 elementor-widget elementor-widget-heading\" data-id=\"3e2eae5\" data-element_type=\"widget\" data-widget_type=\"heading.default\">\n\t\t\t\t<div class=\"elementor-widget-container\">\n\t\t\t<h2 class=\"elementor-heading-title elementor-size-default\"><p>Online al\u0131\u015fveri\u015flerinizde, \u00fcr\u00fcnlerinizin tercih etti\u011finiz adrese teslim edilmesini talep edebilirsiniz. Baz\u0131 teklif ve promosyonlar\u0131n teslimat ile ilgili farkl\u0131 zaman dilimleri olabilir, bu bilgiler, her bir promosyona ili\u015fkin \u015fart ve ko\u015fullarda belirtilecektir. Sipari\u015finizle ilgili herhangi bir sorunuz olmas\u0131 halinde \u015eirket ve Konu ile g\u00f6revli ki\u015fiyi info@devrirobotik.com adresinden e-posta g\u00f6nderebilir veya \u015eirket ve Konu ile g\u00f6revli ki\u015fiyi 0312 266 4664 numaral\u0131 telefondan arayabilirsiniz. \u00dcr\u00fcnler bazen ayr\u0131 olarak ula\u015ft\u0131r\u0131labilir, ancak bu durumda, ilave teslimat \u00fccreti \u00f6demeniz gerekmeyecektir. Stokta olmayan (haz\u0131r olmayan) bir \u00fcr\u00fcn sipari\u015f etmi\u015f olman\u0131z halinde, s\u00f6z konusu \u00fcr\u00fcn stoka girdikten sonra ve sipari\u015f verdikten sonra se\u00e7mi\u015f oldu\u011funuz y\u00f6ntemle size teslim edilecektir. Sipari\u015finizin g\u00f6nderilmesinden sonra sizi e-posta ile bilgilendirece\u011fiz.<\/p>\n<p>Teslimat yap\u0131lacak adresin g\u00fcvenilir olmad\u0131\u011f\u0131na kanaat getirmemiz halinde (\u00f6rne\u011fin; halka a\u00e7\u0131k posta adresi veya Posta Kutusunun adres olarak g\u00f6sterilmesi durumunda) sipari\u015fi teslim etmeme hakk\u0131m\u0131z sakl\u0131d\u0131r. E\u011fer bu durum sipari\u015finizi etkileyecekse, sizi durum hakk\u0131nda m\u00fcmk\u00fcn olan en k\u0131sa s\u00fcre i\u00e7erisinde bilgilendirece\u011fiz. Kurye arad\u0131\u011f\u0131nda adreste kimsenin bulunmamas\u0131 durumunda, ALICI bu durumdan sorumludur Devr-i Robotik \u015eirketi\u2019nin herhangi bir sorumlulu\u011fu yoktur.<\/p>\n<p>Ana Ba\u015f Bayi ve Bayiler\u2019in yetkileri k\u0131s\u0131tlanamaz, Ana Ba\u015f Bayi ve Bayiler\u2019in yetki s\u0131n\u0131rlar\u0131 i\u00e7ersinde sat\u0131\u015flar\u0131n\u0131 yaparlar, sat\u0131\u015f konusunu da \u015firkete bildirirler. Ayr\u0131ca di\u011fer Devr-i Robotik \u015eirketi\u2019nin sat\u0131\u015f ile ilgili maddeleri burada da ge\u00e7erlidir (di\u011fer s\u00f6zle\u015fmelere bak\u0131n\u0131z.).<\/p>\n\n<h2 style=\"font-weight: bold\">Teslimat zaman dilimleri: Devr-i Robotik cihazlar\u0131, aksesuarlar\u0131 ve yedek par\u00e7alar\u0131<\/h2>\n<p>Sistemimize gelen sipari\u015fler hafta i\u00e7i 24 saat i\u00e7erisinde, Cuma g\u00fcn\u00fc ve hafta sonu ise bir sonraki i\u015f g\u00fcn\u00fc i\u00e7erisinde anla\u015fmal\u0131 kargo firmam\u0131za teslim edilerek kargoya verilir (e\u011fer stokta \u00fcr\u00fcn varsa.). Sipari\u015fin ula\u015fma s\u00fcresi bulunulan lokasyona g\u00f6re de\u011fi\u015fiklik g\u00f6sterebilir. Sistemimize gelen sipari\u015fler anla\u015fmal\u0131 kargo firmam\u0131z taraf\u0131ndan gerekli adreslere belirlenen i\u015f g\u00fcn\u00fc i\u00e7erisinde teslim edilir. (\u0130l\u00e7elerde teslimat s\u00fcresi farkl\u0131l\u0131k g\u00f6sterebilir.) Hafta sonu ve Resmi Tatil g\u00fcnlerinde teslimat yap\u0131lmamaktad\u0131r.<\/p>\n\n<h2 style=\"font-weight: bold\">\u0130adeler<\/h2>\n<p>\u00dcr\u00fcnlerin size ula\u015fmas\u0131ndan itibaren sipari\u015finizi iade etmeniz i\u00e7in \u00fcr\u00fcnleri teslim ald\u0131\u011f\u0131n\u0131z g\u00fcnden ba\u015flamak \u00fczere 14 (yasal s\u00fcre) g\u00fcnl\u00fck bir s\u00fcreniz bulunmaktad\u0131r. \u00dcr\u00fcn\u00fc iade etmeye karar verdi\u011finizde, paketi hasar g\u00f6rmemi\u015f, aksesuarlar\u0131 ve aparatlar\u0131n\u0131n kutu i\u00e7inde eksiksiz oldu\u011fundan, orijinal kutunun ve t\u00fcm i\u00e7eri\u011finin zarar g\u00f6rmemi\u015f bir \u015fekilde g\u00f6nderilmesi gerekmektedir. Tam bir geri \u00f6deme alabilmek i\u00e7in iade edilecek \u00fcr\u00fcn ile birlikte gelen t\u00fcm aksesuar, ba\u015fl\u0131k veya promosyon hediyeleri dahil olmak \u00fczere, \u00fcr\u00fcn\u00fcn bir par\u00e7as\u0131 olarak kabul edilen t\u00fcm mallar\u0131n iade edilmesi gerekmektedir.<\/p>\n\n<h2 style=\"font-weight: bold\">Sipari\u015finizi iptal etmek i\u00e7in:<\/h2>\n<p>0312 266 4664 numaral\u0131 telefonu arayabilir; veya info@devrirobotik.com adresine e-posta g\u00f6nderebilirsiniz.<\/p>\n\n<h2 style=\"font-weight: bold\">Tipik teslimat zaman dilimlerinde istisnalar:<\/h2>\n<p>Yasa\u2019n\u0131n \u00f6n g\u00f6rd\u00fc\u011f\u00fc olumsuzluklar halinde, Ola\u011fan\u00fcst\u00fc h\u00e2l, do\u011fal afet gibi m\u00fccbir durumlarda teslimat yapamayabiliriz. Sizinle irtibata ge\u00e7ilecek ve bilgi verilecektir.<\/p>\n<\/h2>\t\t<\/div>\n\t\t\t\t<\/div>\n\t\t\t\t\t<\/div>\n\t\t\t\t<\/div>\n\t\t\t\t<\/div>\n\t\t","protected":false},"excerpt":{"rendered":"<p>Teslimat Ko\u015fullar\u0131 Sipari\u015finizi kabul etti\u011fimiz zaman, Talep etti\u011finiz \u00fcr\u00fcn\u00fc (veya \u00fcr\u00fcnleri) a\u015fa\u011f\u0131da belirtilen zaman dilimi i\u00e7erisinde haz\u0131rlamay\u0131 hedeflemekteyiz (kargoya teslim). Online al\u0131\u015fveri\u015flerinizde, \u00fcr\u00fcnlerinizin tercih etti\u011finiz adrese teslim edilmesini talep edebilirsiniz. Baz\u0131 teklif ve promosyonlar\u0131n teslimat ile ilgili farkl\u0131 zaman dilimleri olabilir, bu bilgiler, her bir promosyona ili\u015fkin \u015fart ve ko\u015fullarda belirtilecektir. Sipari\u015finizle ilgili herhangi bir&#8230;<\/p>\n","protected":false},"author":1,"featured_media":0,"parent":0,"menu_order":0,"comment_status":"closed","ping_status":"closed","template":"","meta":{"_kad_post_transparent":"","_kad_post_title":"hide","_kad_post_layout":"fullwidth","_kad_post_sidebar_id":"","_kad_post_content_style":"unboxed","_kad_post_vertical_padding":"hide","_kad_post_feature":"hide","_kad_post_feature_position":"","_kad_post_header":false,"_kad_post_footer":false,"footnotes":""},"class_list":["post-1081","page","type-page","status-publish","hentry"],"yoast_head":"<!-- This site is optimized with the Yoast SEO plugin v24.5 - https:\/\/yoast.com\/wordpress\/plugins\/seo\/ -->\n<title>Teslimat Ko\u015fullar\u0131 - Devri Robotik | H\u0131zl\u0131 ve G\u00fcvenli Kargo S\u00fcreci<\/title>\n<meta name=\"description\" content=\"Devri Robotik teslimat ko\u015fullar\u0131 hakk\u0131nda detayl\u0131 bilgi al\u0131n. Kargo s\u00fcreci, teslim s\u00fcresi ve lojistik detaylar\u0131 bu sayfada sizi bekliyor.\" \/>\n<meta name=\"robots\" content=\"index, follow, max-snippet:-1, max-image-preview:large, max-video-preview:-1\" \/>\n<link rel=\"canonical\" href=\"https:\/\/devrirobotik.com\/index.php\/devri-robotik-teslimat-kosullari\/\" \/>\n<meta property=\"og:locale\" content=\"tr_TR\" \/>\n<meta property=\"og:type\" content=\"article\" \/>\n<meta property=\"og:title\" content=\"Teslimat Ko\u015fullar\u0131 - Devri Robotik | H\u0131zl\u0131 ve G\u00fcvenli Kargo S\u00fcreci\" \/>\n<meta property=\"og:description\" content=\"Devri Robotik teslimat ko\u015fullar\u0131 hakk\u0131nda detayl\u0131 bilgi al\u0131n. Kargo s\u00fcreci, teslim s\u00fcresi ve lojistik detaylar\u0131 bu sayfada sizi bekliyor.\" \/>\n<meta property=\"og:url\" content=\"https:\/\/devrirobotik.com\/index.php\/devri-robotik-teslimat-kosullari\/\" \/>\n<meta property=\"og:site_name\" content=\"Devri Robotik\" \/>\n<meta property=\"article:publisher\" content=\"https:\/\/www.facebook.com\/devrirobotik\/\" \/>\n<meta property=\"article:modified_time\" content=\"2025-04-30T12:56:05+00:00\" \/>\n<meta name=\"twitter:card\" content=\"summary_large_image\" \/>\n<meta name=\"twitter:site\" content=\"@DevriRobotik\" \/>\n<meta name=\"twitter:label1\" content=\"Tahmini okuma s\u00fcresi\" \/>\n\t<meta name=\"twitter:data1\" content=\"3 dakika\" \/>\n<script type=\"application\/ld+json\" class=\"yoast-schema-graph\">{\"@context\":\"https:\/\/schema.org\",\"@graph\":[{\"@type\":\"WebPage\",\"@id\":\"https:\/\/devrirobotik.com\/index.php\/devri-robotik-teslimat-kosullari\/\",\"url\":\"https:\/\/devrirobotik.com\/index.php\/devri-robotik-teslimat-kosullari\/\",\"name\":\"Teslimat Ko\u015fullar\u0131 - Devri Robotik | H\u0131zl\u0131 ve G\u00fcvenli Kargo S\u00fcreci\",\"isPartOf\":{\"@id\":\"https:\/\/devrirobotik.com\/#website\"},\"datePublished\":\"2024-09-29T18:25:04+00:00\",\"dateModified\":\"2025-04-30T12:56:05+00:00\",\"description\":\"Devri Robotik teslimat ko\u015fullar\u0131 hakk\u0131nda detayl\u0131 bilgi al\u0131n. Kargo s\u00fcreci, teslim s\u00fcresi ve lojistik detaylar\u0131 bu sayfada sizi bekliyor.\",\"breadcrumb\":{\"@id\":\"https:\/\/devrirobotik.com\/index.php\/devri-robotik-teslimat-kosullari\/#breadcrumb\"},\"inLanguage\":\"tr\",\"potentialAction\":[{\"@type\":\"ReadAction\",\"target\":[\"https:\/\/devrirobotik.com\/index.php\/devri-robotik-teslimat-kosullari\/\"]}]},{\"@type\":\"BreadcrumbList\",\"@id\":\"https:\/\/devrirobotik.com\/index.php\/devri-robotik-teslimat-kosullari\/#breadcrumb\",\"itemListElement\":[{\"@type\":\"ListItem\",\"position\":1,\"name\":\"Anasayfa\",\"item\":\"https:\/\/devrirobotik.com\/\"},{\"@type\":\"ListItem\",\"position\":2,\"name\":\"Teslimat Ko\u015fullar\u0131\"}]},{\"@type\":\"WebSite\",\"@id\":\"https:\/\/devrirobotik.com\/#website\",\"url\":\"https:\/\/devrirobotik.com\/\",\"name\":\"Devri Robotik\",\"description\":\"\",\"publisher\":{\"@id\":\"https:\/\/devrirobotik.com\/#organization\"},\"potentialAction\":[{\"@type\":\"SearchAction\",\"target\":{\"@type\":\"EntryPoint\",\"urlTemplate\":\"https:\/\/devrirobotik.com\/?s={search_term_string}\"},\"query-input\":{\"@type\":\"PropertyValueSpecification\",\"valueRequired\":true,\"valueName\":\"search_term_string\"}}],\"inLanguage\":\"tr\"},{\"@type\":\"Organization\",\"@id\":\"https:\/\/devrirobotik.com\/#organization\",\"name\":\"Devri Robotik\",\"url\":\"https:\/\/devrirobotik.com\/\",\"logo\":{\"@type\":\"ImageObject\",\"inLanguage\":\"tr\",\"@id\":\"https:\/\/devrirobotik.com\/#\/schema\/logo\/image\/\",\"url\":\"https:\/\/devrirobotik.com\/wp-content\/uploads\/2025\/03\/Adsiz-tasarim-2.png\",\"contentUrl\":\"https:\/\/devrirobotik.com\/wp-content\/uploads\/2025\/03\/Adsiz-tasarim-2.png\",\"width\":500,\"height\":500,\"caption\":\"Devri Robotik\"},\"image\":{\"@id\":\"https:\/\/devrirobotik.com\/#\/schema\/logo\/image\/\"},\"sameAs\":[\"https:\/\/www.facebook.com\/devrirobotik\/\",\"https:\/\/x.com\/DevriRobotik\",\"https:\/\/www.instagram.com\/devrirobotik\/\",\"https:\/\/www.youtube.com\/@devr-irobotik\",\"https:\/\/www.linkedin.com\/company\/devr-i-robotik\/\"]}]}<\/script>\n<!-- \/ Yoast SEO plugin. -->","yoast_head_json":{"title":"Teslimat Ko\u015fullar\u0131 - Devri Robotik | H\u0131zl\u0131 ve G\u00fcvenli Kargo S\u00fcreci","description":"Devri Robotik teslimat ko\u015fullar\u0131 hakk\u0131nda detayl\u0131 bilgi al\u0131n. Kargo s\u00fcreci, teslim s\u00fcresi ve lojistik detaylar\u0131 bu sayfada sizi bekliyor.","robots":{"index":"index","follow":"follow","max-snippet":"max-snippet:-1","max-image-preview":"max-image-preview:large","max-video-preview":"max-video-preview:-1"},"canonical":"https:\/\/devrirobotik.com\/index.php\/devri-robotik-teslimat-kosullari\/","og_locale":"tr_TR","og_type":"article","og_title":"Teslimat Ko\u015fullar\u0131 - Devri Robotik | H\u0131zl\u0131 ve G\u00fcvenli Kargo S\u00fcreci","og_description":"Devri Robotik teslimat ko\u015fullar\u0131 hakk\u0131nda detayl\u0131 bilgi al\u0131n. Kargo s\u00fcreci, teslim s\u00fcresi ve lojistik detaylar\u0131 bu sayfada sizi bekliyor.","og_url":"https:\/\/devrirobotik.com\/index.php\/devri-robotik-teslimat-kosullari\/","og_site_name":"Devri Robotik","article_publisher":"https:\/\/www.facebook.com\/devrirobotik\/","article_modified_time":"2025-04-30T12:56:05+00:00","twitter_card":"summary_large_image","twitter_site":"@DevriRobotik","twitter_misc":{"Tahmini okuma s\u00fcresi":"3 dakika"},"schema":{"@context":"https:\/\/schema.org","@graph":[{"@type":"WebPage","@id":"https:\/\/devrirobotik.com\/index.php\/devri-robotik-teslimat-kosullari\/","url":"https:\/\/devrirobotik.com\/index.php\/devri-robotik-teslimat-kosullari\/","name":"Teslimat Ko\u015fullar\u0131 - Devri Robotik | H\u0131zl\u0131 ve G\u00fcvenli Kargo S\u00fcreci","isPartOf":{"@id":"https:\/\/devrirobotik.com\/#website"},"datePublished":"2024-09-29T18:25:04+00:00","dateModified":"2025-04-30T12:56:05+00:00","description":"Devri Robotik teslimat ko\u015fullar\u0131 hakk\u0131nda detayl\u0131 bilgi al\u0131n. Kargo s\u00fcreci, teslim s\u00fcresi ve lojistik detaylar\u0131 bu sayfada sizi bekliyor.","breadcrumb":{"@id":"https:\/\/devrirobotik.com\/index.php\/devri-robotik-teslimat-kosullari\/#breadcrumb"},"inLanguage":"tr","potentialAction":[{"@type":"ReadAction","target":["https:\/\/devrirobotik.com\/index.php\/devri-robotik-teslimat-kosullari\/"]}]},{"@type":"BreadcrumbList","@id":"https:\/\/devrirobotik.com\/index.php\/devri-robotik-teslimat-kosullari\/#breadcrumb","itemListElement":[{"@type":"ListItem","position":1,"name":"Anasayfa","item":"https:\/\/devrirobotik.com\/"},{"@type":"ListItem","position":2,"name":"Teslimat Ko\u015fullar\u0131"}]},{"@type":"WebSite","@id":"https:\/\/devrirobotik.com\/#website","url":"https:\/\/devrirobotik.com\/","name":"Devri Robotik","description":"","publisher":{"@id":"https:\/\/devrirobotik.com\/#organization"},"potentialAction":[{"@type":"SearchAction","target":{"@type":"EntryPoint","urlTemplate":"https:\/\/devrirobotik.com\/?s={search_term_string}"},"query-input":{"@type":"PropertyValueSpecification","valueRequired":true,"valueName":"search_term_string"}}],"inLanguage":"tr"},{"@type":"Organization","@id":"https:\/\/devrirobotik.com\/#organization","name":"Devri Robotik","url":"https:\/\/devrirobotik.com\/","logo":{"@type":"ImageObject","inLanguage":"tr","@id":"https:\/\/devrirobotik.com\/#\/schema\/logo\/image\/","url":"https:\/\/devrirobotik.com\/wp-content\/uploads\/2025\/03\/Adsiz-tasarim-2.png","contentUrl":"https:\/\/devrirobotik.com\/wp-content\/uploads\/2025\/03\/Adsiz-tasarim-2.png","width":500,"height":500,"caption":"Devri Robotik"},"image":{"@id":"https:\/\/devrirobotik.com\/#\/schema\/logo\/image\/"},"sameAs":["https:\/\/www.facebook.com\/devrirobotik\/","https:\/\/x.com\/DevriRobotik","https:\/\/www.instagram.com\/devrirobotik\/","https:\/\/www.youtube.com\/@devr-irobotik","https:\/\/www.linkedin.com\/company\/devr-i-robotik\/"]}]}},"_links":{"self":[{"href":"https:\/\/devrirobotik.com\/index.php\/wp-json\/wp\/v2\/pages\/1081","targetHints":{"allow":["GET"]}}],"collection":[{"href":"https:\/\/devrirobotik.com\/index.php\/wp-json\/wp\/v2\/pages"}],"about":[{"href":"https:\/\/devrirobotik.com\/index.php\/wp-json\/wp\/v2\/types\/page"}],"author":[{"embeddable":true,"href":"https:\/\/devrirobotik.com\/index.php\/wp-json\/wp\/v2\/users\/1"}],"replies":[{"embeddable":true,"href":"https:\/\/devrirobotik.com\/index.php\/wp-json\/wp\/v2\/comments?post=1081"}],"version-history":[{"count":10,"href":"https:\/\/devrirobotik.com\/index.php\/wp-json\/wp\/v2\/pages\/1081\/revisions"}],"predecessor-version":[{"id":1109,"href":"https:\/\/devrirobotik.com\/index.php\/wp-json\/wp\/v2\/pages\/1081\/revisions\/1109"}],"wp:attachment":[{"href":"https:\/\/devrirobotik.com\/index.php\/wp-json\/wp\/v2\/media?parent=1081"}],"curies":[{"name":"wp","href":"https:\/\/api.w.org\/{rel}","templated":true}]}}