{"id":1088,"date":"2024-09-29T18:30:07","date_gmt":"2024-09-29T18:30:07","guid":{"rendered":"https:\/\/devrirobotik.com\/?page_id=1088"},"modified":"2025-04-30T13:00:20","modified_gmt":"2025-04-30T13:00:20","slug":"gizlilik-sozlesmesi","status":"publish","type":"page","link":"https:\/\/devrirobotik.com\/index.php\/gizlilik-sozlesmesi\/","title":{"rendered":"Gizlilik S\u00f6zle\u015fmesi"},"content":{"rendered":"\t\t<div data-elementor-type=\"wp-page\" data-elementor-id=\"1088\" class=\"elementor elementor-1088\">\n\t\t\t\t<div class=\"elementor-element elementor-element-814447b e-con-full e-flex e-con e-parent\" data-id=\"814447b\" data-element_type=\"container\" data-settings=\"{&quot;background_background&quot;:&quot;classic&quot;}\">\n\t\t\t\t<div class=\"elementor-element elementor-element-23c36e1 elementor-widget-mobile__width-initial elementor-widget elementor-widget-heading\" data-id=\"23c36e1\" data-element_type=\"widget\" data-widget_type=\"heading.default\">\n\t\t\t\t<div class=\"elementor-widget-container\">\n\t\t\t<h2 class=\"elementor-heading-title elementor-size-default\"><h3 style=\"font-family: 'Roboto', sans-serif;font-size: 42px;margin-top: -50px\">Gizlilik S\u00f6zle\u015fmesi<\/h3><\/h2>\t\t<\/div>\n\t\t\t\t<\/div>\n\t\t\t\t<\/div>\n\t\t<div class=\"elementor-element elementor-element-c3e0c94 e-flex e-con-boxed e-con e-parent\" data-id=\"c3e0c94\" data-element_type=\"container\">\n\t\t\t\t\t<div class=\"e-con-inner\">\n\t\t\t\t<div class=\"elementor-element elementor-element-3e2eae5 elementor-widget elementor-widget-heading\" data-id=\"3e2eae5\" data-element_type=\"widget\" data-widget_type=\"heading.default\">\n\t\t\t\t<div class=\"elementor-widget-container\">\n\t\t\t<h2 class=\"elementor-heading-title elementor-size-default\"><p>Devr-i Robotik, bireysel ve kurumsal gizlili\u011finizi korumak ve kullan\u0131lmakta bulunan teknolojik altyap\u0131dan, sistemden en \u00fcst seviyede yararlanman\u0131z\u0131 sa\u011flayabilmek amac\u0131yla, ki\u015fisel bilgi ve veri g\u00fcvenli\u011finiz i\u00e7in \u00e7e\u015fitli gizlilik ilkeleri benimsemi\u015ftir. \u0130\u015fbu gizlilik bildirimi, devrirobotik.com ile yapt\u0131\u011f\u0131n\u0131z i\u015flemlerde vermi\u015f oldu\u011funuz ki\u015fisel bilgilerin g\u00fcvenlik ve gizlili\u011fine ili\u015fkin politikalar\u0131 ve uygulamalar\u0131 a\u00e7\u0131klamaktad\u0131r. Bu gizlilik ilkeleri, Devr-i Robotik internet sitesi (ve t\u00fcm alt internet sitelerinde) veri toplanmas\u0131 ve\/veya kullan\u0131m\u0131 konusunda uygulanmak \u00fczere belirlenmi\u015f ve taraf\u0131m\u0131zdan beyan edilmektedir.<\/p>\n<p>Devr-i Robotik, kullan\u0131c\u0131lar\u0131n\u0131n bilgilerinin gizlili\u011fine ve g\u00fcvenli\u011fine sayg\u0131 g\u00f6stermekte ve bu itibarla gerekli tedbirleri almak i\u00e7in elinden gelen gayreti g\u00f6stermektedir. Devr-i Robotik adresini veya mobil uygulamas\u0131n\u0131 kullanarak, gizlili\u011fe ili\u015fkin y\u00fck\u00fcml\u00fcl\u00fcklere ve uygulamalara sad\u0131k kalaca\u011f\u0131n\u0131z\u0131 pe\u015finen beyan ve taahh\u00fct etmektesiniz. Ayr\u0131ca, Devr-i Robotik'e sunmu\u015f oldu\u011funuz ki\u015fisel bilgilerinizin i\u015fbu Gizlilik S\u00f6zle\u015fmesi'nde belirtilen \u015fekilde Devr-i Robotik, tedarik\u00e7iler ve\/veya arac\u0131 kurumlar taraf\u0131ndan toplanmas\u0131 ve kullan\u0131lmas\u0131n\u0131 kabul etmi\u015f (Yasa H\u00fck\u00fcmleri gere\u011fince) bulunmaktas\u0131n\u0131z.<\/p>\n<p>Devr-i Robotik\u2019i ziyaret etmek veya al\u0131\u015fveri\u015f yapma ile, bu sitenin kullan\u0131lmas\u0131na ili\u015fkin ko\u015fullar\u0131, gizlilik politikas\u0131n\u0131 ve site ile ilgili t\u00fcm cari kanunlar\u0131, y\u00f6netmelikleri ve mevzuat\u0131 a\u00e7\u0131k\u00e7a kabul etmi\u015f say\u0131l\u0131rs\u0131n\u0131z. Gizlilik S\u00f6zle\u015fmesi Web Sitesi'nin ve Devr-i Robotik mobil uygulamas\u0131n\u0131n t\u00fcm b\u00f6l\u00fcmlerinde ge\u00e7erli olacakt\u0131r. Devr-i Robotik sayfas\u0131nda belirtilen ileti\u015fim adreslerinden birisi ile kendisine yap\u0131lacak geri bildirimler do\u011frultusunda, \u201cGizlilik S\u00f6zle\u015fmesi\u201d b\u00f6l\u00fcm\u00fcnde d\u00fczeltme ve g\u00fcncelleme gibi i\u015flemleri, \u00f6nceden bildirmeksizin her zaman yapma hakk\u0131na sahiptir. Devr-i Robotik, \u201cGizlilik S\u00f6zle\u015fmesi\u201d beyanlar\u0131n\u0131 diledi\u011fi zaman g\u00fcncelleyebilir. Kullan\u0131c\u0131 \/ \u00fcye \/ ziyaret\u00e7i, belli aral\u0131klarla bu beyanlara ula\u015farak yeni geli\u015fmelerden haberdar olabilir.<\/p>\n\n<p>A\u015fa\u011f\u0131daki ama\u00e7lar i\u00e7in, hakk\u0131n\u0131zdaki bilgilere, hesab\u0131n\u0131z\u0131n ve\/veya ileti\u015fimlerinizin i\u00e7eri\u011fi hakk\u0131ndaki bilgilere eri\u015febilir veya bunlar\u0131 a\u00e7\u0131klayabiliriz:<\/p>\n<ul>\n  <li>Yasalara veya bize tebli\u011f edilen yasal i\u015flemlere uyma (Her t\u00fcrl\u00fc Ter\u00f6r faaliyetlerinde bulunulmamas\u0131 ve bilgi verilmemesi kesinlikle yasakt\u0131r.),<\/li>\n  <li>Yasalara ayk\u0131r\u0131 faaliyetlere kat\u0131lmak veya yard\u0131mc\u0131 olmak i\u00e7in bu hizmeti kullanmak da d\u00e2hil Kullan\u0131m \u015eartlar\u0131 ile Mesafeli Sat\u0131\u015f S\u00f6zle\u015fmesi'nin olas\u0131 ihlallerini ara\u015ft\u0131rma veya teyit etme,<\/li>\n  <li>Devr-i Robotik\u2019i, \u00e7al\u0131\u015fanlar\u0131n\u0131, m\u00fc\u015fterilerini veya kamunun haklar\u0131n\u0131, m\u00fclk\u00fcn\u00fc veya g\u00fcvenli\u011fini koruma.<\/li>\n<\/ul>\n\n<p>A\u015fa\u011f\u0131daki maddelere y\u00f6nelik ama\u00e7larla taraf\u0131m\u0131zca toplanm\u0131\u015f olan t\u00fcm bilgiler g\u00fcvenli bir ortamda saklanmaktad\u0131r:<\/p>\n<ul>\n  <li>Rezervasyon ve sat\u0131\u015f\u0131n\u0131z\u0131n i\u015fleme konulmas\u0131 ve hesab\u0131n\u0131z\u0131n y\u00f6netilmesi,<\/li>\n  <li>\u0130\u015flemlerinizle ilgili istatistiklerin yap\u0131labilmesi ve taraf\u0131n\u0131zla olan ba\u011flant\u0131m\u0131z\u0131n devam\u0131n\u0131 sa\u011flayabilmek i\u00e7in ba\u011flant\u0131 listelerinin olu\u015fturulmas\u0131,<\/li>\n  <li>Site kullan\u0131m\u0131 ile ilgili ticari istatistik ve analizlerin bir araya getirilmesi,<\/li>\n  <li>Kimlik, do\u011frulama ve kay\u0131t olu\u015fturulmas\u0131.<\/li>\n<\/ul>\n\n<p>Web Sitesi'ni ve mobil uygulamay\u0131 kullanarak site veya mobil uygulama arac\u0131l\u0131\u011f\u0131 ile edinilebilen ki\u015fisel bilgilerinizi Devr-i Robotik ve ona ba\u011fl\u0131 \u015firketlerin, ortak ve acentelerin sa\u011flam\u0131\u015f oldu\u011fu di\u011fer \u00fcr\u00fcnler veya hizmetler hakk\u0131nda sizi bilgilendirmek ya da \u015fu anki \u00fcr\u00fcnlerimiz, hizmetlerimizin sat\u0131\u015f\u0131 ve kampanya duyurular\u0131m\u0131z\u0131 iletmek amac\u0131yla kullanabiliriz.<\/p>\n\n<p>Al\u0131\u015fveri\u015f s\u0131ras\u0131nda kullan\u0131lan Kredi kart\u0131 bilgileriniz ise siteden ba\u011f\u0131ms\u0131z olarak \u015fu anda Devr-i Robotik i\u00e7in mevcut en g\u00fcvenli kredi kart\u0131 \u00f6deme sistemiyle \u015fifrelenip bankalara ula\u015f\u0131r. Bu bilgiler firmam\u0131z arac\u0131l\u0131\u011f\u0131 ile direkt olarak bankalar\u0131n sunucular\u0131ndan ge\u00e7ti\u011fi i\u00e7in bankalar haricinde ne bizim taraf\u0131m\u0131zdan, ne de \u00fc\u00e7\u00fcnc\u00fc ki\u015filer taraf\u0131ndan hi\u00e7bir \u015fekilde g\u00f6r\u00fcnt\u00fclenemez, saklanamaz, kopyalanamaz ve depolanamaz.<\/p>\n\n<p>Devr-i Robotik\u2019\u0131n size en iyi \u015fekilde hizmet sunabilmesi i\u00e7in, isim, soy isim, kimlik belge numaras\u0131, email, telefon gibi bilgileri i\u00e7eren ancak bunlarla s\u0131n\u0131rl\u0131 olmayan, talep edilen \u00fcr\u00fcn ya da hizmetimize g\u00f6re de\u011fi\u015febilen bir tak\u0131m ki\u015fisel bilgilerinizi vermeniz zorunludur.<\/p>\n\n<p>Devr-i Robotik, ziyaret\u00e7ileri ya da kullan\u0131c\u0131lar\u0131 taraf\u0131ndan <a href=\"http:\/\/www.devrirobotik.com\">www.devrirobotik.com<\/a> adl\u0131 web sitesi \u00fczerinden kendisine elektronik ortamdan iletilen her t\u00fcrden ki\u015fisel bilgileri ve verileri \u00fc\u00e7\u00fcnc\u00fc ki\u015filere hi\u00e7bir \u015fekilde (Kanuni yetkililerce istendi\u011finde bilgiler verilebilir.) a\u00e7\u0131klamayacakt\u0131r. Bu bilgiler; kimlik do\u011frulama ve kay\u0131t olu\u015fturulmas\u0131, rezervasyon ve sat\u0131\u015f i\u015flemlerinin ger\u00e7ekle\u015ftirilmesi ve baz\u0131 istatistiklerin yap\u0131lmas\u0131 amac\u0131 ile kullan\u0131lacakt\u0131r ve iletme esnas\u0131nda \u015fifrelenerek korunacakt\u0131r. Devr-i Robotik \u015firketi\u2019nin sizlere daha iyi hizmet verebilmesi i\u00e7in gerekli izinleri vermi\u015f olman\u0131z gerekmektedir aksi takdirde olu\u015facak sorunlardan Devr-i Robotik \u015firketi sorumlu de\u011fildir.<\/p>\n\n<p>Veri, elimize ula\u015ft\u0131ktan sonra da Devr-i Robotik i\u00e7in her zaman esas olan s\u0131k\u0131 g\u00fcvenlik ve gizlilik standartlar\u0131nda koruma alt\u0131na al\u0131nm\u0131\u015f olur. Girmi\u015f oldu\u011funuz veriler, i\u015flemleriniz ve hukuki gereklilikler s\u00fcresince taraf\u0131m\u0131zca saklanmaktad\u0131r.<\/p>\n\n<p>Devr-i Robotik, sunmu\u015f oldu\u011fu hizmetlerin ve servislerin daha efektif kullan\u0131labilmesi amac\u0131yla bir\u00e7ok \u00fc\u00e7\u00fcnc\u00fc parti kurum ve kurulu\u015flarla \u00e7e\u015fitli \u015fekillerde i\u015fbirli\u011fi yapabilir. Bu i\u015fbirli\u011fi; reklam, sponsorluk, izinli pazarlama, veri payla\u015f\u0131m\u0131 ve yasal di\u011fer ticari y\u00f6ntemlerle olabilir. Devr-i Robotik, ileti\u015fim faaliyetlerinde, kanunlar\u0131n \u00f6ng\u00f6rd\u00fc\u011f\u00fc \u015fekilde izinli ileti\u015fim \/ pazarlama yapaca\u011f\u0131n\u0131, kullan\u0131c\u0131n\u0131n iste\u011fi d\u0131\u015f\u0131nda ileti\u015fim yapmamay\u0131, kullan\u0131c\u0131n\u0131n sistemden \u00fccretsiz ve kolayca \u00e7\u0131kabilmesini sa\u011flayacak ara\u00e7lar sunmay\u0131 beyan ve taahh\u00fct eder. Devr-i Robotik \u015firketi\u2019nden g\u00f6nderilen e-mail, sms gibi t\u00fcrl\u00fc yollardan yararlanmak istemiyorsan\u0131z bunu Devr-i Robotik \u015firketine 90 g\u00fcn i\u00e7inde bildirmi\u015f olman\u0131z gerekmektedir buna uygun olarak haber almaktan \u00e7\u0131kar\u0131l\u0131rs\u0131n\u0131z (muaf tutulursunuz).<\/p>\n\n<p>Devr-i Robotik taraf\u0131ndan site i\u00e7erisinde d\u00fczenlenebilecek periyodik veya periyodik olmayan anketlere cevap veren kullan\u0131c\u0131lardan talep edilebilecek bilgiler de, Devr-i Robotik ve i\u015fbirli\u011fi i\u00e7indeki ki\u015fi ya da kurumlar taraf\u0131ndan bu kullan\u0131c\u0131lara do\u011frudan pazarlama yapmak, istatistiki analizler yapmak ve \u00f6zel bir veri taban\u0131 olu\u015fturmak amac\u0131yla da kullan\u0131labilmektedir.<\/p>\n\n<p>Devr-i Robotik, kullan\u0131c\u0131lar\u0131n\u0131n di\u011fer kullan\u0131c\u0131lar\u0131n eri\u015fimine a\u00e7\u0131k platformlarda ki\u015fisel bilgilerini payla\u015fmalar\u0131 durumunda, bahsi ge\u00e7en bilgilerin gizlili\u011finden sorumlu tutulamaz. Kullan\u0131c\u0131lar bu platformlarda a\u00e7\u0131klad\u0131klar\u0131 her ki\u015fisel bilgiden kendileri sorumludurlar ve bu bilgilerin a\u00e7\u0131klanmas\u0131 sebebiyle do\u011fan zararlardan Devr-i Robotik (Yasa H\u00fck\u00fcmleri gere\u011fince sorumlu tutulamaz.) sorumlu de\u011fildir.<\/p>\n\n\n<p>Devr-i Robotik, kendisine verilen gizli bilgileri kesinlikle \u00f6zel ve gizli tutmay\u0131, bunu bir s\u0131r olarak saklamay\u0131 y\u00fck\u00fcml\u00fcl\u00fck olarak kabul etti\u011fini ve gizlili\u011fin sa\u011flan\u0131p s\u00fcrd\u00fcr\u00fclmesi, gizli bilginin tamam\u0131n\u0131n veya herhangi bir par\u00e7as\u0131n\u0131n kamu alan\u0131na girmesini veya yetkisiz kullan\u0131m\u0131n\u0131 veya \u00fc\u00e7\u00fcnc\u00fc bir ki\u015fiye a\u00e7\u0131klanmas\u0131n\u0131 \u00f6nleme gere\u011fi olan gerekli t\u00fcm tedbirleri almay\u0131 ve \u00fczerine d\u00fc\u015fen t\u00fcm \u00f6zeni tam olarak g\u00f6stermeyi i\u015fbu bildirimle (Devr-i Robotik yasa kurallar\u0131na g\u00f6re hareket etmektedir.) taahh\u00fct etmektedir.<\/p>\n\n<p>M\u00fc\u015fteri bilgileri, ancak resmi makamlarca usul\u00fc dairesinde bu bilgilerin talep edilmesi halinde ve y\u00fcr\u00fcrl\u00fckteki emredici mevzuat h\u00fck\u00fcmleri gere\u011fince resmi makamlara a\u00e7\u0131klama yapmak zorunda oldu\u011fu durumlarda resmi makamlara a\u00e7\u0131klanabilecektir. M\u00fc\u015fterinin sisteme girdi\u011fi t\u00fcm bilgilere sadece M\u00fc\u015fteri ula\u015fabilmekte ve bu bilgileri sadece M\u00fc\u015fteri de\u011fi\u015ftirebilmektedir. Bir ba\u015fkas\u0131n\u0131n bu bilgilere ula\u015fmas\u0131 ve bunlar\u0131 de\u011fi\u015ftirmesi m\u00fcmk\u00fcn de\u011fildir.<\/p>\n\n<p>Devr-i Robotik, i\u015fbu gizlilik bildiriminde ge\u00e7en h\u00fck\u00fcmleri gerekli g\u00f6rd\u00fc\u011f\u00fc anlarda sitede \u201cGizlilik S\u00f6zle\u015fmesi\u201d sayfas\u0131nda yay\u0131nlamak \u015fart\u0131yla de\u011fi\u015ftirebilir. Devr-i Robotik\u2019\u0131n de\u011fi\u015fiklik yapt\u0131\u011f\u0131 gizlilik bildirimi h\u00fck\u00fcmleri, ilgili sayfada yay\u0131nland\u0131\u011f\u0131 tarihte y\u00fcr\u00fcrl\u00fc\u011fe girmi\u015f kabul edilir.<\/p>\n\n<p>\u0130\u015fbu Gizlilik S\u00f6zle\u015fmesi, Kullan\u0131m \u015eartlar\u0131 ile birlikte bir b\u00fct\u00fcnd\u00fcr, birlikte yorumlanmal\u0131d\u0131r.<\/p>\n\n<p>Web Sitesi\u2019ni kullanarak g\u00f6sterdi\u011finiz ilgi ve g\u00fcven i\u00e7in te\u015fekk\u00fcr ederiz.<\/p>\n\n<h2 style=\"font-weight: bold\">Devr-i Robotik \u0130leti\u015fim Bilgileri<\/h2>\n<p>Kullan\u0131c\u0131, Devr-i Robotik ile ileti\u015fime ge\u00e7mek istedi\u011finde a\u015fa\u011f\u0131da belirtilen yollar\u0131 kullanabilecektir:<\/p>\n\n\n\n<h2 style=\"font-weight: bold\">\u0130leti\u015fim Bilgileri:<\/h2>\n<table style=\"width:100%;border:1px solid black;border-collapse:collapse\">\n  <tr>\n    <th style=\"border:1px solid black;padding:8px;text-align:left\">E-Posta:<\/th>\n    <td style=\"border:1px solid black;padding:8px\">info@devrirobotik.com.tr<\/td>\n  <\/tr>\n  <tr>\n    <th style=\"border:1px solid black;padding:8px;text-align:left\">Adres:<\/th>\n    <td style=\"border:1px solid black;padding:8px\">Bah\u00e7elievler, 320. Sk. A\/214, 06830 G\u00f6lba\u015f\u0131\/Ankara<\/td>\n  <\/tr>\n  <tr>\n    <th style=\"border:1px solid black;padding:8px;text-align:left\">Ticaret Sicil No:<\/th>\n    <td style=\"border:1px solid black;padding:8px\">-<\/td>\n  <\/tr>\n  <tr>\n    <th style=\"border:1px solid black;padding:8px;text-align:left\">Mersis No:<\/th>\n    <td style=\"border:1px solid black;padding:8px\">-<\/td>\n  <\/tr>\n<\/table>\n<\/h2>\t\t<\/div>\n\t\t\t\t<\/div>\n\t\t\t\t\t<\/div>\n\t\t\t\t<\/div>\n\t\t\t\t<\/div>\n\t\t","protected":false},"excerpt":{"rendered":"<p>Gizlilik S\u00f6zle\u015fmesi Devr-i Robotik, bireysel ve kurumsal gizlili\u011finizi korumak ve kullan\u0131lmakta bulunan teknolojik altyap\u0131dan, sistemden en \u00fcst seviyede yararlanman\u0131z\u0131 sa\u011flayabilmek amac\u0131yla, ki\u015fisel bilgi ve veri g\u00fcvenli\u011finiz i\u00e7in \u00e7e\u015fitli gizlilik ilkeleri benimsemi\u015ftir. \u0130\u015fbu gizlilik bildirimi, devrirobotik.com ile yapt\u0131\u011f\u0131n\u0131z i\u015flemlerde vermi\u015f oldu\u011funuz ki\u015fisel bilgilerin g\u00fcvenlik ve gizlili\u011fine ili\u015fkin politikalar\u0131 ve uygulamalar\u0131 a\u00e7\u0131klamaktad\u0131r. Bu gizlilik ilkeleri, Devr-i Robotik&#8230;<\/p>\n","protected":false},"author":1,"featured_media":0,"parent":0,"menu_order":0,"comment_status":"closed","ping_status":"closed","template":"","meta":{"_kad_post_transparent":"","_kad_post_title":"hide","_kad_post_layout":"fullwidth","_kad_post_sidebar_id":"","_kad_post_content_style":"unboxed","_kad_post_vertical_padding":"hide","_kad_post_feature":"hide","_kad_post_feature_position":"","_kad_post_header":false,"_kad_post_footer":false,"footnotes":""},"class_list":["post-1088","page","type-page","status-publish","hentry"],"yoast_head":"<!-- This site is optimized with the Yoast SEO plugin v24.5 - https:\/\/yoast.com\/wordpress\/plugins\/seo\/ -->\n<title>Gizlilik S\u00f6zle\u015fmesi - Devri Robotik| Ki\u015fisel Verileriniz G\u00fcvende<\/title>\n<meta name=\"description\" content=\"Gizlilik s\u00f6zle\u015fmesi Devrirobotik sayfas\u0131nda ki\u015fisel verilerinizin nas\u0131l korundu\u011funu ve hangi \u015fartlarla i\u015flendi\u011fini \u00f6\u011frenebilirsiniz.\" \/>\n<meta name=\"robots\" content=\"index, follow, max-snippet:-1, max-image-preview:large, max-video-preview:-1\" \/>\n<link rel=\"canonical\" href=\"https:\/\/devrirobotik.com\/index.php\/gizlilik-sozlesmesi\/\" \/>\n<meta property=\"og:locale\" content=\"tr_TR\" \/>\n<meta property=\"og:type\" content=\"article\" \/>\n<meta property=\"og:title\" content=\"Gizlilik S\u00f6zle\u015fmesi - Devri Robotik| Ki\u015fisel Verileriniz G\u00fcvende\" \/>\n<meta property=\"og:description\" content=\"Gizlilik s\u00f6zle\u015fmesi Devrirobotik sayfas\u0131nda ki\u015fisel verilerinizin nas\u0131l korundu\u011funu ve hangi \u015fartlarla i\u015flendi\u011fini \u00f6\u011frenebilirsiniz.\" \/>\n<meta property=\"og:url\" content=\"https:\/\/devrirobotik.com\/index.php\/gizlilik-sozlesmesi\/\" \/>\n<meta property=\"og:site_name\" content=\"Devri Robotik\" \/>\n<meta property=\"article:publisher\" content=\"https:\/\/www.facebook.com\/devrirobotik\/\" \/>\n<meta property=\"article:modified_time\" content=\"2025-04-30T13:00:20+00:00\" \/>\n<meta name=\"twitter:card\" content=\"summary_large_image\" \/>\n<meta name=\"twitter:site\" content=\"@DevriRobotik\" \/>\n<meta name=\"twitter:label1\" content=\"Tahmini okuma s\u00fcresi\" \/>\n\t<meta name=\"twitter:data1\" content=\"6 dakika\" \/>\n<script type=\"application\/ld+json\" class=\"yoast-schema-graph\">{\"@context\":\"https:\/\/schema.org\",\"@graph\":[{\"@type\":\"WebPage\",\"@id\":\"https:\/\/devrirobotik.com\/index.php\/gizlilik-sozlesmesi\/\",\"url\":\"https:\/\/devrirobotik.com\/index.php\/gizlilik-sozlesmesi\/\",\"name\":\"Gizlilik S\u00f6zle\u015fmesi - Devri Robotik| Ki\u015fisel Verileriniz G\u00fcvende\",\"isPartOf\":{\"@id\":\"https:\/\/devrirobotik.com\/#website\"},\"datePublished\":\"2024-09-29T18:30:07+00:00\",\"dateModified\":\"2025-04-30T13:00:20+00:00\",\"description\":\"Gizlilik s\u00f6zle\u015fmesi Devrirobotik sayfas\u0131nda ki\u015fisel verilerinizin nas\u0131l korundu\u011funu ve hangi \u015fartlarla i\u015flendi\u011fini \u00f6\u011frenebilirsiniz.\",\"breadcrumb\":{\"@id\":\"https:\/\/devrirobotik.com\/index.php\/gizlilik-sozlesmesi\/#breadcrumb\"},\"inLanguage\":\"tr\",\"potentialAction\":[{\"@type\":\"ReadAction\",\"target\":[\"https:\/\/devrirobotik.com\/index.php\/gizlilik-sozlesmesi\/\"]}]},{\"@type\":\"BreadcrumbList\",\"@id\":\"https:\/\/devrirobotik.com\/index.php\/gizlilik-sozlesmesi\/#breadcrumb\",\"itemListElement\":[{\"@type\":\"ListItem\",\"position\":1,\"name\":\"Anasayfa\",\"item\":\"https:\/\/devrirobotik.com\/\"},{\"@type\":\"ListItem\",\"position\":2,\"name\":\"Gizlilik S\u00f6zle\u015fmesi\"}]},{\"@type\":\"WebSite\",\"@id\":\"https:\/\/devrirobotik.com\/#website\",\"url\":\"https:\/\/devrirobotik.com\/\",\"name\":\"Devri Robotik\",\"description\":\"\",\"publisher\":{\"@id\":\"https:\/\/devrirobotik.com\/#organization\"},\"potentialAction\":[{\"@type\":\"SearchAction\",\"target\":{\"@type\":\"EntryPoint\",\"urlTemplate\":\"https:\/\/devrirobotik.com\/?s={search_term_string}\"},\"query-input\":{\"@type\":\"PropertyValueSpecification\",\"valueRequired\":true,\"valueName\":\"search_term_string\"}}],\"inLanguage\":\"tr\"},{\"@type\":\"Organization\",\"@id\":\"https:\/\/devrirobotik.com\/#organization\",\"name\":\"Devri Robotik\",\"url\":\"https:\/\/devrirobotik.com\/\",\"logo\":{\"@type\":\"ImageObject\",\"inLanguage\":\"tr\",\"@id\":\"https:\/\/devrirobotik.com\/#\/schema\/logo\/image\/\",\"url\":\"https:\/\/devrirobotik.com\/wp-content\/uploads\/2025\/03\/Adsiz-tasarim-2.png\",\"contentUrl\":\"https:\/\/devrirobotik.com\/wp-content\/uploads\/2025\/03\/Adsiz-tasarim-2.png\",\"width\":500,\"height\":500,\"caption\":\"Devri Robotik\"},\"image\":{\"@id\":\"https:\/\/devrirobotik.com\/#\/schema\/logo\/image\/\"},\"sameAs\":[\"https:\/\/www.facebook.com\/devrirobotik\/\",\"https:\/\/x.com\/DevriRobotik\",\"https:\/\/www.instagram.com\/devrirobotik\/\",\"https:\/\/www.youtube.com\/@devr-irobotik\",\"https:\/\/www.linkedin.com\/company\/devr-i-robotik\/\"]}]}<\/script>\n<!-- \/ Yoast SEO plugin. -->","yoast_head_json":{"title":"Gizlilik S\u00f6zle\u015fmesi - Devri Robotik| Ki\u015fisel Verileriniz G\u00fcvende","description":"Gizlilik s\u00f6zle\u015fmesi Devrirobotik sayfas\u0131nda ki\u015fisel verilerinizin nas\u0131l korundu\u011funu ve hangi \u015fartlarla i\u015flendi\u011fini \u00f6\u011frenebilirsiniz.","robots":{"index":"index","follow":"follow","max-snippet":"max-snippet:-1","max-image-preview":"max-image-preview:large","max-video-preview":"max-video-preview:-1"},"canonical":"https:\/\/devrirobotik.com\/index.php\/gizlilik-sozlesmesi\/","og_locale":"tr_TR","og_type":"article","og_title":"Gizlilik S\u00f6zle\u015fmesi - Devri Robotik| Ki\u015fisel Verileriniz G\u00fcvende","og_description":"Gizlilik s\u00f6zle\u015fmesi Devrirobotik sayfas\u0131nda ki\u015fisel verilerinizin nas\u0131l korundu\u011funu ve hangi \u015fartlarla i\u015flendi\u011fini \u00f6\u011frenebilirsiniz.","og_url":"https:\/\/devrirobotik.com\/index.php\/gizlilik-sozlesmesi\/","og_site_name":"Devri Robotik","article_publisher":"https:\/\/www.facebook.com\/devrirobotik\/","article_modified_time":"2025-04-30T13:00:20+00:00","twitter_card":"summary_large_image","twitter_site":"@DevriRobotik","twitter_misc":{"Tahmini okuma s\u00fcresi":"6 dakika"},"schema":{"@context":"https:\/\/schema.org","@graph":[{"@type":"WebPage","@id":"https:\/\/devrirobotik.com\/index.php\/gizlilik-sozlesmesi\/","url":"https:\/\/devrirobotik.com\/index.php\/gizlilik-sozlesmesi\/","name":"Gizlilik S\u00f6zle\u015fmesi - Devri Robotik| Ki\u015fisel Verileriniz G\u00fcvende","isPartOf":{"@id":"https:\/\/devrirobotik.com\/#website"},"datePublished":"2024-09-29T18:30:07+00:00","dateModified":"2025-04-30T13:00:20+00:00","description":"Gizlilik s\u00f6zle\u015fmesi Devrirobotik sayfas\u0131nda ki\u015fisel verilerinizin nas\u0131l korundu\u011funu ve hangi \u015fartlarla i\u015flendi\u011fini \u00f6\u011frenebilirsiniz.","breadcrumb":{"@id":"https:\/\/devrirobotik.com\/index.php\/gizlilik-sozlesmesi\/#breadcrumb"},"inLanguage":"tr","potentialAction":[{"@type":"ReadAction","target":["https:\/\/devrirobotik.com\/index.php\/gizlilik-sozlesmesi\/"]}]},{"@type":"BreadcrumbList","@id":"https:\/\/devrirobotik.com\/index.php\/gizlilik-sozlesmesi\/#breadcrumb","itemListElement":[{"@type":"ListItem","position":1,"name":"Anasayfa","item":"https:\/\/devrirobotik.com\/"},{"@type":"ListItem","position":2,"name":"Gizlilik S\u00f6zle\u015fmesi"}]},{"@type":"WebSite","@id":"https:\/\/devrirobotik.com\/#website","url":"https:\/\/devrirobotik.com\/","name":"Devri Robotik","description":"","publisher":{"@id":"https:\/\/devrirobotik.com\/#organization"},"potentialAction":[{"@type":"SearchAction","target":{"@type":"EntryPoint","urlTemplate":"https:\/\/devrirobotik.com\/?s={search_term_string}"},"query-input":{"@type":"PropertyValueSpecification","valueRequired":true,"valueName":"search_term_string"}}],"inLanguage":"tr"},{"@type":"Organization","@id":"https:\/\/devrirobotik.com\/#organization","name":"Devri Robotik","url":"https:\/\/devrirobotik.com\/","logo":{"@type":"ImageObject","inLanguage":"tr","@id":"https:\/\/devrirobotik.com\/#\/schema\/logo\/image\/","url":"https:\/\/devrirobotik.com\/wp-content\/uploads\/2025\/03\/Adsiz-tasarim-2.png","contentUrl":"https:\/\/devrirobotik.com\/wp-content\/uploads\/2025\/03\/Adsiz-tasarim-2.png","width":500,"height":500,"caption":"Devri Robotik"},"image":{"@id":"https:\/\/devrirobotik.com\/#\/schema\/logo\/image\/"},"sameAs":["https:\/\/www.facebook.com\/devrirobotik\/","https:\/\/x.com\/DevriRobotik","https:\/\/www.instagram.com\/devrirobotik\/","https:\/\/www.youtube.com\/@devr-irobotik","https:\/\/www.linkedin.com\/company\/devr-i-robotik\/"]}]}},"_links":{"self":[{"href":"https:\/\/devrirobotik.com\/index.php\/wp-json\/wp\/v2\/pages\/1088","targetHints":{"allow":["GET"]}}],"collection":[{"href":"https:\/\/devrirobotik.com\/index.php\/wp-json\/wp\/v2\/pages"}],"about":[{"href":"https:\/\/devrirobotik.com\/index.php\/wp-json\/wp\/v2\/types\/page"}],"author":[{"embeddable":true,"href":"https:\/\/devrirobotik.com\/index.php\/wp-json\/wp\/v2\/users\/1"}],"replies":[{"embeddable":true,"href":"https:\/\/devrirobotik.com\/index.php\/wp-json\/wp\/v2\/comments?post=1088"}],"version-history":[{"count":8,"href":"https:\/\/devrirobotik.com\/index.php\/wp-json\/wp\/v2\/pages\/1088\/revisions"}],"predecessor-version":[{"id":1405,"href":"https:\/\/devrirobotik.com\/index.php\/wp-json\/wp\/v2\/pages\/1088\/revisions\/1405"}],"wp:attachment":[{"href":"https:\/\/devrirobotik.com\/index.php\/wp-json\/wp\/v2\/media?parent=1088"}],"curies":[{"name":"wp","href":"https:\/\/api.w.org\/{rel}","templated":true}]}}