{"id":1123,"date":"2024-10-01T18:20:42","date_gmt":"2024-10-01T18:20:42","guid":{"rendered":"https:\/\/devrirobotik.com\/?page_id=1123"},"modified":"2025-04-30T12:53:15","modified_gmt":"2025-04-30T12:53:15","slug":"devri-robotik-showroom","status":"publish","type":"page","link":"https:\/\/devrirobotik.com\/index.php\/devri-robotik-showroom\/","title":{"rendered":"Showroom"},"content":{"rendered":"\t\t<div data-elementor-type=\"wp-page\" data-elementor-id=\"1123\" class=\"elementor elementor-1123\">\n\t\t\t\t<div class=\"elementor-element elementor-element-fce88b7 e-flex e-con-boxed e-con e-parent\" data-id=\"fce88b7\" data-element_type=\"container\" data-settings=\"{&quot;background_background&quot;:&quot;classic&quot;}\">\n\t\t\t\t\t<div class=\"e-con-inner\">\n\t\t\t\t<div class=\"elementor-element elementor-element-de1d6d0 elementor-widget-mobile__width-initial elementor-widget elementor-widget-heading\" data-id=\"de1d6d0\" data-element_type=\"widget\" data-widget_type=\"heading.default\">\n\t\t\t\t<div class=\"elementor-widget-container\">\n\t\t\t<h2 class=\"elementor-heading-title elementor-size-default\"><h3 style=\"font-family: 'Roboto', sans-serif;font-size: 42px;margin-top: -50px\"><strong style=\"color: #c4922e\">C-Ground<\/strong> Showroom <\/h3><\/h2>\t\t<\/div>\n\t\t\t\t<\/div>\n\t\t\t\t\t<\/div>\n\t\t\t\t<\/div>\n\t\t<div class=\"elementor-element elementor-element-01f3f61 e-con-full e-flex e-con e-parent\" data-id=\"01f3f61\" data-element_type=\"container\">\n\t\t\t\t<div class=\"elementor-element elementor-element-e8d09db elementor-widget__width-initial elementor-widget elementor-widget-html\" data-id=\"e8d09db\" data-element_type=\"widget\" data-widget_type=\"html.default\">\n\t\t\t\t<div class=\"elementor-widget-container\">\n\t\t\t<iframe src=\"https:\/\/www.devrirobotik.com\/3d\/cg.html\" style=\"width: 100%; height: 100vh; border: none;\"><\/iframe>\r\n\t\t<\/div>\n\t\t\t\t<\/div>\n\t\t\t\t<\/div>\n\t\t<div class=\"elementor-element elementor-element-34ff00d e-flex e-con-boxed e-con e-parent\" data-id=\"34ff00d\" data-element_type=\"container\">\n\t\t\t\t\t<div class=\"e-con-inner\">\n\t\t\t\t\t<\/div>\n\t\t\t\t<\/div>\n\t\t\t\t<\/div>\n\t\t","protected":false},"excerpt":{"rendered":"<p>C-Ground Showroom<\/p>\n","protected":false},"author":1,"featured_media":0,"parent":0,"menu_order":0,"comment_status":"closed","ping_status":"closed","template":"","meta":{"_kad_post_transparent":"","_kad_post_title":"hide","_kad_post_layout":"fullwidth","_kad_post_sidebar_id":"","_kad_post_content_style":"unboxed","_kad_post_vertical_padding":"hide","_kad_post_feature":"hide","_kad_post_feature_position":"","_kad_post_header":false,"_kad_post_footer":false,"footnotes":""},"class_list":["post-1123","page","type-page","status-publish","hentry"],"yoast_head":"<!-- This site is optimized with the Yoast SEO plugin v24.5 - https:\/\/yoast.com\/wordpress\/plugins\/seo\/ -->\n<title>Showroom - Devri Robotik \u00dcr\u00fcn Tan\u0131t\u0131m\u0131 ve Deneyim Alan\u0131<\/title>\n<meta name=\"description\" content=\"Devri Robotik showroom\u2019da C-Ground ve di\u011fer yeralt\u0131 g\u00f6r\u00fcnt\u00fcleme sistemlerini yak\u0131ndan inceleyin, deneyimleyin ve uzman ekibimizle tan\u0131\u015f\u0131n.\" \/>\n<meta name=\"robots\" content=\"index, follow, max-snippet:-1, max-image-preview:large, max-video-preview:-1\" \/>\n<link rel=\"canonical\" href=\"https:\/\/devrirobotik.com\/index.php\/devri-robotik-showroom\/\" \/>\n<meta property=\"og:locale\" content=\"tr_TR\" \/>\n<meta property=\"og:type\" content=\"article\" \/>\n<meta property=\"og:title\" content=\"Showroom - Devri Robotik \u00dcr\u00fcn Tan\u0131t\u0131m\u0131 ve Deneyim Alan\u0131\" \/>\n<meta property=\"og:description\" content=\"Devri Robotik showroom\u2019da C-Ground ve di\u011fer yeralt\u0131 g\u00f6r\u00fcnt\u00fcleme sistemlerini yak\u0131ndan inceleyin, deneyimleyin ve uzman ekibimizle tan\u0131\u015f\u0131n.\" \/>\n<meta property=\"og:url\" content=\"https:\/\/devrirobotik.com\/index.php\/devri-robotik-showroom\/\" \/>\n<meta property=\"og:site_name\" content=\"Devri Robotik\" \/>\n<meta property=\"article:publisher\" content=\"https:\/\/www.facebook.com\/devrirobotik\/\" \/>\n<meta property=\"article:modified_time\" content=\"2025-04-30T12:53:15+00:00\" \/>\n<meta name=\"twitter:card\" content=\"summary_large_image\" \/>\n<meta name=\"twitter:site\" content=\"@DevriRobotik\" \/>\n<meta name=\"twitter:label1\" content=\"Tahmini okuma s\u00fcresi\" \/>\n\t<meta name=\"twitter:data1\" content=\"1 dakika\" \/>\n<script type=\"application\/ld+json\" class=\"yoast-schema-graph\">{\"@context\":\"https:\/\/schema.org\",\"@graph\":[{\"@type\":\"WebPage\",\"@id\":\"https:\/\/devrirobotik.com\/index.php\/devri-robotik-showroom\/\",\"url\":\"https:\/\/devrirobotik.com\/index.php\/devri-robotik-showroom\/\",\"name\":\"Showroom - Devri Robotik \u00dcr\u00fcn Tan\u0131t\u0131m\u0131 ve Deneyim Alan\u0131\",\"isPartOf\":{\"@id\":\"https:\/\/devrirobotik.com\/#website\"},\"datePublished\":\"2024-10-01T18:20:42+00:00\",\"dateModified\":\"2025-04-30T12:53:15+00:00\",\"description\":\"Devri Robotik showroom\u2019da C-Ground ve di\u011fer yeralt\u0131 g\u00f6r\u00fcnt\u00fcleme sistemlerini yak\u0131ndan inceleyin, deneyimleyin ve uzman ekibimizle tan\u0131\u015f\u0131n.\",\"breadcrumb\":{\"@id\":\"https:\/\/devrirobotik.com\/index.php\/devri-robotik-showroom\/#breadcrumb\"},\"inLanguage\":\"tr\",\"potentialAction\":[{\"@type\":\"ReadAction\",\"target\":[\"https:\/\/devrirobotik.com\/index.php\/devri-robotik-showroom\/\"]}]},{\"@type\":\"BreadcrumbList\",\"@id\":\"https:\/\/devrirobotik.com\/index.php\/devri-robotik-showroom\/#breadcrumb\",\"itemListElement\":[{\"@type\":\"ListItem\",\"position\":1,\"name\":\"Anasayfa\",\"item\":\"https:\/\/devrirobotik.com\/\"},{\"@type\":\"ListItem\",\"position\":2,\"name\":\"Showroom\"}]},{\"@type\":\"WebSite\",\"@id\":\"https:\/\/devrirobotik.com\/#website\",\"url\":\"https:\/\/devrirobotik.com\/\",\"name\":\"Devri Robotik\",\"description\":\"\",\"publisher\":{\"@id\":\"https:\/\/devrirobotik.com\/#organization\"},\"potentialAction\":[{\"@type\":\"SearchAction\",\"target\":{\"@type\":\"EntryPoint\",\"urlTemplate\":\"https:\/\/devrirobotik.com\/?s={search_term_string}\"},\"query-input\":{\"@type\":\"PropertyValueSpecification\",\"valueRequired\":true,\"valueName\":\"search_term_string\"}}],\"inLanguage\":\"tr\"},{\"@type\":\"Organization\",\"@id\":\"https:\/\/devrirobotik.com\/#organization\",\"name\":\"Devri Robotik\",\"url\":\"https:\/\/devrirobotik.com\/\",\"logo\":{\"@type\":\"ImageObject\",\"inLanguage\":\"tr\",\"@id\":\"https:\/\/devrirobotik.com\/#\/schema\/logo\/image\/\",\"url\":\"https:\/\/devrirobotik.com\/wp-content\/uploads\/2025\/03\/Adsiz-tasarim-2.png\",\"contentUrl\":\"https:\/\/devrirobotik.com\/wp-content\/uploads\/2025\/03\/Adsiz-tasarim-2.png\",\"width\":500,\"height\":500,\"caption\":\"Devri Robotik\"},\"image\":{\"@id\":\"https:\/\/devrirobotik.com\/#\/schema\/logo\/image\/\"},\"sameAs\":[\"https:\/\/www.facebook.com\/devrirobotik\/\",\"https:\/\/x.com\/DevriRobotik\",\"https:\/\/www.instagram.com\/devrirobotik\/\",\"https:\/\/www.youtube.com\/@devr-irobotik\",\"https:\/\/www.linkedin.com\/company\/devr-i-robotik\/\"]}]}<\/script>\n<!-- \/ Yoast SEO plugin. -->","yoast_head_json":{"title":"Showroom - Devri Robotik \u00dcr\u00fcn Tan\u0131t\u0131m\u0131 ve Deneyim Alan\u0131","description":"Devri Robotik showroom\u2019da C-Ground ve di\u011fer yeralt\u0131 g\u00f6r\u00fcnt\u00fcleme sistemlerini yak\u0131ndan inceleyin, deneyimleyin ve uzman ekibimizle tan\u0131\u015f\u0131n.","robots":{"index":"index","follow":"follow","max-snippet":"max-snippet:-1","max-image-preview":"max-image-preview:large","max-video-preview":"max-video-preview:-1"},"canonical":"https:\/\/devrirobotik.com\/index.php\/devri-robotik-showroom\/","og_locale":"tr_TR","og_type":"article","og_title":"Showroom - Devri Robotik \u00dcr\u00fcn Tan\u0131t\u0131m\u0131 ve Deneyim Alan\u0131","og_description":"Devri Robotik showroom\u2019da C-Ground ve di\u011fer yeralt\u0131 g\u00f6r\u00fcnt\u00fcleme sistemlerini yak\u0131ndan inceleyin, deneyimleyin ve uzman ekibimizle tan\u0131\u015f\u0131n.","og_url":"https:\/\/devrirobotik.com\/index.php\/devri-robotik-showroom\/","og_site_name":"Devri Robotik","article_publisher":"https:\/\/www.facebook.com\/devrirobotik\/","article_modified_time":"2025-04-30T12:53:15+00:00","twitter_card":"summary_large_image","twitter_site":"@DevriRobotik","twitter_misc":{"Tahmini okuma s\u00fcresi":"1 dakika"},"schema":{"@context":"https:\/\/schema.org","@graph":[{"@type":"WebPage","@id":"https:\/\/devrirobotik.com\/index.php\/devri-robotik-showroom\/","url":"https:\/\/devrirobotik.com\/index.php\/devri-robotik-showroom\/","name":"Showroom - Devri Robotik \u00dcr\u00fcn Tan\u0131t\u0131m\u0131 ve Deneyim Alan\u0131","isPartOf":{"@id":"https:\/\/devrirobotik.com\/#website"},"datePublished":"2024-10-01T18:20:42+00:00","dateModified":"2025-04-30T12:53:15+00:00","description":"Devri Robotik showroom\u2019da C-Ground ve di\u011fer yeralt\u0131 g\u00f6r\u00fcnt\u00fcleme sistemlerini yak\u0131ndan inceleyin, deneyimleyin ve uzman ekibimizle tan\u0131\u015f\u0131n.","breadcrumb":{"@id":"https:\/\/devrirobotik.com\/index.php\/devri-robotik-showroom\/#breadcrumb"},"inLanguage":"tr","potentialAction":[{"@type":"ReadAction","target":["https:\/\/devrirobotik.com\/index.php\/devri-robotik-showroom\/"]}]},{"@type":"BreadcrumbList","@id":"https:\/\/devrirobotik.com\/index.php\/devri-robotik-showroom\/#breadcrumb","itemListElement":[{"@type":"ListItem","position":1,"name":"Anasayfa","item":"https:\/\/devrirobotik.com\/"},{"@type":"ListItem","position":2,"name":"Showroom"}]},{"@type":"WebSite","@id":"https:\/\/devrirobotik.com\/#website","url":"https:\/\/devrirobotik.com\/","name":"Devri Robotik","description":"","publisher":{"@id":"https:\/\/devrirobotik.com\/#organization"},"potentialAction":[{"@type":"SearchAction","target":{"@type":"EntryPoint","urlTemplate":"https:\/\/devrirobotik.com\/?s={search_term_string}"},"query-input":{"@type":"PropertyValueSpecification","valueRequired":true,"valueName":"search_term_string"}}],"inLanguage":"tr"},{"@type":"Organization","@id":"https:\/\/devrirobotik.com\/#organization","name":"Devri Robotik","url":"https:\/\/devrirobotik.com\/","logo":{"@type":"ImageObject","inLanguage":"tr","@id":"https:\/\/devrirobotik.com\/#\/schema\/logo\/image\/","url":"https:\/\/devrirobotik.com\/wp-content\/uploads\/2025\/03\/Adsiz-tasarim-2.png","contentUrl":"https:\/\/devrirobotik.com\/wp-content\/uploads\/2025\/03\/Adsiz-tasarim-2.png","width":500,"height":500,"caption":"Devri Robotik"},"image":{"@id":"https:\/\/devrirobotik.com\/#\/schema\/logo\/image\/"},"sameAs":["https:\/\/www.facebook.com\/devrirobotik\/","https:\/\/x.com\/DevriRobotik","https:\/\/www.instagram.com\/devrirobotik\/","https:\/\/www.youtube.com\/@devr-irobotik","https:\/\/www.linkedin.com\/company\/devr-i-robotik\/"]}]}},"_links":{"self":[{"href":"https:\/\/devrirobotik.com\/index.php\/wp-json\/wp\/v2\/pages\/1123","targetHints":{"allow":["GET"]}}],"collection":[{"href":"https:\/\/devrirobotik.com\/index.php\/wp-json\/wp\/v2\/pages"}],"about":[{"href":"https:\/\/devrirobotik.com\/index.php\/wp-json\/wp\/v2\/types\/page"}],"author":[{"embeddable":true,"href":"https:\/\/devrirobotik.com\/index.php\/wp-json\/wp\/v2\/users\/1"}],"replies":[{"embeddable":true,"href":"https:\/\/devrirobotik.com\/index.php\/wp-json\/wp\/v2\/comments?post=1123"}],"version-history":[{"count":4,"href":"https:\/\/devrirobotik.com\/index.php\/wp-json\/wp\/v2\/pages\/1123\/revisions"}],"predecessor-version":[{"id":1127,"href":"https:\/\/devrirobotik.com\/index.php\/wp-json\/wp\/v2\/pages\/1123\/revisions\/1127"}],"wp:attachment":[{"href":"https:\/\/devrirobotik.com\/index.php\/wp-json\/wp\/v2\/media?parent=1123"}],"curies":[{"name":"wp","href":"https:\/\/api.w.org\/{rel}","templated":true}]}}