{"id":395,"date":"2024-06-25T19:47:50","date_gmt":"2024-06-25T19:47:50","guid":{"rendered":"https:\/\/devrirobotik.com\/?page_id=395"},"modified":"2025-04-30T13:05:33","modified_gmt":"2025-04-30T13:05:33","slug":"devrirobotik-misyon-vizyon","status":"publish","type":"page","link":"https:\/\/devrirobotik.com\/index.php\/devrirobotik-misyon-vizyon\/","title":{"rendered":"Misyon ve Vizyon"},"content":{"rendered":"\t\t<div data-elementor-type=\"wp-page\" data-elementor-id=\"395\" class=\"elementor elementor-395\">\n\t\t\t\t<div class=\"elementor-element elementor-element-814447b e-con-full e-flex e-con e-parent\" data-id=\"814447b\" data-element_type=\"container\" data-settings=\"{&quot;background_background&quot;:&quot;classic&quot;}\">\n\t\t\t\t<div class=\"elementor-element elementor-element-23c36e1 elementor-widget-mobile__width-initial elementor-widget elementor-widget-heading\" data-id=\"23c36e1\" data-element_type=\"widget\" data-widget_type=\"heading.default\">\n\t\t\t\t<div class=\"elementor-widget-container\">\n\t\t\t<h2 class=\"elementor-heading-title elementor-size-default\"><h3 style=\"font-family: 'Roboto', sans-serif;font-size: 42px;margin-top: -50px\">Misyon ve Vizyon<\/h3><\/h2>\t\t<\/div>\n\t\t\t\t<\/div>\n\t\t\t\t<\/div>\n\t\t<div class=\"elementor-element elementor-element-94032c8 e-flex e-con-boxed e-con e-parent\" data-id=\"94032c8\" data-element_type=\"container\">\n\t\t\t\t\t<div class=\"e-con-inner\">\n\t\t\t\t<div class=\"elementor-element elementor-element-191a826 elementor-widget__width-initial elementor-widget-mobile__width-initial elementor-widget elementor-widget-heading\" data-id=\"191a826\" data-element_type=\"widget\" data-widget_type=\"heading.default\">\n\t\t\t\t<div class=\"elementor-widget-container\">\n\t\t\t<h2 class=\"elementor-heading-title elementor-size-default\"><h3 style=\"font-family: 'Roboto', sans-serif;font-size: 42px\">Vizyonumuz<\/h3><\/h2>\t\t<\/div>\n\t\t\t\t<\/div>\n\t\t\t\t\t<\/div>\n\t\t\t\t<\/div>\n\t\t<div class=\"elementor-element elementor-element-3c616cb e-flex e-con-boxed e-con e-parent\" data-id=\"3c616cb\" data-element_type=\"container\">\n\t\t\t\t\t<div class=\"e-con-inner\">\n\t\t\t\t<div class=\"elementor-element elementor-element-c76b958 elementor-widget__width-initial elementor-widget elementor-widget-heading\" data-id=\"c76b958\" data-element_type=\"widget\" data-widget_type=\"heading.default\">\n\t\t\t\t<div class=\"elementor-widget-container\">\n\t\t\t<h2 class=\"elementor-heading-title elementor-size-default\"><h3 style=\"font-family: 'Roboto', sans-serif;font-weight: 300;font-size: 22px\">Sekt\u00f6rel liderlik ve yenilik\u00e7i teknolojilerle T\u00fcrkiye'nin savunma sanayiinde, yeralt\u0131 g\u00f6r\u00fcnt\u00fcleme teknolojilerinde ve topraks\u0131z tar\u0131m ara\u00e7lar\u0131 \u00fcretiminde \u00f6nc\u00fc bir marka haline gelmeyi ama\u00e7l\u0131yoruz. S\u00fcrd\u00fcr\u00fclebilir b\u00fcy\u00fcme, y\u00fcksek nitelikli insan kayna\u011f\u0131 ve ileri teknoloji kullan\u0131m\u0131yla sekt\u00f6r\u00fcm\u00fczde takip edilen de\u011fil, y\u00f6n veren bir konuma ula\u015fmay\u0131 hedefliyoruz. Drone ve co\u011frafi tarama sistemleri gibi alanlarda da yenilik\u00e7i \u00e7\u00f6z\u00fcmler sunarak, teknolojinin s\u0131n\u0131rlar\u0131n\u0131 zorlamay\u0131 ve global \u00f6l\u00e7ekte rekabet edebilir bir T\u00fcrk markas\u0131 olmay\u0131 ama\u00e7l\u0131yoruz.<\/h3><\/h2>\t\t<\/div>\n\t\t\t\t<\/div>\n\t\t\t\t\t<\/div>\n\t\t\t\t<\/div>\n\t\t<div class=\"elementor-element elementor-element-1453001 e-flex e-con-boxed e-con e-parent\" data-id=\"1453001\" data-element_type=\"container\">\n\t\t\t\t\t<div class=\"e-con-inner\">\n\t\t\t\t<div class=\"elementor-element elementor-element-a75e859 elementor-widget__width-initial elementor-widget-mobile__width-initial elementor-widget elementor-widget-heading\" data-id=\"a75e859\" data-element_type=\"widget\" data-widget_type=\"heading.default\">\n\t\t\t\t<div class=\"elementor-widget-container\">\n\t\t\t<h2 class=\"elementor-heading-title elementor-size-default\"><h3 style=\"font-family: 'Roboto', sans-serif;font-size: 42px\">Misyonumuz<\/h3><\/h2>\t\t<\/div>\n\t\t\t\t<\/div>\n\t\t\t\t\t<\/div>\n\t\t\t\t<\/div>\n\t\t<div class=\"elementor-element elementor-element-3afa09b e-flex e-con-boxed e-con e-parent\" data-id=\"3afa09b\" data-element_type=\"container\">\n\t\t\t\t\t<div class=\"e-con-inner\">\n\t\t\t\t<div class=\"elementor-element elementor-element-8a6bc25 elementor-widget__width-initial elementor-widget elementor-widget-heading\" data-id=\"8a6bc25\" data-element_type=\"widget\" data-widget_type=\"heading.default\">\n\t\t\t\t<div class=\"elementor-widget-container\">\n\t\t\t<h2 class=\"elementor-heading-title elementor-size-default\"><h3 style=\"font-family: 'Roboto', sans-serif;font-weight: 300;font-size: 22px\">Misyonumuz, savunma sanayii ba\u015fta olmak \u00fczere, yeralt\u0131 g\u00f6r\u00fcnt\u00fcleme ve topraks\u0131z tar\u0131m teknolojileri gibi \u00e7e\u015fitli alanlarda yenilik\u00e7i ve s\u00fcrd\u00fcr\u00fclebilir \u00e7\u00f6z\u00fcmler sunarak T\u00fcrkiye'nin ve d\u00fcnyan\u0131n kar\u015f\u0131la\u015ft\u0131\u011f\u0131 zorluklara etkili \u00e7\u00f6z\u00fcmler getirmektir. Profesyonel e\u011fitim programlar\u0131 ve staj imkanlar\u0131yla gen\u00e7 yetenekleri sekt\u00f6re kazand\u0131rmay\u0131, b\u00f6ylece hem \u00fclkemizin hem de sekt\u00f6r\u00fcn gelece\u011fine yat\u0131r\u0131m yapmay\u0131 hedefliyoruz. Sosyal sorumluluk projelerimizle topluma katk\u0131da bulunarak, etik de\u011ferler ve \u00e7evre bilinciyle hareket eden bir kurum olarak sekt\u00f6rde \u00f6rnek olmay\u0131 ama\u00e7l\u0131yoruz.<\/h3><\/h2>\t\t<\/div>\n\t\t\t\t<\/div>\n\t\t\t\t\t<\/div>\n\t\t\t\t<\/div>\n\t\t\t\t<\/div>\n\t\t","protected":false},"excerpt":{"rendered":"<p>Misyon ve Vizyon Vizyonumuz Sekt\u00f6rel liderlik ve yenilik\u00e7i teknolojilerle T\u00fcrkiye&#8217;nin savunma sanayiinde, yeralt\u0131 g\u00f6r\u00fcnt\u00fcleme teknolojilerinde ve topraks\u0131z tar\u0131m ara\u00e7lar\u0131 \u00fcretiminde \u00f6nc\u00fc bir marka haline gelmeyi ama\u00e7l\u0131yoruz. S\u00fcrd\u00fcr\u00fclebilir b\u00fcy\u00fcme, y\u00fcksek nitelikli insan kayna\u011f\u0131 ve ileri teknoloji kullan\u0131m\u0131yla sekt\u00f6r\u00fcm\u00fczde takip edilen de\u011fil, y\u00f6n veren bir konuma ula\u015fmay\u0131 hedefliyoruz. Drone ve co\u011frafi tarama sistemleri gibi alanlarda da yenilik\u00e7i&#8230;<\/p>\n","protected":false},"author":1,"featured_media":0,"parent":0,"menu_order":0,"comment_status":"closed","ping_status":"closed","template":"","meta":{"_kad_post_transparent":"","_kad_post_title":"hide","_kad_post_layout":"fullwidth","_kad_post_sidebar_id":"","_kad_post_content_style":"unboxed","_kad_post_vertical_padding":"hide","_kad_post_feature":"hide","_kad_post_feature_position":"","_kad_post_header":false,"_kad_post_footer":false,"footnotes":""},"class_list":["post-395","page","type-page","status-publish","hentry"],"yoast_head":"<!-- This site is optimized with the Yoast SEO plugin v24.5 - https:\/\/yoast.com\/wordpress\/plugins\/seo\/ -->\n<title>Misyon ve Vizyon - Devri Robotik| De\u011ferlerimiz ve Hedeflerimiz<\/title>\n<meta name=\"description\" content=\"Devrirobotik misyon vizyon sayfas\u0131nda teknolojiye bak\u0131\u015f a\u00e7\u0131m\u0131z\u0131, de\u011ferlerimizi ve gelece\u011fe dair hedeflerimizi ke\u015ffedin.\" \/>\n<meta name=\"robots\" content=\"index, follow, max-snippet:-1, max-image-preview:large, max-video-preview:-1\" \/>\n<link rel=\"canonical\" href=\"https:\/\/devrirobotik.com\/index.php\/devrirobotik-misyon-vizyon\/\" \/>\n<meta property=\"og:locale\" content=\"tr_TR\" \/>\n<meta property=\"og:type\" content=\"article\" \/>\n<meta property=\"og:title\" content=\"Misyon ve Vizyon - Devri Robotik| De\u011ferlerimiz ve Hedeflerimiz\" \/>\n<meta property=\"og:description\" content=\"Devrirobotik misyon vizyon sayfas\u0131nda teknolojiye bak\u0131\u015f a\u00e7\u0131m\u0131z\u0131, de\u011ferlerimizi ve gelece\u011fe dair hedeflerimizi ke\u015ffedin.\" \/>\n<meta property=\"og:url\" content=\"https:\/\/devrirobotik.com\/index.php\/devrirobotik-misyon-vizyon\/\" \/>\n<meta property=\"og:site_name\" content=\"Devri Robotik\" \/>\n<meta property=\"article:publisher\" content=\"https:\/\/www.facebook.com\/devrirobotik\/\" \/>\n<meta property=\"article:modified_time\" content=\"2025-04-30T13:05:33+00:00\" \/>\n<meta name=\"twitter:card\" content=\"summary_large_image\" \/>\n<meta name=\"twitter:site\" content=\"@DevriRobotik\" \/>\n<meta name=\"twitter:label1\" content=\"Tahmini okuma s\u00fcresi\" \/>\n\t<meta name=\"twitter:data1\" content=\"1 dakika\" \/>\n<script type=\"application\/ld+json\" class=\"yoast-schema-graph\">{\"@context\":\"https:\/\/schema.org\",\"@graph\":[{\"@type\":\"WebPage\",\"@id\":\"https:\/\/devrirobotik.com\/index.php\/devrirobotik-misyon-vizyon\/\",\"url\":\"https:\/\/devrirobotik.com\/index.php\/devrirobotik-misyon-vizyon\/\",\"name\":\"Misyon ve Vizyon - Devri Robotik| De\u011ferlerimiz ve Hedeflerimiz\",\"isPartOf\":{\"@id\":\"https:\/\/devrirobotik.com\/#website\"},\"datePublished\":\"2024-06-25T19:47:50+00:00\",\"dateModified\":\"2025-04-30T13:05:33+00:00\",\"description\":\"Devrirobotik misyon vizyon sayfas\u0131nda teknolojiye bak\u0131\u015f a\u00e7\u0131m\u0131z\u0131, de\u011ferlerimizi ve gelece\u011fe dair hedeflerimizi ke\u015ffedin.\",\"breadcrumb\":{\"@id\":\"https:\/\/devrirobotik.com\/index.php\/devrirobotik-misyon-vizyon\/#breadcrumb\"},\"inLanguage\":\"tr\",\"potentialAction\":[{\"@type\":\"ReadAction\",\"target\":[\"https:\/\/devrirobotik.com\/index.php\/devrirobotik-misyon-vizyon\/\"]}]},{\"@type\":\"BreadcrumbList\",\"@id\":\"https:\/\/devrirobotik.com\/index.php\/devrirobotik-misyon-vizyon\/#breadcrumb\",\"itemListElement\":[{\"@type\":\"ListItem\",\"position\":1,\"name\":\"Anasayfa\",\"item\":\"https:\/\/devrirobotik.com\/\"},{\"@type\":\"ListItem\",\"position\":2,\"name\":\"Misyon ve Vizyon\"}]},{\"@type\":\"WebSite\",\"@id\":\"https:\/\/devrirobotik.com\/#website\",\"url\":\"https:\/\/devrirobotik.com\/\",\"name\":\"Devri Robotik\",\"description\":\"\",\"publisher\":{\"@id\":\"https:\/\/devrirobotik.com\/#organization\"},\"potentialAction\":[{\"@type\":\"SearchAction\",\"target\":{\"@type\":\"EntryPoint\",\"urlTemplate\":\"https:\/\/devrirobotik.com\/?s={search_term_string}\"},\"query-input\":{\"@type\":\"PropertyValueSpecification\",\"valueRequired\":true,\"valueName\":\"search_term_string\"}}],\"inLanguage\":\"tr\"},{\"@type\":\"Organization\",\"@id\":\"https:\/\/devrirobotik.com\/#organization\",\"name\":\"Devri Robotik\",\"url\":\"https:\/\/devrirobotik.com\/\",\"logo\":{\"@type\":\"ImageObject\",\"inLanguage\":\"tr\",\"@id\":\"https:\/\/devrirobotik.com\/#\/schema\/logo\/image\/\",\"url\":\"https:\/\/devrirobotik.com\/wp-content\/uploads\/2025\/03\/Adsiz-tasarim-2.png\",\"contentUrl\":\"https:\/\/devrirobotik.com\/wp-content\/uploads\/2025\/03\/Adsiz-tasarim-2.png\",\"width\":500,\"height\":500,\"caption\":\"Devri Robotik\"},\"image\":{\"@id\":\"https:\/\/devrirobotik.com\/#\/schema\/logo\/image\/\"},\"sameAs\":[\"https:\/\/www.facebook.com\/devrirobotik\/\",\"https:\/\/x.com\/DevriRobotik\",\"https:\/\/www.instagram.com\/devrirobotik\/\",\"https:\/\/www.youtube.com\/@devr-irobotik\",\"https:\/\/www.linkedin.com\/company\/devr-i-robotik\/\"]}]}<\/script>\n<!-- \/ Yoast SEO plugin. -->","yoast_head_json":{"title":"Misyon ve Vizyon - Devri Robotik| De\u011ferlerimiz ve Hedeflerimiz","description":"Devrirobotik misyon vizyon sayfas\u0131nda teknolojiye bak\u0131\u015f a\u00e7\u0131m\u0131z\u0131, de\u011ferlerimizi ve gelece\u011fe dair hedeflerimizi ke\u015ffedin.","robots":{"index":"index","follow":"follow","max-snippet":"max-snippet:-1","max-image-preview":"max-image-preview:large","max-video-preview":"max-video-preview:-1"},"canonical":"https:\/\/devrirobotik.com\/index.php\/devrirobotik-misyon-vizyon\/","og_locale":"tr_TR","og_type":"article","og_title":"Misyon ve Vizyon - Devri Robotik| De\u011ferlerimiz ve Hedeflerimiz","og_description":"Devrirobotik misyon vizyon sayfas\u0131nda teknolojiye bak\u0131\u015f a\u00e7\u0131m\u0131z\u0131, de\u011ferlerimizi ve gelece\u011fe dair hedeflerimizi ke\u015ffedin.","og_url":"https:\/\/devrirobotik.com\/index.php\/devrirobotik-misyon-vizyon\/","og_site_name":"Devri Robotik","article_publisher":"https:\/\/www.facebook.com\/devrirobotik\/","article_modified_time":"2025-04-30T13:05:33+00:00","twitter_card":"summary_large_image","twitter_site":"@DevriRobotik","twitter_misc":{"Tahmini okuma s\u00fcresi":"1 dakika"},"schema":{"@context":"https:\/\/schema.org","@graph":[{"@type":"WebPage","@id":"https:\/\/devrirobotik.com\/index.php\/devrirobotik-misyon-vizyon\/","url":"https:\/\/devrirobotik.com\/index.php\/devrirobotik-misyon-vizyon\/","name":"Misyon ve Vizyon - Devri Robotik| De\u011ferlerimiz ve Hedeflerimiz","isPartOf":{"@id":"https:\/\/devrirobotik.com\/#website"},"datePublished":"2024-06-25T19:47:50+00:00","dateModified":"2025-04-30T13:05:33+00:00","description":"Devrirobotik misyon vizyon sayfas\u0131nda teknolojiye bak\u0131\u015f a\u00e7\u0131m\u0131z\u0131, de\u011ferlerimizi ve gelece\u011fe dair hedeflerimizi ke\u015ffedin.","breadcrumb":{"@id":"https:\/\/devrirobotik.com\/index.php\/devrirobotik-misyon-vizyon\/#breadcrumb"},"inLanguage":"tr","potentialAction":[{"@type":"ReadAction","target":["https:\/\/devrirobotik.com\/index.php\/devrirobotik-misyon-vizyon\/"]}]},{"@type":"BreadcrumbList","@id":"https:\/\/devrirobotik.com\/index.php\/devrirobotik-misyon-vizyon\/#breadcrumb","itemListElement":[{"@type":"ListItem","position":1,"name":"Anasayfa","item":"https:\/\/devrirobotik.com\/"},{"@type":"ListItem","position":2,"name":"Misyon ve Vizyon"}]},{"@type":"WebSite","@id":"https:\/\/devrirobotik.com\/#website","url":"https:\/\/devrirobotik.com\/","name":"Devri Robotik","description":"","publisher":{"@id":"https:\/\/devrirobotik.com\/#organization"},"potentialAction":[{"@type":"SearchAction","target":{"@type":"EntryPoint","urlTemplate":"https:\/\/devrirobotik.com\/?s={search_term_string}"},"query-input":{"@type":"PropertyValueSpecification","valueRequired":true,"valueName":"search_term_string"}}],"inLanguage":"tr"},{"@type":"Organization","@id":"https:\/\/devrirobotik.com\/#organization","name":"Devri Robotik","url":"https:\/\/devrirobotik.com\/","logo":{"@type":"ImageObject","inLanguage":"tr","@id":"https:\/\/devrirobotik.com\/#\/schema\/logo\/image\/","url":"https:\/\/devrirobotik.com\/wp-content\/uploads\/2025\/03\/Adsiz-tasarim-2.png","contentUrl":"https:\/\/devrirobotik.com\/wp-content\/uploads\/2025\/03\/Adsiz-tasarim-2.png","width":500,"height":500,"caption":"Devri Robotik"},"image":{"@id":"https:\/\/devrirobotik.com\/#\/schema\/logo\/image\/"},"sameAs":["https:\/\/www.facebook.com\/devrirobotik\/","https:\/\/x.com\/DevriRobotik","https:\/\/www.instagram.com\/devrirobotik\/","https:\/\/www.youtube.com\/@devr-irobotik","https:\/\/www.linkedin.com\/company\/devr-i-robotik\/"]}]}},"_links":{"self":[{"href":"https:\/\/devrirobotik.com\/index.php\/wp-json\/wp\/v2\/pages\/395","targetHints":{"allow":["GET"]}}],"collection":[{"href":"https:\/\/devrirobotik.com\/index.php\/wp-json\/wp\/v2\/pages"}],"about":[{"href":"https:\/\/devrirobotik.com\/index.php\/wp-json\/wp\/v2\/types\/page"}],"author":[{"embeddable":true,"href":"https:\/\/devrirobotik.com\/index.php\/wp-json\/wp\/v2\/users\/1"}],"replies":[{"embeddable":true,"href":"https:\/\/devrirobotik.com\/index.php\/wp-json\/wp\/v2\/comments?post=395"}],"version-history":[{"count":37,"href":"https:\/\/devrirobotik.com\/index.php\/wp-json\/wp\/v2\/pages\/395\/revisions"}],"predecessor-version":[{"id":993,"href":"https:\/\/devrirobotik.com\/index.php\/wp-json\/wp\/v2\/pages\/395\/revisions\/993"}],"wp:attachment":[{"href":"https:\/\/devrirobotik.com\/index.php\/wp-json\/wp\/v2\/media?parent=395"}],"curies":[{"name":"wp","href":"https:\/\/api.w.org\/{rel}","templated":true}]}}