{"id":413,"date":"2024-06-25T20:27:06","date_gmt":"2024-06-25T20:27:06","guid":{"rendered":"https:\/\/devrirobotik.com\/?page_id=413"},"modified":"2025-04-30T13:01:54","modified_gmt":"2025-04-30T13:01:54","slug":"hakkimizda","status":"publish","type":"page","link":"https:\/\/devrirobotik.com\/index.php\/hakkimizda\/","title":{"rendered":"Hakk\u0131m\u0131zda"},"content":{"rendered":"\t\t<div data-elementor-type=\"wp-page\" data-elementor-id=\"413\" class=\"elementor elementor-413\">\n\t\t\t\t<div class=\"elementor-element elementor-element-814447b e-flex e-con-boxed e-con e-parent\" data-id=\"814447b\" data-element_type=\"container\" data-settings=\"{&quot;background_background&quot;:&quot;classic&quot;}\">\n\t\t\t\t\t<div class=\"e-con-inner\">\n\t\t\t\t<div class=\"elementor-element elementor-element-23c36e1 elementor-widget elementor-widget-heading\" data-id=\"23c36e1\" data-element_type=\"widget\" data-widget_type=\"heading.default\">\n\t\t\t\t<div class=\"elementor-widget-container\">\n\t\t\t<h2 class=\"elementor-heading-title elementor-size-default\"><h3 style=\"font-family: 'Roboto', sans-serif;font-size: 42px;margin-top: -50px\">Hakk\u0131m\u0131zda<\/h3><\/h2>\t\t<\/div>\n\t\t\t\t<\/div>\n\t\t\t\t\t<\/div>\n\t\t\t\t<\/div>\n\t\t<div class=\"elementor-element elementor-element-94032c8 e-flex e-con-boxed e-con e-parent\" data-id=\"94032c8\" data-element_type=\"container\">\n\t\t\t\t\t<div class=\"e-con-inner\">\n\t\t\t\t<div class=\"elementor-element elementor-element-191a826 elementor-widget__width-initial elementor-widget-mobile__width-initial elementor-widget elementor-widget-heading\" data-id=\"191a826\" data-element_type=\"widget\" data-widget_type=\"heading.default\">\n\t\t\t\t<div class=\"elementor-widget-container\">\n\t\t\t<h2 class=\"elementor-heading-title elementor-size-default\"><h1 style=\"font-size: 30px\">Biz kimiz?<\/h1><\/h2>\t\t<\/div>\n\t\t\t\t<\/div>\n\t\t\t\t\t<\/div>\n\t\t\t\t<\/div>\n\t\t<div class=\"elementor-element elementor-element-6b27edc e-flex e-con-boxed e-con e-parent\" data-id=\"6b27edc\" data-element_type=\"container\">\n\t\t\t\t\t<div class=\"e-con-inner\">\n\t\t<div class=\"elementor-element elementor-element-0a61600 e-con-full e-flex e-con e-child\" data-id=\"0a61600\" data-element_type=\"container\">\n\t\t\t\t<div class=\"elementor-element elementor-element-c4e5e43 elementor-widget elementor-widget-heading\" data-id=\"c4e5e43\" data-element_type=\"widget\" data-widget_type=\"heading.default\">\n\t\t\t\t<div class=\"elementor-widget-container\">\n\t\t\t<h2 class=\"elementor-heading-title elementor-size-default\"><h3 style=\"font-family: 'Roboto', sans-serif;font-weight: 300;font-size: 20px\">Devr-i Robotik Arge Ltd. \u015eti., 2010 y\u0131l\u0131nda ba\u015flad\u0131\u011f\u0131m\u0131z gayri resmi ara\u015ft\u0131rma ve geli\u015ftirme \u00e7al\u0131\u015fmalar\u0131yla medikal, u\u00e7an robotlar (UAV, \u0130HA, Drone vb.), haritac\u0131l\u0131k, filtre ve kontrol algoritmalar\u0131, hassas sens\u00f6rler gibi \u00e7e\u015fitli teknolojik alanlarda \u00f6nc\u00fc olmu\u015ftur. \u015eirketimiz, inovasyon ve s\u00fcrekli geli\u015fim ilkeleriyle hareket ederek, 16 farkl\u0131 \u00fcr\u00fcn ve teknolojiyi piyasaya s\u00fcrm\u00fc\u015ft\u00fcr. Bu \u00fcr\u00fcnler, sanayi ve teknoloji alan\u0131nda b\u00fcy\u00fck bir etki yaratm\u0131\u015ft\u0131r.<\/h3><\/h2>\t\t<\/div>\n\t\t\t\t<\/div>\n\t\t\t\t<div class=\"elementor-element elementor-element-3899ab8 elementor-widget elementor-widget-heading\" data-id=\"3899ab8\" data-element_type=\"widget\" data-widget_type=\"heading.default\">\n\t\t\t\t<div class=\"elementor-widget-container\">\n\t\t\t<h2 class=\"elementor-heading-title elementor-size-default\"><h3 style=\"font-family: 'Roboto', sans-serif;font-weight: 300;font-size: 20px\">2013 y\u0131l\u0131nda Devr-i Robotik Arge Ltd. \u015eti. resmi olarak kurulmu\u015f ve ilk b\u00fcy\u00fck projemiz olan Topokopter\u2014u\u00e7an topografik \u00f6l\u00e7\u00fcm robotu\u2014ile Sanayi Bakanl\u0131\u011f\u0131\u2019n\u0131n Teknogiri\u015fim Sermaye Deste\u011fi Program\u0131 kapsam\u0131nda destek almaya hak kazanm\u0131\u015ft\u0131r. \u0130lk ofisimizi Bilkent Cyberpark\u2019ta a\u00e7t\u0131k ve burada temel ara\u015ft\u0131rma ve geli\u015ftirme faaliyetlerimizi y\u00fcr\u00fctt\u00fck. 2015 y\u0131l\u0131nda ise faaliyetlerimizi geni\u015fleterek Gazi Teknopark\u2019ta yeni bir ara\u015ft\u0131rma merkezi kurduk.<\/h3><\/h2>\t\t<\/div>\n\t\t\t\t<\/div>\n\t\t\t\t<div class=\"elementor-element elementor-element-3617234 elementor-widget elementor-widget-heading\" data-id=\"3617234\" data-element_type=\"widget\" data-widget_type=\"heading.default\">\n\t\t\t\t<div class=\"elementor-widget-container\">\n\t\t\t<h2 class=\"elementor-heading-title elementor-size-default\"><h3 style=\"font-family: 'Roboto', sans-serif;font-weight: 300;font-size: 20px\">Topokopter projesi, hassas konumland\u0131rma \u00fczerine yo\u011funla\u015fan \u00e7al\u0131\u015fmalar\u0131m\u0131z s\u0131ras\u0131nda, bir\u00e7ok algoritma ve mod\u00fcl geli\u015ftirilmesine \u00f6nc\u00fcl\u00fck etmi\u015ftir. Bunlar aras\u0131nda, lazer ile uzaktan konumland\u0131rma yapan mod\u00fcl, internet \u00fczerinden CORS do\u011frulamas\u0131 yapabilen PPK RTK DGPS mod\u00fcl\u00fc ve d\u00fcnyada e\u015fi benzeri olmayan Dinamik Bulan\u0131k Mant\u0131k Adaptif PID kontrolc\u00fc algoritmalar\u0131 bulunmaktad\u0131r. Bu teknolojiler, \u00fcr\u00fcn\u00fcm\u00fcz\u00fcn d\u00fcnyada benzersiz bir hassasiyete ula\u015fmas\u0131n\u0131 sa\u011flam\u0131\u015f, 2 cm gibi ola\u011fan\u00fcst\u00fc bir do\u011frulukla havadan nokta alma kabiliyeti kazand\u0131rm\u0131\u015ft\u0131r. Bu ba\u015far\u0131, \u00f6zellikle K\u0131yak Filtre algoritmas\u0131n\u0131n geli\u015ftirilmesiyle m\u00fcmk\u00fcn olmu\u015ftur.<\/h3><\/h2>\t\t<\/div>\n\t\t\t\t<\/div>\n\t\t\t\t<div class=\"elementor-element elementor-element-9bfa2e4 elementor-widget elementor-widget-heading\" data-id=\"9bfa2e4\" data-element_type=\"widget\" data-widget_type=\"heading.default\">\n\t\t\t\t<div class=\"elementor-widget-container\">\n\t\t\t<h2 class=\"elementor-heading-title elementor-size-default\"><h3 style=\"font-family: 'Roboto', sans-serif;font-weight: 300;font-size: 20px\">2015 y\u0131l\u0131ndan itibaren, K\u0131yak Filtre teknolojisi, lazer \u00f6l\u00e7\u00fcm cihaz\u0131 ve CORS ba\u011fl\u0131 D-GPS gibi prototipleri daha da geli\u015ftirerek bu alandaki liderli\u011fimizi peki\u015ftirmeye odakland\u0131k. Lazer \u00f6l\u00e7\u00fcm cihaz\u0131m\u0131z, bu \u00e7al\u0131\u015fmalar\u0131n \u00fcr\u00fcn\u00fc olarak piyasaya s\u00fcr\u00fclmeye en yak\u0131n prototip olmu\u015ftur.<\/h3><\/h2>\t\t<\/div>\n\t\t\t\t<\/div>\n\t\t\t\t<div class=\"elementor-element elementor-element-c6826cc elementor-widget elementor-widget-heading\" data-id=\"c6826cc\" data-element_type=\"widget\" data-widget_type=\"heading.default\">\n\t\t\t\t<div class=\"elementor-widget-container\">\n\t\t\t<h2 class=\"elementor-heading-title elementor-size-default\"><h3 style=\"font-family: 'Roboto', sans-serif;font-weight: 300;font-size: 22px\">\u015eirketimiz, geni\u015f bir yelpazede hizmet vermektedir; medikal, sanayi, savunma, bili\u015fim ve haritac\u0131l\u0131k sekt\u00f6rlerine yenilik\u00e7i \u00fcr\u00fcnler sunmaktad\u0131r. Ayn\u0131 zamanda, ak\u0131ll\u0131 filtreleme ve kontrol algoritmalar\u0131, hassas sens\u00f6r teknolojileri \u00fcretimi, IoT devreleri vas\u0131tas\u0131yla internet ba\u011flant\u0131l\u0131 cihazlar\u0131n geli\u015ftirilmesi ve kullan\u0131c\u0131 deneyimi alan\u0131nda mobil uygulamalar ile PC ve web tabanl\u0131 uygulamalar\u0131n \u00fcretimi gibi \u00e7e\u015fitli teknik ve yaz\u0131l\u0131m \u00e7\u00f6z\u00fcmleriyle de sekt\u00f6re katk\u0131da bulunmaktay\u0131z.<\/h3><\/h2>\t\t<\/div>\n\t\t\t\t<\/div>\n\t\t\t\t<div class=\"elementor-element elementor-element-a0157e3 elementor-widget elementor-widget-heading\" data-id=\"a0157e3\" data-element_type=\"widget\" data-widget_type=\"heading.default\">\n\t\t\t\t<div class=\"elementor-widget-container\">\n\t\t\t<h2 class=\"elementor-heading-title elementor-size-default\"><div style=\"font-family: 'Roboto', sans-serif\">Devr-i Robotik Arge, teknolojinin s\u0131n\u0131rlar\u0131n\u0131 zorlayarak sekt\u00f6rdeki yeniliklerin \u00f6nc\u00fcs\u00fc olmay\u0131 ve y\u00fcksek kaliteli, \u00e7\u0131\u011f\u0131r a\u00e7an teknolojileri m\u00fc\u015fterilerine sunmay\u0131 hedeflemektedir.<br><\/div><\/h2>\t\t<\/div>\n\t\t\t\t<\/div>\n\t\t\t\t<\/div>\n\t\t\t\t\t<\/div>\n\t\t\t\t<\/div>\n\t\t\t\t<\/div>\n\t\t","protected":false},"excerpt":{"rendered":"<p>Hakk\u0131m\u0131zda Biz kimiz? Devr-i Robotik Arge Ltd. \u015eti., 2010 y\u0131l\u0131nda ba\u015flad\u0131\u011f\u0131m\u0131z gayri resmi ara\u015ft\u0131rma ve geli\u015ftirme \u00e7al\u0131\u015fmalar\u0131yla medikal, u\u00e7an robotlar (UAV, \u0130HA, Drone vb.), haritac\u0131l\u0131k, filtre ve kontrol algoritmalar\u0131, hassas sens\u00f6rler gibi \u00e7e\u015fitli teknolojik alanlarda \u00f6nc\u00fc olmu\u015ftur. \u015eirketimiz, inovasyon ve s\u00fcrekli geli\u015fim ilkeleriyle hareket ederek, 16 farkl\u0131 \u00fcr\u00fcn ve teknolojiyi piyasaya s\u00fcrm\u00fc\u015ft\u00fcr. Bu \u00fcr\u00fcnler, sanayi&#8230;<\/p>\n","protected":false},"author":1,"featured_media":0,"parent":0,"menu_order":0,"comment_status":"closed","ping_status":"closed","template":"","meta":{"_kad_post_transparent":"","_kad_post_title":"hide","_kad_post_layout":"fullwidth","_kad_post_sidebar_id":"","_kad_post_content_style":"unboxed","_kad_post_vertical_padding":"hide","_kad_post_feature":"hide","_kad_post_feature_position":"","_kad_post_header":false,"_kad_post_footer":false,"footnotes":""},"class_list":["post-413","page","type-page","status-publish","hentry"],"yoast_head":"<!-- This site is optimized with the Yoast SEO plugin v24.5 - https:\/\/yoast.com\/wordpress\/plugins\/seo\/ -->\n<title>Hakk\u0131m\u0131zda - Devri Robotik| Teknoloji ve Yenilikte \u00d6nc\u00fc Firma<\/title>\n<meta name=\"description\" content=\"Devrirobotik hakk\u0131nda detayl\u0131 bilgi al\u0131n. Yeralt\u0131 g\u00f6r\u00fcnt\u00fcleme teknolojilerinde lider olan firmam\u0131z\u0131n vizyonunu ve de\u011ferlerini ke\u015ffedin.\" \/>\n<meta name=\"robots\" content=\"index, follow, max-snippet:-1, max-image-preview:large, max-video-preview:-1\" \/>\n<link rel=\"canonical\" href=\"https:\/\/devrirobotik.com\/index.php\/hakkimizda\/\" \/>\n<meta property=\"og:locale\" content=\"tr_TR\" \/>\n<meta property=\"og:type\" content=\"article\" \/>\n<meta property=\"og:title\" content=\"Hakk\u0131m\u0131zda - Devri Robotik| Teknoloji ve Yenilikte \u00d6nc\u00fc Firma\" \/>\n<meta property=\"og:description\" content=\"Devrirobotik hakk\u0131nda detayl\u0131 bilgi al\u0131n. Yeralt\u0131 g\u00f6r\u00fcnt\u00fcleme teknolojilerinde lider olan firmam\u0131z\u0131n vizyonunu ve de\u011ferlerini ke\u015ffedin.\" \/>\n<meta property=\"og:url\" content=\"https:\/\/devrirobotik.com\/index.php\/hakkimizda\/\" \/>\n<meta property=\"og:site_name\" content=\"Devri Robotik\" \/>\n<meta property=\"article:publisher\" content=\"https:\/\/www.facebook.com\/devrirobotik\/\" \/>\n<meta property=\"article:modified_time\" content=\"2025-04-30T13:01:54+00:00\" \/>\n<meta name=\"twitter:card\" content=\"summary_large_image\" \/>\n<meta name=\"twitter:site\" content=\"@DevriRobotik\" \/>\n<meta name=\"twitter:label1\" content=\"Tahmini okuma s\u00fcresi\" \/>\n\t<meta name=\"twitter:data1\" content=\"2 dakika\" \/>\n<script type=\"application\/ld+json\" class=\"yoast-schema-graph\">{\"@context\":\"https:\/\/schema.org\",\"@graph\":[{\"@type\":\"WebPage\",\"@id\":\"https:\/\/devrirobotik.com\/index.php\/hakkimizda\/\",\"url\":\"https:\/\/devrirobotik.com\/index.php\/hakkimizda\/\",\"name\":\"Hakk\u0131m\u0131zda - Devri Robotik| Teknoloji ve Yenilikte \u00d6nc\u00fc Firma\",\"isPartOf\":{\"@id\":\"https:\/\/devrirobotik.com\/#website\"},\"datePublished\":\"2024-06-25T20:27:06+00:00\",\"dateModified\":\"2025-04-30T13:01:54+00:00\",\"description\":\"Devrirobotik hakk\u0131nda detayl\u0131 bilgi al\u0131n. Yeralt\u0131 g\u00f6r\u00fcnt\u00fcleme teknolojilerinde lider olan firmam\u0131z\u0131n vizyonunu ve de\u011ferlerini ke\u015ffedin.\",\"breadcrumb\":{\"@id\":\"https:\/\/devrirobotik.com\/index.php\/hakkimizda\/#breadcrumb\"},\"inLanguage\":\"tr\",\"potentialAction\":[{\"@type\":\"ReadAction\",\"target\":[\"https:\/\/devrirobotik.com\/index.php\/hakkimizda\/\"]}]},{\"@type\":\"BreadcrumbList\",\"@id\":\"https:\/\/devrirobotik.com\/index.php\/hakkimizda\/#breadcrumb\",\"itemListElement\":[{\"@type\":\"ListItem\",\"position\":1,\"name\":\"Anasayfa\",\"item\":\"https:\/\/devrirobotik.com\/\"},{\"@type\":\"ListItem\",\"position\":2,\"name\":\"Hakk\u0131m\u0131zda\"}]},{\"@type\":\"WebSite\",\"@id\":\"https:\/\/devrirobotik.com\/#website\",\"url\":\"https:\/\/devrirobotik.com\/\",\"name\":\"Devri Robotik\",\"description\":\"\",\"publisher\":{\"@id\":\"https:\/\/devrirobotik.com\/#organization\"},\"potentialAction\":[{\"@type\":\"SearchAction\",\"target\":{\"@type\":\"EntryPoint\",\"urlTemplate\":\"https:\/\/devrirobotik.com\/?s={search_term_string}\"},\"query-input\":{\"@type\":\"PropertyValueSpecification\",\"valueRequired\":true,\"valueName\":\"search_term_string\"}}],\"inLanguage\":\"tr\"},{\"@type\":\"Organization\",\"@id\":\"https:\/\/devrirobotik.com\/#organization\",\"name\":\"Devri Robotik\",\"url\":\"https:\/\/devrirobotik.com\/\",\"logo\":{\"@type\":\"ImageObject\",\"inLanguage\":\"tr\",\"@id\":\"https:\/\/devrirobotik.com\/#\/schema\/logo\/image\/\",\"url\":\"https:\/\/devrirobotik.com\/wp-content\/uploads\/2025\/03\/Adsiz-tasarim-2.png\",\"contentUrl\":\"https:\/\/devrirobotik.com\/wp-content\/uploads\/2025\/03\/Adsiz-tasarim-2.png\",\"width\":500,\"height\":500,\"caption\":\"Devri Robotik\"},\"image\":{\"@id\":\"https:\/\/devrirobotik.com\/#\/schema\/logo\/image\/\"},\"sameAs\":[\"https:\/\/www.facebook.com\/devrirobotik\/\",\"https:\/\/x.com\/DevriRobotik\",\"https:\/\/www.instagram.com\/devrirobotik\/\",\"https:\/\/www.youtube.com\/@devr-irobotik\",\"https:\/\/www.linkedin.com\/company\/devr-i-robotik\/\"]}]}<\/script>\n<!-- \/ Yoast SEO plugin. -->","yoast_head_json":{"title":"Hakk\u0131m\u0131zda - Devri Robotik| Teknoloji ve Yenilikte \u00d6nc\u00fc Firma","description":"Devrirobotik hakk\u0131nda detayl\u0131 bilgi al\u0131n. Yeralt\u0131 g\u00f6r\u00fcnt\u00fcleme teknolojilerinde lider olan firmam\u0131z\u0131n vizyonunu ve de\u011ferlerini ke\u015ffedin.","robots":{"index":"index","follow":"follow","max-snippet":"max-snippet:-1","max-image-preview":"max-image-preview:large","max-video-preview":"max-video-preview:-1"},"canonical":"https:\/\/devrirobotik.com\/index.php\/hakkimizda\/","og_locale":"tr_TR","og_type":"article","og_title":"Hakk\u0131m\u0131zda - Devri Robotik| Teknoloji ve Yenilikte \u00d6nc\u00fc Firma","og_description":"Devrirobotik hakk\u0131nda detayl\u0131 bilgi al\u0131n. Yeralt\u0131 g\u00f6r\u00fcnt\u00fcleme teknolojilerinde lider olan firmam\u0131z\u0131n vizyonunu ve de\u011ferlerini ke\u015ffedin.","og_url":"https:\/\/devrirobotik.com\/index.php\/hakkimizda\/","og_site_name":"Devri Robotik","article_publisher":"https:\/\/www.facebook.com\/devrirobotik\/","article_modified_time":"2025-04-30T13:01:54+00:00","twitter_card":"summary_large_image","twitter_site":"@DevriRobotik","twitter_misc":{"Tahmini okuma s\u00fcresi":"2 dakika"},"schema":{"@context":"https:\/\/schema.org","@graph":[{"@type":"WebPage","@id":"https:\/\/devrirobotik.com\/index.php\/hakkimizda\/","url":"https:\/\/devrirobotik.com\/index.php\/hakkimizda\/","name":"Hakk\u0131m\u0131zda - Devri Robotik| Teknoloji ve Yenilikte \u00d6nc\u00fc Firma","isPartOf":{"@id":"https:\/\/devrirobotik.com\/#website"},"datePublished":"2024-06-25T20:27:06+00:00","dateModified":"2025-04-30T13:01:54+00:00","description":"Devrirobotik hakk\u0131nda detayl\u0131 bilgi al\u0131n. Yeralt\u0131 g\u00f6r\u00fcnt\u00fcleme teknolojilerinde lider olan firmam\u0131z\u0131n vizyonunu ve de\u011ferlerini ke\u015ffedin.","breadcrumb":{"@id":"https:\/\/devrirobotik.com\/index.php\/hakkimizda\/#breadcrumb"},"inLanguage":"tr","potentialAction":[{"@type":"ReadAction","target":["https:\/\/devrirobotik.com\/index.php\/hakkimizda\/"]}]},{"@type":"BreadcrumbList","@id":"https:\/\/devrirobotik.com\/index.php\/hakkimizda\/#breadcrumb","itemListElement":[{"@type":"ListItem","position":1,"name":"Anasayfa","item":"https:\/\/devrirobotik.com\/"},{"@type":"ListItem","position":2,"name":"Hakk\u0131m\u0131zda"}]},{"@type":"WebSite","@id":"https:\/\/devrirobotik.com\/#website","url":"https:\/\/devrirobotik.com\/","name":"Devri Robotik","description":"","publisher":{"@id":"https:\/\/devrirobotik.com\/#organization"},"potentialAction":[{"@type":"SearchAction","target":{"@type":"EntryPoint","urlTemplate":"https:\/\/devrirobotik.com\/?s={search_term_string}"},"query-input":{"@type":"PropertyValueSpecification","valueRequired":true,"valueName":"search_term_string"}}],"inLanguage":"tr"},{"@type":"Organization","@id":"https:\/\/devrirobotik.com\/#organization","name":"Devri Robotik","url":"https:\/\/devrirobotik.com\/","logo":{"@type":"ImageObject","inLanguage":"tr","@id":"https:\/\/devrirobotik.com\/#\/schema\/logo\/image\/","url":"https:\/\/devrirobotik.com\/wp-content\/uploads\/2025\/03\/Adsiz-tasarim-2.png","contentUrl":"https:\/\/devrirobotik.com\/wp-content\/uploads\/2025\/03\/Adsiz-tasarim-2.png","width":500,"height":500,"caption":"Devri Robotik"},"image":{"@id":"https:\/\/devrirobotik.com\/#\/schema\/logo\/image\/"},"sameAs":["https:\/\/www.facebook.com\/devrirobotik\/","https:\/\/x.com\/DevriRobotik","https:\/\/www.instagram.com\/devrirobotik\/","https:\/\/www.youtube.com\/@devr-irobotik","https:\/\/www.linkedin.com\/company\/devr-i-robotik\/"]}]}},"_links":{"self":[{"href":"https:\/\/devrirobotik.com\/index.php\/wp-json\/wp\/v2\/pages\/413","targetHints":{"allow":["GET"]}}],"collection":[{"href":"https:\/\/devrirobotik.com\/index.php\/wp-json\/wp\/v2\/pages"}],"about":[{"href":"https:\/\/devrirobotik.com\/index.php\/wp-json\/wp\/v2\/types\/page"}],"author":[{"embeddable":true,"href":"https:\/\/devrirobotik.com\/index.php\/wp-json\/wp\/v2\/users\/1"}],"replies":[{"embeddable":true,"href":"https:\/\/devrirobotik.com\/index.php\/wp-json\/wp\/v2\/comments?post=413"}],"version-history":[{"count":38,"href":"https:\/\/devrirobotik.com\/index.php\/wp-json\/wp\/v2\/pages\/413\/revisions"}],"predecessor-version":[{"id":1407,"href":"https:\/\/devrirobotik.com\/index.php\/wp-json\/wp\/v2\/pages\/413\/revisions\/1407"}],"wp:attachment":[{"href":"https:\/\/devrirobotik.com\/index.php\/wp-json\/wp\/v2\/media?parent=413"}],"curies":[{"name":"wp","href":"https:\/\/api.w.org\/{rel}","templated":true}]}}