{"id":784,"date":"2024-08-08T16:43:33","date_gmt":"2024-08-08T16:43:33","guid":{"rendered":"https:\/\/devrirobotik.com\/?page_id=784"},"modified":"2025-06-03T21:07:35","modified_gmt":"2025-06-03T21:07:35","slug":"basarilarimiz","status":"publish","type":"page","link":"https:\/\/devrirobotik.com\/index.php\/basarilarimiz\/","title":{"rendered":"Ba\u015far\u0131lar\u0131m\u0131z"},"content":{"rendered":"\t\t<div data-elementor-type=\"wp-page\" data-elementor-id=\"784\" class=\"elementor elementor-784\">\n\t\t\t\t<div class=\"elementor-element elementor-element-814447b e-flex e-con-boxed e-con e-parent\" data-id=\"814447b\" data-element_type=\"container\" data-settings=\"{&quot;background_background&quot;:&quot;classic&quot;}\">\n\t\t\t\t\t<div class=\"e-con-inner\">\n\t\t\t\t<div class=\"elementor-element elementor-element-23c36e1 elementor-widget-mobile__width-initial elementor-widget elementor-widget-heading\" data-id=\"23c36e1\" data-element_type=\"widget\" data-widget_type=\"heading.default\">\n\t\t\t\t<div class=\"elementor-widget-container\">\n\t\t\t<h2 class=\"elementor-heading-title elementor-size-default\"><h3 style=\"font-family: 'Roboto', sans-serif;font-size: 42px;margin-top: -50px\"> Ba\u015far\u0131lar\u0131m\u0131z - Belgelerimiz<\/h3><\/h2>\t\t<\/div>\n\t\t\t\t<\/div>\n\t\t\t\t\t<\/div>\n\t\t\t\t<\/div>\n\t\t<div class=\"elementor-element elementor-element-66059ea e-flex e-con-boxed e-con e-parent\" data-id=\"66059ea\" data-element_type=\"container\">\n\t\t\t\t\t<div class=\"e-con-inner\">\n\t\t<div class=\"elementor-element elementor-element-3f078d6 e-con-full e-flex e-con e-child\" data-id=\"3f078d6\" data-element_type=\"container\">\n\t\t\t\t<div class=\"elementor-element elementor-element-5dd44ff elementor-widget-mobile__width-initial elementor-widget elementor-widget-image\" data-id=\"5dd44ff\" data-element_type=\"widget\" data-widget_type=\"image.default\">\n\t\t\t\t<div class=\"elementor-widget-container\">\n\t\t\t\t\t\t\t\t\t\t\t\t\t<img fetchpriority=\"high\" decoding=\"async\" width=\"692\" height=\"986\" src=\"https:\/\/devrirobotik.com\/wp-content\/uploads\/2024\/09\/t1.jpeg\" class=\"attachment-large size-large wp-image-958\" alt=\"\" srcset=\"https:\/\/devrirobotik.com\/wp-content\/uploads\/2024\/09\/t1.jpeg 692w, https:\/\/devrirobotik.com\/wp-content\/uploads\/2024\/09\/t1-211x300.jpeg 211w\" sizes=\"(max-width: 692px) 100vw, 692px\" \/>\t\t\t\t\t\t\t\t\t\t\t\t\t<\/div>\n\t\t\t\t<\/div>\n\t\t\t\t<div class=\"elementor-element elementor-element-422fe50 elementor-widget elementor-widget-image\" data-id=\"422fe50\" data-element_type=\"widget\" data-widget_type=\"image.default\">\n\t\t\t\t<div class=\"elementor-widget-container\">\n\t\t\t\t\t\t\t\t\t\t\t\t\t<img decoding=\"async\" width=\"727\" height=\"1024\" src=\"https:\/\/devrirobotik.com\/wp-content\/uploads\/2024\/08\/gs1-sistem-uyeligi-Taahhutname-BULANIK-OK-727x1024.jpeg\" class=\"attachment-large size-large wp-image-817\" alt=\"\" srcset=\"https:\/\/devrirobotik.com\/wp-content\/uploads\/2024\/08\/gs1-sistem-uyeligi-Taahhutname-BULANIK-OK-727x1024.jpeg 727w, https:\/\/devrirobotik.com\/wp-content\/uploads\/2024\/08\/gs1-sistem-uyeligi-Taahhutname-BULANIK-OK-213x300.jpeg 213w, https:\/\/devrirobotik.com\/wp-content\/uploads\/2024\/08\/gs1-sistem-uyeligi-Taahhutname-BULANIK-OK-768x1082.jpeg 768w, https:\/\/devrirobotik.com\/wp-content\/uploads\/2024\/08\/gs1-sistem-uyeligi-Taahhutname-BULANIK-OK.jpeg 794w\" sizes=\"(max-width: 727px) 100vw, 727px\" \/>\t\t\t\t\t\t\t\t\t\t\t\t\t<\/div>\n\t\t\t\t<\/div>\n\t\t\t\t<div class=\"elementor-element elementor-element-45655ac elementor-widget elementor-widget-image\" data-id=\"45655ac\" data-element_type=\"widget\" data-widget_type=\"image.default\">\n\t\t\t\t<div class=\"elementor-widget-container\">\n\t\t\t\t\t\t\t\t\t\t\t\t\t<img decoding=\"async\" width=\"722\" height=\"1024\" src=\"https:\/\/devrirobotik.com\/wp-content\/uploads\/2025\/06\/Adsiz-tasarim-32-722x1024.png\" class=\"attachment-large size-large wp-image-1586\" alt=\"\" srcset=\"https:\/\/devrirobotik.com\/wp-content\/uploads\/2025\/06\/Adsiz-tasarim-32-722x1024.png 722w, https:\/\/devrirobotik.com\/wp-content\/uploads\/2025\/06\/Adsiz-tasarim-32-212x300.png 212w, https:\/\/devrirobotik.com\/wp-content\/uploads\/2025\/06\/Adsiz-tasarim-32-768x1089.png 768w, https:\/\/devrirobotik.com\/wp-content\/uploads\/2025\/06\/Adsiz-tasarim-32.png 789w\" sizes=\"(max-width: 722px) 100vw, 722px\" \/>\t\t\t\t\t\t\t\t\t\t\t\t\t<\/div>\n\t\t\t\t<\/div>\n\t\t\t\t<div class=\"elementor-element elementor-element-40051d7 elementor-widget elementor-widget-image\" data-id=\"40051d7\" data-element_type=\"widget\" data-widget_type=\"image.default\">\n\t\t\t\t<div class=\"elementor-widget-container\">\n\t\t\t\t\t\t\t\t\t\t\t\t\t<img loading=\"lazy\" decoding=\"async\" width=\"559\" height=\"792\" src=\"https:\/\/devrirobotik.com\/wp-content\/uploads\/2024\/08\/KOSGEB-KURUL-KARAR-FORMU-BULANIK.png\" class=\"attachment-large size-large wp-image-797\" alt=\"\" srcset=\"https:\/\/devrirobotik.com\/wp-content\/uploads\/2024\/08\/KOSGEB-KURUL-KARAR-FORMU-BULANIK.png 559w, https:\/\/devrirobotik.com\/wp-content\/uploads\/2024\/08\/KOSGEB-KURUL-KARAR-FORMU-BULANIK-212x300.png 212w\" sizes=\"(max-width: 559px) 100vw, 559px\" \/>\t\t\t\t\t\t\t\t\t\t\t\t\t<\/div>\n\t\t\t\t<\/div>\n\t\t\t\t<div class=\"elementor-element elementor-element-4b914a4 elementor-widget elementor-widget-image\" data-id=\"4b914a4\" data-element_type=\"widget\" data-widget_type=\"image.default\">\n\t\t\t\t<div class=\"elementor-widget-container\">\n\t\t\t\t\t\t\t\t\t\t\t\t\t<img loading=\"lazy\" decoding=\"async\" width=\"587\" height=\"829\" src=\"https:\/\/devrirobotik.com\/wp-content\/uploads\/2024\/08\/OK-Alp-goruntleme-ve-medikal-sistemleri-ilgilenmekteyiz-belgesi.png\" class=\"attachment-large size-large wp-image-824\" alt=\"\" srcset=\"https:\/\/devrirobotik.com\/wp-content\/uploads\/2024\/08\/OK-Alp-goruntleme-ve-medikal-sistemleri-ilgilenmekteyiz-belgesi.png 587w, https:\/\/devrirobotik.com\/wp-content\/uploads\/2024\/08\/OK-Alp-goruntleme-ve-medikal-sistemleri-ilgilenmekteyiz-belgesi-212x300.png 212w\" sizes=\"(max-width: 587px) 100vw, 587px\" \/>\t\t\t\t\t\t\t\t\t\t\t\t\t<\/div>\n\t\t\t\t<\/div>\n\t\t\t\t<div class=\"elementor-element elementor-element-a67e64e elementor-widget elementor-widget-image\" data-id=\"a67e64e\" data-element_type=\"widget\" data-widget_type=\"image.default\">\n\t\t\t\t<div class=\"elementor-widget-container\">\n\t\t\t\t\t\t\t\t\t\t\t\t\t<img loading=\"lazy\" decoding=\"async\" width=\"1024\" height=\"714\" src=\"https:\/\/devrirobotik.com\/wp-content\/uploads\/2024\/08\/TechANkara-topoopter-katilim-belgesi-BULANIK-1-1024x714.png\" class=\"attachment-large size-large wp-image-888\" alt=\"\" srcset=\"https:\/\/devrirobotik.com\/wp-content\/uploads\/2024\/08\/TechANkara-topoopter-katilim-belgesi-BULANIK-1-1024x714.png 1024w, https:\/\/devrirobotik.com\/wp-content\/uploads\/2024\/08\/TechANkara-topoopter-katilim-belgesi-BULANIK-1-300x209.png 300w, https:\/\/devrirobotik.com\/wp-content\/uploads\/2024\/08\/TechANkara-topoopter-katilim-belgesi-BULANIK-1-768x535.png 768w, https:\/\/devrirobotik.com\/wp-content\/uploads\/2024\/08\/TechANkara-topoopter-katilim-belgesi-BULANIK-1.png 1092w\" sizes=\"(max-width: 1024px) 100vw, 1024px\" \/>\t\t\t\t\t\t\t\t\t\t\t\t\t<\/div>\n\t\t\t\t<\/div>\n\t\t\t\t<\/div>\n\t\t<div class=\"elementor-element elementor-element-afb0dd9 e-con-full e-flex e-con e-child\" data-id=\"afb0dd9\" data-element_type=\"container\">\n\t\t\t\t<div class=\"elementor-element elementor-element-2e521ab elementor-widget elementor-widget-image\" data-id=\"2e521ab\" data-element_type=\"widget\" data-widget_type=\"image.default\">\n\t\t\t\t<div class=\"elementor-widget-container\">\n\t\t\t\t\t\t\t\t\t\t\t\t\t<img loading=\"lazy\" decoding=\"async\" width=\"519\" height=\"737\" src=\"https:\/\/devrirobotik.com\/wp-content\/uploads\/2024\/08\/paten-turk.jpg\" class=\"attachment-large size-large wp-image-837\" alt=\"\" srcset=\"https:\/\/devrirobotik.com\/wp-content\/uploads\/2024\/08\/paten-turk.jpg 519w, https:\/\/devrirobotik.com\/wp-content\/uploads\/2024\/08\/paten-turk-211x300.jpg 211w\" sizes=\"(max-width: 519px) 100vw, 519px\" \/>\t\t\t\t\t\t\t\t\t\t\t\t\t<\/div>\n\t\t\t\t<\/div>\n\t\t\t\t<div class=\"elementor-element elementor-element-026392e elementor-widget elementor-widget-image\" data-id=\"026392e\" data-element_type=\"widget\" data-widget_type=\"image.default\">\n\t\t\t\t<div class=\"elementor-widget-container\">\n\t\t\t\t\t\t\t\t\t\t\t\t\t<img loading=\"lazy\" decoding=\"async\" width=\"722\" height=\"1024\" src=\"https:\/\/devrirobotik.com\/wp-content\/uploads\/2024\/08\/Kultur-Turizm-Kayit-Tescil-Belgesi-BULANIK-722x1024.jpeg\" class=\"attachment-large size-large wp-image-788\" alt=\"\" srcset=\"https:\/\/devrirobotik.com\/wp-content\/uploads\/2024\/08\/Kultur-Turizm-Kayit-Tescil-Belgesi-BULANIK-722x1024.jpeg 722w, https:\/\/devrirobotik.com\/wp-content\/uploads\/2024\/08\/Kultur-Turizm-Kayit-Tescil-Belgesi-BULANIK-211x300.jpeg 211w, https:\/\/devrirobotik.com\/wp-content\/uploads\/2024\/08\/Kultur-Turizm-Kayit-Tescil-Belgesi-BULANIK-768x1090.jpeg 768w, https:\/\/devrirobotik.com\/wp-content\/uploads\/2024\/08\/Kultur-Turizm-Kayit-Tescil-Belgesi-BULANIK.jpeg 793w\" sizes=\"(max-width: 722px) 100vw, 722px\" \/>\t\t\t\t\t\t\t\t\t\t\t\t\t<\/div>\n\t\t\t\t<\/div>\n\t\t\t\t<div class=\"elementor-element elementor-element-8d87c3f elementor-widget elementor-widget-image\" data-id=\"8d87c3f\" data-element_type=\"widget\" data-widget_type=\"image.default\">\n\t\t\t\t<div class=\"elementor-widget-container\">\n\t\t\t\t\t\t\t\t\t\t\t\t\t<img loading=\"lazy\" decoding=\"async\" width=\"557\" height=\"749\" src=\"https:\/\/devrirobotik.com\/wp-content\/uploads\/2024\/08\/cyberborder.png\" class=\"attachment-large size-large wp-image-902\" alt=\"\" srcset=\"https:\/\/devrirobotik.com\/wp-content\/uploads\/2024\/08\/cyberborder.png 557w, https:\/\/devrirobotik.com\/wp-content\/uploads\/2024\/08\/cyberborder-223x300.png 223w\" sizes=\"(max-width: 557px) 100vw, 557px\" \/>\t\t\t\t\t\t\t\t\t\t\t\t\t<\/div>\n\t\t\t\t<\/div>\n\t\t\t\t<div class=\"elementor-element elementor-element-0920060 elementor-widget elementor-widget-image\" data-id=\"0920060\" data-element_type=\"widget\" data-widget_type=\"image.default\">\n\t\t\t\t<div class=\"elementor-widget-container\">\n\t\t\t\t\t\t\t\t\t\t\t\t\t<img loading=\"lazy\" decoding=\"async\" width=\"749\" height=\"1024\" src=\"https:\/\/devrirobotik.com\/wp-content\/uploads\/2025\/06\/Adsiz-tasarim-33-749x1024.png\" class=\"attachment-large size-large wp-image-1590\" alt=\"\" srcset=\"https:\/\/devrirobotik.com\/wp-content\/uploads\/2025\/06\/Adsiz-tasarim-33-749x1024.png 749w, https:\/\/devrirobotik.com\/wp-content\/uploads\/2025\/06\/Adsiz-tasarim-33-219x300.png 219w, https:\/\/devrirobotik.com\/wp-content\/uploads\/2025\/06\/Adsiz-tasarim-33-768x1050.png 768w, https:\/\/devrirobotik.com\/wp-content\/uploads\/2025\/06\/Adsiz-tasarim-33.png 1039w\" sizes=\"(max-width: 749px) 100vw, 749px\" \/>\t\t\t\t\t\t\t\t\t\t\t\t\t<\/div>\n\t\t\t\t<\/div>\n\t\t\t\t<div class=\"elementor-element elementor-element-f793bfb elementor-widget elementor-widget-image\" data-id=\"f793bfb\" data-element_type=\"widget\" data-widget_type=\"image.default\">\n\t\t\t\t<div class=\"elementor-widget-container\">\n\t\t\t\t\t\t\t\t\t\t\t\t\t<img loading=\"lazy\" decoding=\"async\" width=\"446\" height=\"632\" src=\"https:\/\/devrirobotik.com\/wp-content\/uploads\/2024\/08\/GaziTeknopark-Projelerin-oldugu-belge-BULANIK-OK-1-BORDER-PX-1.jpg\" class=\"attachment-large size-large wp-image-823\" alt=\"\" srcset=\"https:\/\/devrirobotik.com\/wp-content\/uploads\/2024\/08\/GaziTeknopark-Projelerin-oldugu-belge-BULANIK-OK-1-BORDER-PX-1.jpg 446w, https:\/\/devrirobotik.com\/wp-content\/uploads\/2024\/08\/GaziTeknopark-Projelerin-oldugu-belge-BULANIK-OK-1-BORDER-PX-1-212x300.jpg 212w\" sizes=\"(max-width: 446px) 100vw, 446px\" \/>\t\t\t\t\t\t\t\t\t\t\t\t\t<\/div>\n\t\t\t\t<\/div>\n\t\t\t\t<div class=\"elementor-element elementor-element-0f78f2b elementor-widget elementor-widget-image\" data-id=\"0f78f2b\" data-element_type=\"widget\" data-widget_type=\"image.default\">\n\t\t\t\t<div class=\"elementor-widget-container\">\n\t\t\t\t\t\t\t\t\t\t\t\t\t<img loading=\"lazy\" decoding=\"async\" width=\"557\" height=\"789\" src=\"https:\/\/devrirobotik.com\/wp-content\/uploads\/2024\/08\/BILIM-SANAYI-BASARI-BELGES-BORDER-1PX.jpg\" class=\"attachment-large size-large wp-image-792\" alt=\"\" srcset=\"https:\/\/devrirobotik.com\/wp-content\/uploads\/2024\/08\/BILIM-SANAYI-BASARI-BELGES-BORDER-1PX.jpg 557w, https:\/\/devrirobotik.com\/wp-content\/uploads\/2024\/08\/BILIM-SANAYI-BASARI-BELGES-BORDER-1PX-212x300.jpg 212w\" sizes=\"(max-width: 557px) 100vw, 557px\" \/>\t\t\t\t\t\t\t\t\t\t\t\t\t<\/div>\n\t\t\t\t<\/div>\n\t\t\t\t<\/div>\n\t\t\t\t\t<\/div>\n\t\t\t\t<\/div>\n\t\t<div class=\"elementor-element elementor-element-cd9635d e-flex e-con-boxed e-con e-parent\" data-id=\"cd9635d\" data-element_type=\"container\">\n\t\t\t\t\t<div class=\"e-con-inner\">\n\t\t<div class=\"elementor-element elementor-element-737644b e-con-full e-flex e-con e-child\" data-id=\"737644b\" data-element_type=\"container\">\n\t\t\t\t<\/div>\n\t\t\t\t\t<\/div>\n\t\t\t\t<\/div>\n\t\t\t\t<\/div>\n\t\t","protected":false},"excerpt":{"rendered":"<p>Ba\u015far\u0131lar\u0131m\u0131z &#8211; Belgelerimiz<\/p>\n","protected":false},"author":1,"featured_media":0,"parent":0,"menu_order":0,"comment_status":"closed","ping_status":"closed","template":"","meta":{"_kad_post_transparent":"","_kad_post_title":"hide","_kad_post_layout":"fullwidth","_kad_post_sidebar_id":"","_kad_post_content_style":"unboxed","_kad_post_vertical_padding":"hide","_kad_post_feature":"hide","_kad_post_feature_position":"","_kad_post_header":false,"_kad_post_footer":false,"footnotes":""},"class_list":["post-784","page","type-page","status-publish","hentry"],"yoast_head":"<!-- This site is optimized with the Yoast SEO plugin v24.5 - https:\/\/yoast.com\/wordpress\/plugins\/seo\/ -->\n<title>Ba\u015far\u0131lar\u0131m\u0131z - Devri Robotik<\/title>\n<meta name=\"robots\" content=\"index, follow, max-snippet:-1, max-image-preview:large, max-video-preview:-1\" \/>\n<link rel=\"canonical\" href=\"https:\/\/devrirobotik.com\/index.php\/basarilarimiz\/\" \/>\n<meta property=\"og:locale\" content=\"tr_TR\" \/>\n<meta property=\"og:type\" content=\"article\" \/>\n<meta property=\"og:title\" content=\"Ba\u015far\u0131lar\u0131m\u0131z - Devri Robotik\" \/>\n<meta property=\"og:description\" content=\"Ba\u015far\u0131lar\u0131m\u0131z &#8211; Belgelerimiz\" \/>\n<meta property=\"og:url\" content=\"https:\/\/devrirobotik.com\/index.php\/basarilarimiz\/\" \/>\n<meta property=\"og:site_name\" content=\"Devri Robotik\" \/>\n<meta property=\"article:publisher\" content=\"https:\/\/www.facebook.com\/devrirobotik\/\" \/>\n<meta property=\"article:modified_time\" content=\"2025-06-03T21:07:35+00:00\" \/>\n<meta property=\"og:image\" content=\"https:\/\/devrirobotik.com\/wp-content\/uploads\/2024\/09\/t1.jpeg\" \/>\n\t<meta property=\"og:image:width\" content=\"692\" \/>\n\t<meta property=\"og:image:height\" content=\"986\" \/>\n\t<meta property=\"og:image:type\" content=\"image\/jpeg\" \/>\n<meta name=\"twitter:card\" content=\"summary_large_image\" \/>\n<meta name=\"twitter:site\" content=\"@DevriRobotik\" \/>\n<meta name=\"twitter:label1\" content=\"Tahmini okuma s\u00fcresi\" \/>\n\t<meta name=\"twitter:data1\" content=\"3 dakika\" \/>\n<script type=\"application\/ld+json\" class=\"yoast-schema-graph\">{\"@context\":\"https:\/\/schema.org\",\"@graph\":[{\"@type\":\"WebPage\",\"@id\":\"https:\/\/devrirobotik.com\/index.php\/basarilarimiz\/\",\"url\":\"https:\/\/devrirobotik.com\/index.php\/basarilarimiz\/\",\"name\":\"Ba\u015far\u0131lar\u0131m\u0131z - Devri Robotik\",\"isPartOf\":{\"@id\":\"https:\/\/devrirobotik.com\/#website\"},\"primaryImageOfPage\":{\"@id\":\"https:\/\/devrirobotik.com\/index.php\/basarilarimiz\/#primaryimage\"},\"image\":{\"@id\":\"https:\/\/devrirobotik.com\/index.php\/basarilarimiz\/#primaryimage\"},\"thumbnailUrl\":\"http:\/\/devrirobotik.com\/wp-content\/uploads\/2024\/09\/t1.jpeg\",\"datePublished\":\"2024-08-08T16:43:33+00:00\",\"dateModified\":\"2025-06-03T21:07:35+00:00\",\"breadcrumb\":{\"@id\":\"https:\/\/devrirobotik.com\/index.php\/basarilarimiz\/#breadcrumb\"},\"inLanguage\":\"tr\",\"potentialAction\":[{\"@type\":\"ReadAction\",\"target\":[\"https:\/\/devrirobotik.com\/index.php\/basarilarimiz\/\"]}]},{\"@type\":\"ImageObject\",\"inLanguage\":\"tr\",\"@id\":\"https:\/\/devrirobotik.com\/index.php\/basarilarimiz\/#primaryimage\",\"url\":\"https:\/\/devrirobotik.com\/wp-content\/uploads\/2024\/09\/t1.jpeg\",\"contentUrl\":\"https:\/\/devrirobotik.com\/wp-content\/uploads\/2024\/09\/t1.jpeg\",\"width\":692,\"height\":986},{\"@type\":\"BreadcrumbList\",\"@id\":\"https:\/\/devrirobotik.com\/index.php\/basarilarimiz\/#breadcrumb\",\"itemListElement\":[{\"@type\":\"ListItem\",\"position\":1,\"name\":\"Anasayfa\",\"item\":\"https:\/\/devrirobotik.com\/\"},{\"@type\":\"ListItem\",\"position\":2,\"name\":\"Ba\u015far\u0131lar\u0131m\u0131z\"}]},{\"@type\":\"WebSite\",\"@id\":\"https:\/\/devrirobotik.com\/#website\",\"url\":\"https:\/\/devrirobotik.com\/\",\"name\":\"Devri Robotik\",\"description\":\"\",\"publisher\":{\"@id\":\"https:\/\/devrirobotik.com\/#organization\"},\"potentialAction\":[{\"@type\":\"SearchAction\",\"target\":{\"@type\":\"EntryPoint\",\"urlTemplate\":\"https:\/\/devrirobotik.com\/?s={search_term_string}\"},\"query-input\":{\"@type\":\"PropertyValueSpecification\",\"valueRequired\":true,\"valueName\":\"search_term_string\"}}],\"inLanguage\":\"tr\"},{\"@type\":\"Organization\",\"@id\":\"https:\/\/devrirobotik.com\/#organization\",\"name\":\"Devri Robotik\",\"url\":\"https:\/\/devrirobotik.com\/\",\"logo\":{\"@type\":\"ImageObject\",\"inLanguage\":\"tr\",\"@id\":\"https:\/\/devrirobotik.com\/#\/schema\/logo\/image\/\",\"url\":\"https:\/\/devrirobotik.com\/wp-content\/uploads\/2025\/03\/Adsiz-tasarim-2.png\",\"contentUrl\":\"https:\/\/devrirobotik.com\/wp-content\/uploads\/2025\/03\/Adsiz-tasarim-2.png\",\"width\":500,\"height\":500,\"caption\":\"Devri Robotik\"},\"image\":{\"@id\":\"https:\/\/devrirobotik.com\/#\/schema\/logo\/image\/\"},\"sameAs\":[\"https:\/\/www.facebook.com\/devrirobotik\/\",\"https:\/\/x.com\/DevriRobotik\",\"https:\/\/www.instagram.com\/devrirobotik\/\",\"https:\/\/www.youtube.com\/@devr-irobotik\",\"https:\/\/www.linkedin.com\/company\/devr-i-robotik\/\"]}]}<\/script>\n<!-- \/ Yoast SEO plugin. -->","yoast_head_json":{"title":"Ba\u015far\u0131lar\u0131m\u0131z - Devri Robotik","robots":{"index":"index","follow":"follow","max-snippet":"max-snippet:-1","max-image-preview":"max-image-preview:large","max-video-preview":"max-video-preview:-1"},"canonical":"https:\/\/devrirobotik.com\/index.php\/basarilarimiz\/","og_locale":"tr_TR","og_type":"article","og_title":"Ba\u015far\u0131lar\u0131m\u0131z - Devri Robotik","og_description":"Ba\u015far\u0131lar\u0131m\u0131z &#8211; Belgelerimiz","og_url":"https:\/\/devrirobotik.com\/index.php\/basarilarimiz\/","og_site_name":"Devri Robotik","article_publisher":"https:\/\/www.facebook.com\/devrirobotik\/","article_modified_time":"2025-06-03T21:07:35+00:00","og_image":[{"width":692,"height":986,"url":"https:\/\/devrirobotik.com\/wp-content\/uploads\/2024\/09\/t1.jpeg","type":"image\/jpeg"}],"twitter_card":"summary_large_image","twitter_site":"@DevriRobotik","twitter_misc":{"Tahmini okuma s\u00fcresi":"3 dakika"},"schema":{"@context":"https:\/\/schema.org","@graph":[{"@type":"WebPage","@id":"https:\/\/devrirobotik.com\/index.php\/basarilarimiz\/","url":"https:\/\/devrirobotik.com\/index.php\/basarilarimiz\/","name":"Ba\u015far\u0131lar\u0131m\u0131z - Devri Robotik","isPartOf":{"@id":"https:\/\/devrirobotik.com\/#website"},"primaryImageOfPage":{"@id":"https:\/\/devrirobotik.com\/index.php\/basarilarimiz\/#primaryimage"},"image":{"@id":"https:\/\/devrirobotik.com\/index.php\/basarilarimiz\/#primaryimage"},"thumbnailUrl":"http:\/\/devrirobotik.com\/wp-content\/uploads\/2024\/09\/t1.jpeg","datePublished":"2024-08-08T16:43:33+00:00","dateModified":"2025-06-03T21:07:35+00:00","breadcrumb":{"@id":"https:\/\/devrirobotik.com\/index.php\/basarilarimiz\/#breadcrumb"},"inLanguage":"tr","potentialAction":[{"@type":"ReadAction","target":["https:\/\/devrirobotik.com\/index.php\/basarilarimiz\/"]}]},{"@type":"ImageObject","inLanguage":"tr","@id":"https:\/\/devrirobotik.com\/index.php\/basarilarimiz\/#primaryimage","url":"https:\/\/devrirobotik.com\/wp-content\/uploads\/2024\/09\/t1.jpeg","contentUrl":"https:\/\/devrirobotik.com\/wp-content\/uploads\/2024\/09\/t1.jpeg","width":692,"height":986},{"@type":"BreadcrumbList","@id":"https:\/\/devrirobotik.com\/index.php\/basarilarimiz\/#breadcrumb","itemListElement":[{"@type":"ListItem","position":1,"name":"Anasayfa","item":"https:\/\/devrirobotik.com\/"},{"@type":"ListItem","position":2,"name":"Ba\u015far\u0131lar\u0131m\u0131z"}]},{"@type":"WebSite","@id":"https:\/\/devrirobotik.com\/#website","url":"https:\/\/devrirobotik.com\/","name":"Devri Robotik","description":"","publisher":{"@id":"https:\/\/devrirobotik.com\/#organization"},"potentialAction":[{"@type":"SearchAction","target":{"@type":"EntryPoint","urlTemplate":"https:\/\/devrirobotik.com\/?s={search_term_string}"},"query-input":{"@type":"PropertyValueSpecification","valueRequired":true,"valueName":"search_term_string"}}],"inLanguage":"tr"},{"@type":"Organization","@id":"https:\/\/devrirobotik.com\/#organization","name":"Devri Robotik","url":"https:\/\/devrirobotik.com\/","logo":{"@type":"ImageObject","inLanguage":"tr","@id":"https:\/\/devrirobotik.com\/#\/schema\/logo\/image\/","url":"https:\/\/devrirobotik.com\/wp-content\/uploads\/2025\/03\/Adsiz-tasarim-2.png","contentUrl":"https:\/\/devrirobotik.com\/wp-content\/uploads\/2025\/03\/Adsiz-tasarim-2.png","width":500,"height":500,"caption":"Devri Robotik"},"image":{"@id":"https:\/\/devrirobotik.com\/#\/schema\/logo\/image\/"},"sameAs":["https:\/\/www.facebook.com\/devrirobotik\/","https:\/\/x.com\/DevriRobotik","https:\/\/www.instagram.com\/devrirobotik\/","https:\/\/www.youtube.com\/@devr-irobotik","https:\/\/www.linkedin.com\/company\/devr-i-robotik\/"]}]}},"_links":{"self":[{"href":"https:\/\/devrirobotik.com\/index.php\/wp-json\/wp\/v2\/pages\/784","targetHints":{"allow":["GET"]}}],"collection":[{"href":"https:\/\/devrirobotik.com\/index.php\/wp-json\/wp\/v2\/pages"}],"about":[{"href":"https:\/\/devrirobotik.com\/index.php\/wp-json\/wp\/v2\/types\/page"}],"author":[{"embeddable":true,"href":"https:\/\/devrirobotik.com\/index.php\/wp-json\/wp\/v2\/users\/1"}],"replies":[{"embeddable":true,"href":"https:\/\/devrirobotik.com\/index.php\/wp-json\/wp\/v2\/comments?post=784"}],"version-history":[{"count":73,"href":"https:\/\/devrirobotik.com\/index.php\/wp-json\/wp\/v2\/pages\/784\/revisions"}],"predecessor-version":[{"id":1593,"href":"https:\/\/devrirobotik.com\/index.php\/wp-json\/wp\/v2\/pages\/784\/revisions\/1593"}],"wp:attachment":[{"href":"https:\/\/devrirobotik.com\/index.php\/wp-json\/wp\/v2\/media?parent=784"}],"curies":[{"name":"wp","href":"https:\/\/api.w.org\/{rel}","templated":true}]}}